{"id":1017,"date":"2024-02-23T13:50:03","date_gmt":"2024-02-23T12:50:03","guid":{"rendered":"https:\/\/www.gruptecno.com\/?page_id=1017"},"modified":"2024-02-23T19:24:57","modified_gmt":"2024-02-23T18:24:57","slug":"politica-de-cookies","status":"publish","type":"page","link":"https:\/\/www.gruptecno.com\/ca\/politica-de-cookies\/","title":{"rendered":"Pol\u00edtica de Cookies"},"content":{"rendered":"<p><\/p>\n<h1>Pol\u00edtica de Cookies<\/h1>\n<p>A GRUPTECNO utilitzem les cookies o altres arxius de funcionalitat similar (d&#8217;ara endavant, \u201ccookies\u201d) per saber com utilitzes els nostres serveis i poder millorar-los. GRUPTECNO \u00e9s responsable de les cookies i del tractament de les dades obtingudes a trav\u00e9s d&#8217;aquestes, ja siguin pr\u00f2pies o de tercers, decidint sobre la finalitat, contingut i \u00fas del tractament de la informaci\u00f3 recollida.<\/p>\n<p>L&#8217;objectiu d&#8217;aquesta pol\u00edtica \u00e9s informar-vos de manera clara i detallada de qu\u00e8 \u00e9s una galeta, quina \u00e9s la seva finalitat, quin tipus de cookies utilitzem i com configurar-les o si escau deshabilitar-les.<\/p>\n<p>Una galeta \u00e9s un petit arxiu de text que s&#8217;emmagatzema al vostre navegador quan visita la nostra p\u00e0gina web i que guarda informaci\u00f3 sobre la navegaci\u00f3 que realitza. Algunes galetes resulten essencials per al bon funcionament de les p\u00e0gines web, com \u00e9s el cas de les galetes t\u00e8cniques o de personalitzaci\u00f3 de la interf\u00edcie d&#8217;usuari, encara que altres, com les galetes d&#8217;an\u00e0lisi o les de publicitat comportamental, requereixen que us informem i demanar el seu consentiment per ser utilitzades per part nostra.<\/p>\n<p>A continuaci\u00f3, i amb l&#8217;objectiu que pugui prestar un consentiment plenament informat, us detallem la informaci\u00f3 de en qu\u00e8 consisteix i quina \u00e9s la finalitat de cada tipus de galeta.<\/p>\n<p><strong>TIPUS DE COOKIES<\/strong><\/p>\n<p><u>SEGONS LA FINALITAT<\/u><\/p>\n<ul>\n<li><strong>Cookies t\u00e8cniques i funcionals:<\/strong> s\u00f3n aquelles que permeten a l&#8217;usuari la navegaci\u00f3 a trav\u00e9s d&#8217;una p\u00e0gina web, plataforma o aplicaci\u00f3 i la utilitzaci\u00f3 de les diferents opcions o serveis que hi existeixin.<\/li>\n<li><strong>Cookies anal\u00edtiques:<\/strong> s\u00f3n aquelles que permeten al responsable de les mateixes el seguiment i an\u00e0lisi del comportament dels usuaris dels llocs web als quals estan vinculades. La informaci\u00f3 recollida mitjan\u00e7ant aquest tipus de galetes s&#8217;utilitza en la mesura de l&#8217;activitat dels llocs web, aplicaci\u00f3 o plataforma i per a l&#8217;elaboraci\u00f3 de perfils de navegaci\u00f3 dels usuaris d&#8217;aquests llocs, aplicacions i plataformes, amb la finalitat d&#8217;introduir millores en funci\u00f3 de l&#8217;an\u00e0lisi de les dades d&#8217;\u00fas que fan els usuaris del servei.<\/li>\n<li><strong>Cookies publicit\u00e0ries:<\/strong> s\u00f3n aquelles que permeten la gesti\u00f3, de la forma m\u00e9s efica\u00e7 possible, dels espais publicitaris que, si escau, l&#8217;editor hagi incl\u00f2s en una p\u00e0gina web, aplicaci\u00f3 o plataforma des de la qual presta el servei sol\u00b7licitat basant-se en criteris com el contingut editat o la freq\u00fc\u00e8ncia en la qual es mostren els anuncis.<\/li>\n<li><strong>Cookies de publicitat comportamental:<\/strong> recullen informaci\u00f3 sobre les prefer\u00e8ncies i eleccions personals de l&#8217;usuari (retargeting) per permetre la gesti\u00f3, de la forma m\u00e9s efica\u00e7 possible, dels espais publicitaris que, si escau, l&#8217;editor hagi incl\u00f2s en una p\u00e0gina web, aplicaci\u00f3 o plataforma des de la qual presta el servei sol\u00b7licitat.<\/li>\n<li><strong>Cookies socials:<\/strong> s\u00f3n establertes per les plataformes de xarxes socials en els serveis per permetre-li compartir contingut amb els seus amics i xarxes. Les plataformes de mitjans socials tenen la capacitat de rastrejar la seva activitat en l\u00ednia fora dels Serveis. Aix\u00f2 pot afectar al contingut i els missatges que veu en altres serveis que visita.<\/li>\n<li><strong>Cookies d&#8217;afiliats:<\/strong> permeten fer un seguiment de les visites procedents d&#8217;altres webs, amb les quals el lloc web estableix un contracte d&#8217;afiliaci\u00f3 (empreses d&#8217;afiliaci\u00f3).<\/li>\n<li><strong>Cookies de seguretat:<\/strong> emmagatzemen informaci\u00f3 xifrada per evitar que les dades guardades en elles siguin vulnerables a atacs maliciosos de tercers.<\/li>\n<\/ul>\n<p><u>SEGONS LA PROPIETAT<\/u><\/p>\n<ul>\n<li><strong>Cookies pr\u00f2pies:<\/strong> s\u00f3n les que s&#8217;envien a l&#8217;equip terminal de l&#8217;usuari des d&#8217;un equip o domini gestionat pel mateix editor i des del qual es presta el servei sol\u00b7licitat per l&#8217;usuari.<\/li>\n<li><strong>Galetes de tercers:<\/strong> s\u00f3n aquelles que s&#8217;envien a l&#8217;equip terminal de l&#8217;usuari des d&#8217;un equip o domini que no \u00e9s gestionat per l&#8217;editor, sin\u00f3 per una altra entitat que tracta les dades obtingudes a trav\u00e9s de les galetes.<\/li>\n<\/ul>\n<p><u>SEGONS EL TERMINI DE CONSERVACI\u00d3<\/u><\/p>\n<ul>\n<li><strong>Cookies de sessi\u00f3:<\/strong> s\u00f3n un tipus de cookies dissenyades per demanar i emmagatzemar dades mentre l&#8217;usuari accedeix a una p\u00e0gina web.<\/li>\n<li><strong>Cookies persistents:<\/strong> s\u00f3n un tipus de cookies en qu\u00e8 les dades segueixen emmagatzemades al terminal i poden ser accedides i tractades durant un per\u00edode definit pel responsable de la galeta, i que pot anar d&#8217;uns minuts a diversos anys.<\/li>\n<\/ul>\n<p>&nbsp;<\/p>\n<p><strong>TRACTAMENT DE DADES PERSONALS<\/strong><\/p>\n<p>PAPELES PARA LA ALIMENTACI\u00d3N, S.A. \u00e9s el Responsable del tractament de les dades personals de l&#8217;interessat i us informa que aquestes dades seran tractades de conformitat amb el que disposa el Reglament (UE) 2016\/679, de 27 d&#8217;abril de 2016 (GDPR), per la qual cosa se us facilita la seg\u00fcent informaci\u00f3 del tractament:<\/p>\n<p><strong>Fins del tractament:<\/strong> segons s&#8217;especifica a l&#8217;apartat de galetes que s&#8217;utilitzen en aquest lloc web.<\/p>\n<p><strong>Legitimaci\u00f3 del tractament:<\/strong> per consentiment de linteressat (art. 6.1 GDPR).<\/p>\n<p><strong>Criteris de conservaci\u00f3 de les dades:<\/strong> segons s&#8217;especifica a l&#8217;apartat de cookies utilitzades a la web.<\/p>\n<p><strong>Comunicaci\u00f3 de les dades:<\/strong> no es comunicaran les dades a tercers, excepte en galetes propietat de tercers o per obligaci\u00f3 legal.<\/p>\n<p><strong>Drets que assisteixen a l&#8217;interessat:<\/strong><\/p>\n<p>&#8211; Dret a retirar el consentiment en qualsevol moment.<\/p>\n<p>&#8211; Dret d&#8217;acc\u00e9s, rectificaci\u00f3, portabilitat i supressi\u00f3 de les dades, i de limitaci\u00f3 o oposici\u00f3 al tractament.<\/p>\n<p>&#8211; Dret a presentar una reclamaci\u00f3 davant de l&#8217;Autoritat de control (www.aepd.es) si considera que el tractament no s&#8217;ajusta a la normativa vigent.<\/p>\n<p><strong>Dades de contacte per exercir els seus drets:<\/strong><\/p>\n<p>GRUPTECNO. SANTA CREU DE CALAFELL, 108, SANT BOI DE LLOBREGAT (08830) BARCELONA, ESPANYA. info@gruptecno.com.<\/p>\n<p>&nbsp;<\/p>\n<p><strong>COOKIES UTILITZADES EN AQUEST LLOC WEB<\/strong><\/p>\n<p>PAPELES PARA LA ALIMENTACI\u00d3N, S.A. est\u00e0 utilitzant galetes pr\u00f2pies i de tercers de tipus t\u00e8cniques, personalitzaci\u00f3, an\u00e0lisi, per a les finalitats que a continuaci\u00f3 s&#8217;exposen en la seg\u00fcent declaraci\u00f3 de galetes:<\/p>\n<table class=\"cookielawinfo-row-cat-table cookielawinfo-classic\"><thead><tr><th class=\"cookielawinfo-column-1\">Cookie<\/th><th class=\"cookielawinfo-column-4\">Descripci\u00f3n<\/th><\/tr><\/thead><tbody><tr class=\"cookielawinfo-row\"><td class=\"cookielawinfo-column-1\">_ga<\/td><td class=\"cookielawinfo-column-4\">Google Analytics estableix aquesta cookie per calcular dades de visitants, sessions i campanyes, i fer seguiment de l'\u00fas del lloc per a l'informe anal\u00edtic del mateix. La cookie emmagatzema informaci\u00f3 de forma an\u00f2nima i assigna un n\u00famero generat aleat\u00f2riament per recon\u00e8ixer els visitants \u00fanics.<\/td><\/tr><tr class=\"cookielawinfo-row\"><td class=\"cookielawinfo-column-1\">_gat<\/td><td class=\"cookielawinfo-column-4\">Google Universal Analytics estableix aquesta galeta per restringir la taxa de sol\u00b7licitud i aix\u00ed limitar la recollida de dades en llocs d'alt tr\u00e0nsit.<\/td><\/tr><tr class=\"cookielawinfo-row\"><td class=\"cookielawinfo-column-1\">_gid<\/td><td class=\"cookielawinfo-column-4\">Google Analytics estableix aquesta cookie per emmagatzemar informaci\u00f3 sobre com els visitants utilitzen un lloc web i, al mateix temps, crear un informe anal\u00edtic del rendiment del lloc. Algunes de les dades recopilades inclouen el nombre de visitants, la seva font i les p\u00e0gines que visiten de manera an\u00f2nima.<\/td><\/tr><tr class=\"cookielawinfo-row\"><td class=\"cookielawinfo-column-1\">cookielawinfo-checkbox-advertisement<\/td><td class=\"cookielawinfo-column-4\">Establert pel plugin de Consentiment de Cookies del GDPR, aquesta cookie registra el consentiment de l'usuari per a les cookies en la categoria \"Publicitat\".<\/td><\/tr><tr class=\"cookielawinfo-row\"><td class=\"cookielawinfo-column-1\">cookielawinfo-checkbox-analytics<\/td><td class=\"cookielawinfo-column-4\">Establecido por el plugin de Consentimiento de Cookies del GDPR, esta cookie registra el consentimiento del usuario para las cookies en la categor\u00eda \"Anal\u00edticas\".<\/td><\/tr><tr class=\"cookielawinfo-row\"><td class=\"cookielawinfo-column-1\">cookielawinfo-checkbox-functional<\/td><td class=\"cookielawinfo-column-4\">El plugin de Consentiment de Cookies del GDPR estableix la cookie per a registrar el consentiment de l'usuari per a les cookies en la categoria \"Funcional\".<\/td><\/tr><tr class=\"cookielawinfo-row\"><td class=\"cookielawinfo-column-1\">cookielawinfo-checkbox-necessary<\/td><td class=\"cookielawinfo-column-4\">Establerta pel plugin de Consentiment de Cookies del GDPR, aquesta cookie registra el consentiment de l'usuari per a les cookies en la categoria \"Necess\u00e0ries\".<\/td><\/tr><tr class=\"cookielawinfo-row\"><td class=\"cookielawinfo-column-1\">cookielawinfo-checkbox-others<\/td><td class=\"cookielawinfo-column-4\">Establert pel plugin de Consentiment de Cookies GDPR, aquesta cookie emmagatzema el consentiment de l'usuari per a cookies en la categoria \"Altres\".<\/td><\/tr><tr class=\"cookielawinfo-row\"><td class=\"cookielawinfo-column-1\">cookielawinfo-checkbox-performance<\/td><td class=\"cookielawinfo-column-4\">Establert pel plugin de Consentiment de Cookies del GDPR, aquesta cookie emmagatzema el consentiment de l'usuari per a les cookies en la categoria \"Rendiment\".<\/td><\/tr><tr class=\"cookielawinfo-row\"><td class=\"cookielawinfo-column-1\">CookieLawInfoConsent<\/td><td class=\"cookielawinfo-column-4\">CookieYes estableix aquesta cookie per registrar l'estat del bot\u00f3 per defecte de la categoria corresponent i l'estat del CCPA. Funciona nom\u00e9s en coordinaci\u00f3 amb la cookie principal.<\/td><\/tr><tr class=\"cookielawinfo-row\"><td class=\"cookielawinfo-column-1\">qtrans_front_language<\/td><td class=\"cookielawinfo-column-4\">Aquesta cookie \u00e9s establerta pel plugin qTranslate de WordPress. La cookie s'utilitza per gestionar l'idioma preferit del visitant.<\/td><\/tr><tr class=\"cookielawinfo-row\"><td class=\"cookielawinfo-column-1\">VISITOR_INFO1_LIVE<\/td><td class=\"cookielawinfo-column-4\">YouTube estableix aquesta cookie per mesurar l'amplada de banda, determinat si l'usuari rep la nova o l'antiga interf\u00edcie del reproductor.<\/td><\/tr><tr class=\"cookielawinfo-row\"><td class=\"cookielawinfo-column-1\">VISITOR_PRIVACY_METADATA<\/td><td class=\"cookielawinfo-column-4\">YouTube estableix aquesta cookie per emmagatzemar l'estat de consentiment de cookies de l'usuari per al domini actual.<\/td><\/tr><tr class=\"cookielawinfo-row\"><td class=\"cookielawinfo-column-1\">YSC<\/td><td class=\"cookielawinfo-column-4\">YouTube estableix aquesta cookie per fer seguiment de les visualitzacions de v\u00eddeos incrustats en p\u00e0gines de YouTube.<\/td><\/tr><\/tbody><\/table>\n<p>&nbsp;<\/p>\n<p>Per a les galetes d&#8217;an\u00e0lisi necessitem el seu consentiment, que podrem obtenir si premeu el bot\u00f3 &#8220;Accepto&#8221; en el missatge d&#8217;informaci\u00f3 que es mostra en accedir a la nostra p\u00e0gina web.<\/p>\n<p>Si desactiva les galetes, podr\u00e0 seguir accedint a la web, per\u00f2 pot ser que la navegaci\u00f3 per aquesta no sigui \u00f2ptima i algun dels serveis oferts no funcionin correctament.<\/p>\n<p>Si en un futur GRUPTECNO arrib\u00e9s a utilitzar tipus de galetes diferents a les contemplades en aquesta Pol\u00edtica de Galetes per prestar nous serveis o fos necessari adaptar-la a noves exig\u00e8ncies legislatives, us ho notificarem.<\/p>\n<p>Pot permetre, bloquejar o eliminar les galetes instal\u00b7lades en el seu dispositiu a trav\u00e9s del men\u00fa de configuraci\u00f3 del seu navegador d&#8217;internet, podent configurar-lo perqu\u00e8 bloquegi les galetes o alerti a l&#8217;usuari quan un servidor vulgui guardar-la. Els seg\u00fcents enlla\u00e7os proporcionen informaci\u00f3 en relaci\u00f3 amb com configurar i\/o desactivar les galetes per a cadascun dels principals navegadors del mercat a fi que l&#8217;usuari pugui decidir si accepta o no l&#8217;\u00fas de galetes.<\/p>\n<p>&#8211; Microsoft Internet Explorer: men\u00fa Eines &gt; Opcions d&#8217;Internet &gt; Privadesa &gt; Configuraci\u00f3.<\/p>\n<p>&#8211; Firefox: men\u00fa Eines &gt; Opcions &gt; Privadesa &gt; Cookies.<\/p>\n<p>&#8211; Chrome: men\u00fa Opcions &gt; Opcions avan\u00e7ades &gt; Privadesa.<\/p>\n<p>&#8211; Safari: men\u00fa Prefer\u00e8ncies\/Privadesa.<\/p>\n<p>&#8211; Safari per a IOS (iPhone i iPad): Opci\u00f3 Ajustaments &gt; Safari<\/p>\n<p>&#8211; Chrome per a Android: Configuraci\u00f3 &gt; Configuraci\u00f3 de llocs web &gt; Cookies<\/p>","protected":false},"excerpt":{"rendered":"<p>Pol\u00edtica de Cookies A GRUPTECNO utilitzem les cookies o altres arxius de funcionalitat similar (d&#8217;ara&#8230;<\/p>\n","protected":false},"author":1,"featured_media":0,"parent":0,"menu_order":0,"comment_status":"closed","ping_status":"closed","template":"","meta":{"footnotes":""},"yoast_head":"<!-- This site is optimized with the Yoast SEO plugin v14.2 - https:\/\/yoast.com\/wordpress\/plugins\/seo\/ -->\n<meta name=\"robots\" content=\"index, follow\" \/>\n<meta name=\"googlebot\" content=\"index, follow, max-snippet:-1, max-image-preview:large, max-video-preview:-1\" \/>\n<meta name=\"bingbot\" content=\"index, follow, max-snippet:-1, max-image-preview:large, max-video-preview:-1\" \/>\n<link rel=\"canonical\" href=\"https:\/\/www.gruptecno.com\/ca\/politica-de-cookies\/\" \/>\n<meta property=\"og:locale\" content=\"ca_ES\" \/>\n<meta property=\"og:type\" content=\"article\" \/>\n<meta property=\"og:title\" content=\"Pol\u00edtica de Cookies - gruptecno.com\" \/>\n<meta property=\"og:description\" content=\"Pol\u00edtica de Cookies A GRUPTECNO utilitzem les cookies o altres arxius de funcionalitat similar (d&#8217;ara...\" \/>\n<meta property=\"og:url\" content=\"https:\/\/www.gruptecno.com\/ca\/politica-de-cookies\/\" \/>\n<meta property=\"og:site_name\" content=\"gruptecno.com\" \/>\n<meta property=\"article:modified_time\" content=\"2024-02-23T18:24:57+00:00\" \/>\n<meta name=\"twitter:card\" content=\"summary_large_image\" \/>\n<script type=\"application\/ld+json\" class=\"yoast-schema-graph\">{\"@context\":\"https:\/\/schema.org\",\"@graph\":[{\"@type\":\"WebSite\",\"@id\":\"https:\/\/www.gruptecno.com\/ca\/#website\",\"url\":\"https:\/\/www.gruptecno.com\/ca\/\",\"name\":\"gruptecno.com\",\"description\":\"Producci\\u00f3 de paper per al sector de l\\u2019alimentaci\\u00f3.\",\"potentialAction\":[{\"@type\":\"SearchAction\",\"target\":\"https:\/\/www.gruptecno.com\/ca\/?s={search_term_string}\",\"query-input\":\"required name=search_term_string\"}],\"inLanguage\":\"ca\"},{\"@type\":\"WebPage\",\"@id\":\"https:\/\/www.gruptecno.com\/ca\/politica-de-cookies\/#webpage\",\"url\":\"https:\/\/www.gruptecno.com\/ca\/politica-de-cookies\/\",\"name\":\"Pol\\u00edtica de Cookies - gruptecno.com\",\"isPartOf\":{\"@id\":\"https:\/\/www.gruptecno.com\/ca\/#website\"},\"datePublished\":\"2024-02-23T12:50:03+00:00\",\"dateModified\":\"2024-02-23T18:24:57+00:00\",\"inLanguage\":\"ca\",\"potentialAction\":[{\"@type\":\"ReadAction\",\"target\":[[\"https:\/\/www.gruptecno.com\/ca\/politica-de-cookies\/\"]]}]}]}<\/script>\n<!-- \/ Yoast SEO plugin. -->","_links":{"self":[{"href":"https:\/\/www.gruptecno.com\/ca\/wp-json\/wp\/v2\/pages\/1017"}],"collection":[{"href":"https:\/\/www.gruptecno.com\/ca\/wp-json\/wp\/v2\/pages"}],"about":[{"href":"https:\/\/www.gruptecno.com\/ca\/wp-json\/wp\/v2\/types\/page"}],"author":[{"embeddable":true,"href":"https:\/\/www.gruptecno.com\/ca\/wp-json\/wp\/v2\/users\/1"}],"replies":[{"embeddable":true,"href":"https:\/\/www.gruptecno.com\/ca\/wp-json\/wp\/v2\/comments?post=1017"}],"version-history":[{"count":7,"href":"https:\/\/www.gruptecno.com\/ca\/wp-json\/wp\/v2\/pages\/1017\/revisions"}],"predecessor-version":[{"id":1045,"href":"https:\/\/www.gruptecno.com\/ca\/wp-json\/wp\/v2\/pages\/1017\/revisions\/1045"}],"wp:attachment":[{"href":"https:\/\/www.gruptecno.com\/ca\/wp-json\/wp\/v2\/media?parent=1017"}],"curies":[{"name":"wp","href":"https:\/\/api.w.org\/{rel}","templated":true}]}}