{"id":2,"date":"2017-03-01T09:28:08","date_gmt":"2017-03-01T08:28:08","guid":{"rendered":"http:\/\/&#038;&#038;&#038;RUTAWEB&#038;&#038;&#038;?page_id=2"},"modified":"2018-08-31T11:14:47","modified_gmt":"2018-08-31T10:14:47","slug":"inicio","status":"publish","type":"page","link":"https:\/\/www.gruptecno.com\/ca\/","title":{"rendered":"Inici"},"content":{"rendered":"<p><div class=\"row\"><div id=\"aq-block-857-1\" class=\"aq-block aq-block-aq_page_header_block col-sm-12 aq-first aq-last \">\n<header class=\"page-header ebor-pad-me\">\n\n\t<div class=\"background-image-holder parallax-background\">\n\t\t<img loading=\"lazy\" decoding=\"async\" width=\"2000\" height=\"1330\" src=\"https:\/\/www.gruptecno.com\/wp-content\/uploads\/2018\/03\/DSC_1635.jpg\" class=\"background-image\" alt=\"\" srcset=\"https:\/\/www.gruptecno.com\/wp-content\/uploads\/2018\/03\/DSC_1635.jpg 2000w, https:\/\/www.gruptecno.com\/wp-content\/uploads\/2018\/03\/DSC_1635-300x200.jpg 300w, https:\/\/www.gruptecno.com\/wp-content\/uploads\/2018\/03\/DSC_1635-768x511.jpg 768w, https:\/\/www.gruptecno.com\/wp-content\/uploads\/2018\/03\/DSC_1635-1024x681.jpg 1024w, https:\/\/www.gruptecno.com\/wp-content\/uploads\/2018\/03\/DSC_1635-600x400.jpg 600w\" sizes=\"(max-width: 2000px) 100vw, 2000px\" \/>\t<\/div>\n\t\n\t<div class=\"container\">\n\t\t<div class=\"row\">\n\t\t\t<div class=\"col-sm-12 text-center\">\n\t\t\t\t<span class=\"text-white alt-font\">TECNO<\/span><h1 class=\"text-white space-bottom-medium\">Produ\u00efm qualsevol tipus de paper alimentari adaptant-nos a les necessitats i particularitats dels nostres clients.<\/h1><p class=\"lead text-white\">Vols saber-ne m\u00e9s? <\/p><a href=\"https:\/\/www.gruptecno.com\/ca\/contacte\/\" class=\"btn btn-primary btn-white\" target=\"_self\">Contacta<\/a><a href=\"https:\/\/www.gruptecno.com\/ca\/serveis\/\" class=\"btn btn-primary btn-filled\" target=\"_self\">Serveis<\/a>\t\t\t<\/div>\n\t\t<\/div>\n\t<\/div>\n\t\n<\/header>\n\n<\/div><a href=\"#\" id=\"the-page-section-title\" class=\"in-page-link\"><\/a><section class=\"aq-block bg-secondary-1\"><div class=\"container\"><div class=\"row\"><div id=\"aq-block-857-3\" class=\"aq-block aq-block-aq_ebor_text_block col-sm-12 aq-first aq-last \"><div class=\"feature\"><h1>TECNO compta amb el segell de qualitat OK COMPOST HOME i INDUSTRIAL<\/h1>\n<\/div><\/div><div id=\"aq-block-857-4\" class=\"aq-block aq-block-aq_image_block col-sm-6 aq-first \">\t\t\n\t\t<div class=\"text-center\">\n\t\t\n\t\t\t\t\t\t\t<a href=\"https:\/\/www.gruptecno.com\/wp-content\/uploads\/2023\/02\/OK-COMPOST-HOME.pdf\">\n\t\t\t\t\t\t\n\t\t\t\t\t<img decoding=\"async\" src=\"https:\/\/www.gruptecno.com\/wp-content\/uploads\/2023\/02\/TA-OKH.png\" alt=\"aq_block_4\" \/>\n\t\t\t\n\t\t\t\t\t\t\t<\/a>\n\t\t\t\t\t\n\t\t<\/div>\n\t\t\n\t<\/div><div id=\"aq-block-857-5\" class=\"aq-block aq-block-aq_image_block col-sm-6  aq-last \">\t\t\n\t\t<div class=\"text-center\">\n\t\t\n\t\t\t\t\t\t\t<a href=\"https:\/\/www.gruptecno.com\/wp-content\/uploads\/2023\/02\/TA8012004219_ES_Ed20210309.pdf\">\n\t\t\t\t\t\t\n\t\t\t\t\t<img decoding=\"async\" src=\"https:\/\/www.gruptecno.com\/wp-content\/uploads\/2020\/03\/ok-compost-200x100.png\" alt=\"aq_block_5\" \/>\n\t\t\t\n\t\t\t\t\t\t\t<\/a>\n\t\t\t\t\t\n\t\t<\/div>\n\t\t\n\t<\/div><\/div><\/div><\/section><a href=\"#\" id=\"details\" class=\"in-page-link\"><\/a><section class=\"aq-block dark-wrapper\"><div class=\"container\"><div class=\"row\"><div id=\"aq-block-857-7\" class=\"aq-block aq-block-aq_section_title_block col-sm-12 aq-first aq-last \"><div class=\"\"><h1 class=\"\">El Grup Tecno compta amb m\u00e9s de 35 anys d\u2019experi\u00e8ncia<\/h1><\/div><div class=\"lead  \"><p>Integrat per diverses empreses industrials i comercials, en el Grup Tecno centrem la nostra activitat empresarial en la producci\u00f3 de paper per al sector de l\u2019alimentaci\u00f3.<\/p>\n<\/div><\/div><div id=\"aq-block-857-8\" class=\"aq-block aq-block-aq_spacer_block col-sm-12 aq-first aq-last \">\t\t\n\t\t<div style=\"clear: both; width: 100%; height: 30px;\"><\/div>\n\t\n\t<\/div><div id=\"aq-block-857-9\" class=\"aq-block aq-block-aq_ebor_text_block col-sm-6 aq-first \"><div class=\"feature feature-icon-left\"><div class=\"icon-holder\"><i class=\"icon icon-briefcase\"><\/i><\/div><div class=\"feature-text\"><h6>50 professionals<\/h6><p>Contem amb un equip hum\u00e0 format per m\u00e9s de 50 professionals amb experi\u00e8ncia en el sector.<\/p>\n<\/div><\/div><\/div><div id=\"aq-block-857-10\" class=\"aq-block aq-block-aq_ebor_text_block col-sm-6  aq-last \"><div class=\"feature feature-icon-left\"><div class=\"icon-holder\"><i class=\"icon icon-tablet\"><\/i><\/div><div class=\"feature-text\"><h6>\u00daltima tecnologia<\/h6><p>Ens hem dotat dels \u00faltims aven\u00e7os tecnol\u00f2gics per a la producci\u00f3 dels diferents tipus de papers.<\/p>\n<\/div><\/div><\/div><div id=\"aq-block-857-11\" class=\"aq-block aq-block-aq_ebor_text_block col-sm-6 aq-first \"><div class=\"feature feature-icon-left\"><div class=\"icon-holder\"><i class=\"icon icon-edit\"><\/i><\/div><div class=\"feature-text\"><h6>12.000 metres quadrats<\/h6><p>Disposem d\u2019unes instal\u00b7lacions productives de m\u00e9s de 12.000 m2 des de les que arribem a tot el mercat nacional i internacional.<\/p>\n<\/div><\/div><\/div><div id=\"aq-block-857-12\" class=\"aq-block aq-block-aq_ebor_text_block col-sm-6  aq-last \"><div class=\"feature feature-icon-left\"><div class=\"icon-holder\"><i class=\"icon icon-search\"><\/i><\/div><div class=\"feature-text\"><h6>Qualitat de producte<\/h6><p>Ens comprometem a buscar sempre i apostar per la qualitat i el bon servei amb preus altament competitius.<\/p>\n<\/div><\/div><\/div><\/div><\/div><\/section><a href=\"#\" id=\"video\" class=\"in-page-link\"><\/a><section class=\"aq-block light-wrapper\"><div class=\"container\"><div class=\"row\"><div id=\"aq-block-857-14\" class=\"aq-block aq-block-aq_section_title_block col-sm-6 aq-first \"><div class=\"\"><h1 class=\"\">Tenim un ferm comprom\u00eds amb el medi ambient, produint papers parafinats amb parafina vegetal d\u2019una o dues cares.<\/h1><\/div><div class=\"lead  \"><p>Aquest tipus de papers han nascut en els \u00faltims temps responent a la preocupaci\u00f3 en el sector alimentari per respectar al m\u00e0xim el medi ambient.<\/p>\n<\/div><\/div><div id=\"aq-block-857-15\" class=\"aq-block aq-block-aq_image_block col-sm-6  aq-last \">\t\t\n\t\t<div class=\"text-center\">\n\t\t\n\t\t\t\t\t\t\n\t\t\t\t\t<img decoding=\"async\" src=\"https:\/\/www.gruptecno.com\/wp-content\/uploads\/2018\/03\/DSC_4594.jpg\" alt=\"aq_block_15\" \/>\n\t\t\t\n\t\t\t\t\t\n\t\t<\/div>\n\t\t\n\t<\/div><\/div><\/div><\/section><\/div><\/p>","protected":false},"excerpt":{"rendered":"TECNOProdu\u00efm qualsevol tipus de paper alimentari adaptant-nos a les necessitats i particularitats dels nostres clients.Vols...","protected":false},"author":1,"featured_media":0,"parent":0,"menu_order":0,"comment_status":"closed","ping_status":"closed","template":"","meta":{"footnotes":""},"yoast_head":"<!-- This site is optimized with the Yoast SEO plugin v14.2 - https:\/\/yoast.com\/wordpress\/plugins\/seo\/ -->\n<meta name=\"robots\" content=\"index, follow\" \/>\n<meta name=\"googlebot\" content=\"index, follow, max-snippet:-1, max-image-preview:large, max-video-preview:-1\" \/>\n<meta name=\"bingbot\" content=\"index, follow, max-snippet:-1, max-image-preview:large, max-video-preview:-1\" \/>\n<link rel=\"canonical\" href=\"https:\/\/www.gruptecno.com\/ca\/\" \/>\n<meta property=\"og:locale\" content=\"ca_ES\" \/>\n<meta property=\"og:type\" content=\"article\" \/>\n<meta property=\"og:title\" content=\"Inici - gruptecno.com\" \/>\n<meta property=\"og:url\" content=\"https:\/\/www.gruptecno.com\/ca\/\" \/>\n<meta property=\"og:site_name\" content=\"gruptecno.com\" \/>\n<meta property=\"article:modified_time\" content=\"2018-08-31T10:14:47+00:00\" \/>\n<meta name=\"twitter:card\" content=\"summary_large_image\" \/>\n<script type=\"application\/ld+json\" class=\"yoast-schema-graph\">{\"@context\":\"https:\/\/schema.org\",\"@graph\":[{\"@type\":\"WebSite\",\"@id\":\"https:\/\/www.gruptecno.com\/ca\/#website\",\"url\":\"https:\/\/www.gruptecno.com\/ca\/\",\"name\":\"gruptecno.com\",\"description\":\"Producci\\u00f3 de paper per al sector de l\\u2019alimentaci\\u00f3.\",\"potentialAction\":[{\"@type\":\"SearchAction\",\"target\":\"https:\/\/www.gruptecno.com\/ca\/?s={search_term_string}\",\"query-input\":\"required name=search_term_string\"}],\"inLanguage\":\"ca\"},{\"@type\":\"WebPage\",\"@id\":\"https:\/\/www.gruptecno.com\/ca\/#webpage\",\"url\":\"https:\/\/www.gruptecno.com\/ca\/\",\"name\":\"Inici - gruptecno.com\",\"isPartOf\":{\"@id\":\"https:\/\/www.gruptecno.com\/ca\/#website\"},\"datePublished\":\"2017-03-01T08:28:08+00:00\",\"dateModified\":\"2018-08-31T10:14:47+00:00\",\"inLanguage\":\"ca\",\"potentialAction\":[{\"@type\":\"ReadAction\",\"target\":[[\"https:\/\/www.gruptecno.com\/ca\/\"]]}]}]}<\/script>\n<!-- \/ Yoast SEO plugin. -->","_links":{"self":[{"href":"https:\/\/www.gruptecno.com\/ca\/wp-json\/wp\/v2\/pages\/2"}],"collection":[{"href":"https:\/\/www.gruptecno.com\/ca\/wp-json\/wp\/v2\/pages"}],"about":[{"href":"https:\/\/www.gruptecno.com\/ca\/wp-json\/wp\/v2\/types\/page"}],"author":[{"embeddable":true,"href":"https:\/\/www.gruptecno.com\/ca\/wp-json\/wp\/v2\/users\/1"}],"replies":[{"embeddable":true,"href":"https:\/\/www.gruptecno.com\/ca\/wp-json\/wp\/v2\/comments?post=2"}],"version-history":[{"count":8,"href":"https:\/\/www.gruptecno.com\/ca\/wp-json\/wp\/v2\/pages\/2\/revisions"}],"predecessor-version":[{"id":914,"href":"https:\/\/www.gruptecno.com\/ca\/wp-json\/wp\/v2\/pages\/2\/revisions\/914"}],"wp:attachment":[{"href":"https:\/\/www.gruptecno.com\/ca\/wp-json\/wp\/v2\/media?parent=2"}],"curies":[{"name":"wp","href":"https:\/\/api.w.org\/{rel}","templated":true}]}}