{"id":82,"date":"2018-03-01T18:53:45","date_gmt":"2018-03-01T17:53:45","guid":{"rendered":"http:\/\/www.gruptecno.com\/es\/?page_id=82"},"modified":"2018-08-31T11:21:32","modified_gmt":"2018-08-31T10:21:32","slug":"quienes-somos","status":"publish","type":"page","link":"https:\/\/www.gruptecno.com\/ca\/quienes-somos\/","title":{"rendered":"Quim som"},"content":{"rendered":"<p><div class=\"row\"><div id=\"aq-block-859-1\" class=\"aq-block aq-block-aq_page_header_block col-sm-12 aq-first aq-last \">\n<header class=\"header-icons overlay ebor-pad-me\">\n\n\t<div class=\"background-image-holder parallax-background\">\n\t\t<img loading=\"lazy\" decoding=\"async\" width=\"2000\" height=\"1335\" src=\"https:\/\/www.gruptecno.com\/wp-content\/uploads\/2018\/03\/DSC_1773.jpg\" class=\"background-image\" alt=\"\" srcset=\"https:\/\/www.gruptecno.com\/wp-content\/uploads\/2018\/03\/DSC_1773.jpg 2000w, https:\/\/www.gruptecno.com\/wp-content\/uploads\/2018\/03\/DSC_1773-300x200.jpg 300w, https:\/\/www.gruptecno.com\/wp-content\/uploads\/2018\/03\/DSC_1773-768x513.jpg 768w, https:\/\/www.gruptecno.com\/wp-content\/uploads\/2018\/03\/DSC_1773-1024x684.jpg 1024w, https:\/\/www.gruptecno.com\/wp-content\/uploads\/2018\/03\/DSC_1773-600x400.jpg 600w\" sizes=\"(max-width: 2000px) 100vw, 2000px\" \/>\t<\/div>\n\t\n\t<div class=\"container\">\n\t\t<div class=\"row\">\n\t\t\t<div class=\"col-sm-12\">\n\t\t\t\t<h1 class=\"text-white\">Qui som<\/h1><p class=\"lead text-white\">Fundada al 1982 a partir de l\u2019experi\u00e8ncia anterior dels seus creadors, contem amb un equip hum\u00e0 constitu\u00eft per uns 50 professionals i disposem d\u2019unes instal\u00b7lacions productives de 12.000 metres quadrats, des de les que abastim no nom\u00e9s al mercat espanyol, sin\u00f3 tamb\u00e9 a mercats tan exigents com els de Fran\u00e7a, It\u00e0lia i Portugal.<\/p>\t\t\t<\/div>\n\t\t<\/div>\n\t\t\n\t\t<div class=\"row\">\n\t\t\t\t\t<\/div>\n\n\t<\/div>\t\n\t\n<\/header>\n\n<\/div><a href=\"#\" id=\"filosofa\" class=\"in-page-link\"><\/a><section class=\"aq-block light-wrapper\"><div class=\"container\"><div class=\"row\"><div id=\"aq-block-859-3\" class=\"aq-block aq-block-aq_section_title_block col-sm-12 aq-first aq-last \"><div class=\"text-center\"><h1 class=\"\">Filosofia<\/h1><\/div><\/div><div id=\"aq-block-859-4\" class=\"aq-block aq-block-aq_ebor_text_block col-sm-6 aq-first \"><div class=\"feature\"><div class=\"lead\"><p>La filosofia de treball del G.Tecno es basa en oferir als seus clients una perfecta conjugaci\u00f3 entre qualitat i servei. Disposem de capacitat log\u00edstica, humana i tecnol\u00f2gica, no nom\u00e9s<\/p>\n<\/div><\/div><\/div><div id=\"aq-block-859-5\" class=\"aq-block aq-block-aq_ebor_text_block col-sm-6  aq-last \"><div class=\"feature\"><div class=\"lead\"><p>per a produir pr\u00e0cticament qualsevol tipus de paper alimentari, sin\u00f3 tamb\u00e9 per adaptar-nos als usos i costums de qualsevol zona geogr\u00e0fica.<\/p>\n<\/div><\/div><\/div><\/div><\/div><\/section><a href=\"#\" id=\"tecnologa\" class=\"in-page-link\"><\/a><section class=\"aq-block dark-wrapper\"><div class=\"container\"><div class=\"row\"><div id=\"aq-block-859-7\" class=\"aq-block aq-block-aq_section_title_block col-sm-12 aq-first aq-last \"><div class=\"text-center\"><h1 class=\"\">Tecnologia<\/h1><\/div><\/div><div id=\"aq-block-859-8\" class=\"aq-block aq-block-aq_ebor_text_block col-sm-6 aq-first \"><div class=\"feature\"><p>Per a la producci\u00f3 dels nostres diferents tipus de paper ens hem dotat dels \u00faltims aven\u00e7os tecnol\u00f2gics, que es tradueixen en m\u00e0quines m\u00e9s potents, r\u00e0pides i precises que milloren la productivitat i, en conseq\u00fc\u00e8ncia, augmenten la competitivitat de la companyia.<\/p>\n<p>A m\u00e9s, G.Tecno no nom\u00e9s es limita a la comercialitzaci\u00f3 de paper, sin\u00f3 que ofereix als seus clients la possibilitat de personalitzar-lo amb la seva pr\u00f2pia impressi\u00f3.<\/p>\n<\/div><\/div><div id=\"aq-block-859-9\" class=\"aq-block aq-block-aq_ebor_text_block col-sm-6  aq-last \"><div class=\"feature\"><p>Tenim tot tipus de clients, des de distribu\u00efdors de paper, que posteriorment l\u2019ofereixen als punts de venda (molts d\u2019ells compren el paper en bobines per a imprimir-lo directament en les seves instal\u00b7lacions, mentre que altres prefereixen que siguem nosaltres els que ens ocupem d\u2019aquesta tasca de personalitzaci\u00f3), a clients directes i gran distribuci\u00f3.<\/p>\n<\/div><\/div><\/div><\/div><\/section><a href=\"#\" id=\"foto\" class=\"in-page-link\"><\/a><section class=\"aq-block image-divider overlay\">\n\t\t\t\t\t      <div class=\"background-image-holder parallax-background\">\n\t\t\t\t\t          <img decoding=\"async\" class=\"background-image\" alt=\"Background Image\" src=\"https:\/\/www.gruptecno.com\/wp-content\/uploads\/2018\/08\/Quienes-somos-Tecno-sa.jpg\">\n\t\t\t\t\t      <\/div>\n\t\t\t\t\t      \n\t\t\t\t\t      <div class=\"container\">\n\t\t\t\t\t          <div class=\"row\"><div id=\"aq-block-859-11\" class=\"aq-block aq-block-aq_spacer_block col-sm-12 aq-first aq-last \">\t\t\n\t\t<div style=\"clear: both; width: 100%; height: 200px;\"><\/div>\n\t\n\t<\/div><\/div><\/div><\/section><\/div><\/p>","protected":false},"excerpt":{"rendered":"Qui somFundada al 1982 a partir de l\u2019experi\u00e8ncia anterior dels seus creadors, contem amb un...","protected":false},"author":1,"featured_media":0,"parent":0,"menu_order":0,"comment_status":"closed","ping_status":"closed","template":"","meta":{"footnotes":""},"yoast_head":"<!-- This site is optimized with the Yoast SEO plugin v14.2 - https:\/\/yoast.com\/wordpress\/plugins\/seo\/ -->\n<meta name=\"robots\" content=\"index, follow\" \/>\n<meta name=\"googlebot\" content=\"index, follow, max-snippet:-1, max-image-preview:large, max-video-preview:-1\" \/>\n<meta name=\"bingbot\" content=\"index, follow, max-snippet:-1, max-image-preview:large, max-video-preview:-1\" \/>\n<link rel=\"canonical\" href=\"https:\/\/www.gruptecno.com\/ca\/about-us\/\" \/>\n<meta property=\"og:locale\" content=\"ca_ES\" \/>\n<meta property=\"og:type\" content=\"article\" \/>\n<meta property=\"og:title\" content=\"Quim som - gruptecno.com\" \/>\n<meta property=\"og:url\" content=\"https:\/\/www.gruptecno.com\/ca\/about-us\/\" \/>\n<meta property=\"og:site_name\" content=\"gruptecno.com\" \/>\n<meta property=\"article:modified_time\" content=\"2018-08-31T10:21:32+00:00\" \/>\n<meta name=\"twitter:card\" content=\"summary_large_image\" \/>\n<script type=\"application\/ld+json\" class=\"yoast-schema-graph\">{\"@context\":\"https:\/\/schema.org\",\"@graph\":[{\"@type\":\"WebSite\",\"@id\":\"https:\/\/www.gruptecno.com\/ca\/#website\",\"url\":\"https:\/\/www.gruptecno.com\/ca\/\",\"name\":\"gruptecno.com\",\"description\":\"Producci\\u00f3 de paper per al sector de l\\u2019alimentaci\\u00f3.\",\"potentialAction\":[{\"@type\":\"SearchAction\",\"target\":\"https:\/\/www.gruptecno.com\/ca\/?s={search_term_string}\",\"query-input\":\"required name=search_term_string\"}],\"inLanguage\":\"ca\"},{\"@type\":\"WebPage\",\"@id\":\"https:\/\/www.gruptecno.com\/ca\/about-us\/#webpage\",\"url\":\"https:\/\/www.gruptecno.com\/ca\/about-us\/\",\"name\":\"Quim som - gruptecno.com\",\"isPartOf\":{\"@id\":\"https:\/\/www.gruptecno.com\/ca\/#website\"},\"datePublished\":\"2018-03-01T17:53:45+00:00\",\"dateModified\":\"2018-08-31T10:21:32+00:00\",\"inLanguage\":\"ca\",\"potentialAction\":[{\"@type\":\"ReadAction\",\"target\":[[\"https:\/\/www.gruptecno.com\/ca\/about-us\/\"]]}]}]}<\/script>\n<!-- \/ Yoast SEO plugin. -->","_links":{"self":[{"href":"https:\/\/www.gruptecno.com\/ca\/wp-json\/wp\/v2\/pages\/82"}],"collection":[{"href":"https:\/\/www.gruptecno.com\/ca\/wp-json\/wp\/v2\/pages"}],"about":[{"href":"https:\/\/www.gruptecno.com\/ca\/wp-json\/wp\/v2\/types\/page"}],"author":[{"embeddable":true,"href":"https:\/\/www.gruptecno.com\/ca\/wp-json\/wp\/v2\/users\/1"}],"replies":[{"embeddable":true,"href":"https:\/\/www.gruptecno.com\/ca\/wp-json\/wp\/v2\/comments?post=82"}],"version-history":[{"count":9,"href":"https:\/\/www.gruptecno.com\/ca\/wp-json\/wp\/v2\/pages\/82\/revisions"}],"predecessor-version":[{"id":916,"href":"https:\/\/www.gruptecno.com\/ca\/wp-json\/wp\/v2\/pages\/82\/revisions\/916"}],"wp:attachment":[{"href":"https:\/\/www.gruptecno.com\/ca\/wp-json\/wp\/v2\/media?parent=82"}],"curies":[{"name":"wp","href":"https:\/\/api.w.org\/{rel}","templated":true}]}}