{"id":834,"date":"2018-06-02T16:21:29","date_gmt":"2018-06-02T15:21:29","guid":{"rendered":"http:\/\/www.gruptecno.com\/?page_id=834"},"modified":"2018-08-28T11:43:30","modified_gmt":"2018-08-28T10:43:30","slug":"trabaja-con-nosotros","status":"publish","type":"page","link":"https:\/\/www.gruptecno.com\/ca\/trabaja-con-nosotros\/","title":{"rendered":"Treballa amb nosaltres"},"content":{"rendered":"<p><div class=\"row\"><a href=\"#\" id=\"details\" class=\"in-page-link\"><\/a><section class=\"aq-block light-wrapper\"><div class=\"container\"><div class=\"row\"><div id=\"aq-block-869-2\" class=\"aq-block aq-block-aq_section_title_block col-sm-12 aq-first aq-last \"><div class=\"text-center\"><h1 class=\"\">Treballa amb nosaltres<\/h1><\/div><\/div><div id=\"aq-block-869-3\" class=\"aq-block aq-block-aq_spacer_block col-sm-12 aq-first aq-last \">\t\t\n\t\t<div style=\"clear: both; width: 100%; height: 20px;\"><\/div>\n\t\n\t<\/div><div id=\"aq-block-869-4\" class=\"aq-block aq-block-aq_ebor_text_block col-sm-6 aq-first \"><div class=\"feature feature-icon-large\"><div class=\"pull-left\"><i class=\"icon icon_info_alt\"><\/i><\/div><div class=\"pull-right\"><h5>Contacta'ns<\/h5><p>A la nostra empresa l'equip hum\u00e0 \u00e9s clau per conduir amb \u00e8xit el nostre cam\u00ed cada dia.<\/p>\n<p>Som din\u00e0mics i entusiastes. Ens mou la passi\u00f3 pel nostre sector i treballem cada dia per oferir les millors experi\u00e8ncies als nostres clients.<\/p>\n<p>Si vols formar part del nostre grup, envia'ns les teves dades i el teu curr\u00edculum.<\/p>\n<\/div><\/div><\/div><div id=\"aq-block-869-5\" class=\"aq-block aq-block-aq_contact_form_block col-sm-6  aq-last \"><h5>Deixa'ns les teves dades<\/h5>\t\t\n\t\t<div class=\"form-wrapper clearfix\">\n\t\t\t<div class=\"form-contact email-form text-center\">\t\n\t\t\t\t\n<div class=\"wpcf7 no-js\" id=\"wpcf7-f871-o1\" lang=\"es-ES\" dir=\"ltr\">\n<div class=\"screen-reader-response\"><p role=\"status\" aria-live=\"polite\" aria-atomic=\"true\"><\/p> <ul><\/ul><\/div>\n<form action=\"\/ca\/wp-json\/wp\/v2\/pages\/834#wpcf7-f871-o1\" method=\"post\" class=\"wpcf7-form init wpcf7-acceptance-as-validation\" aria-label=\"Formulario de contacto\" enctype=\"multipart\/form-data\" novalidate=\"novalidate\" data-status=\"init\">\n<div style=\"display: none;\">\n<input type=\"hidden\" name=\"_wpcf7\" value=\"871\" \/>\n<input type=\"hidden\" name=\"_wpcf7_version\" value=\"5.8.7\" \/>\n<input type=\"hidden\" name=\"_wpcf7_locale\" value=\"es_ES\" \/>\n<input type=\"hidden\" name=\"_wpcf7_unit_tag\" value=\"wpcf7-f871-o1\" \/>\n<input type=\"hidden\" name=\"_wpcf7_container_post\" value=\"0\" \/>\n<input type=\"hidden\" name=\"_wpcf7_posted_data_hash\" value=\"\" \/>\n<\/div>\n<p><span class=\"wpcf7-form-control-wrap\" data-name=\"your-name\"><input size=\"40\" class=\"wpcf7-form-control wpcf7-text wpcf7-validates-as-required\" aria-required=\"true\" aria-invalid=\"false\" placeholder=\"Nom*\" value=\"\" type=\"text\" name=\"your-name\" \/><\/span><br \/>\n<span class=\"wpcf7-form-control-wrap\" data-name=\"your-email\"><input size=\"40\" class=\"wpcf7-form-control wpcf7-email wpcf7-validates-as-required wpcf7-text wpcf7-validates-as-email\" aria-required=\"true\" aria-invalid=\"false\" placeholder=\"E-mail*\" value=\"\" type=\"email\" name=\"your-email\" \/><\/span><br \/>\n<span style=\"margin: 15px 0px 0px 15px;\">Data de naixement<\/span><span class=\"wpcf7-form-control-wrap\" data-name=\"fecha\"><input class=\"wpcf7-form-control wpcf7-date wpcf7-validates-as-required wpcf7-validates-as-date\" aria-required=\"true\" aria-invalid=\"false\" value=\"Fecha de nacimiento\" type=\"date\" name=\"fecha\" \/><\/span><br \/>\n<span class=\"wpcf7-form-control-wrap\" data-name=\"lugar\"><input size=\"40\" class=\"wpcf7-form-control wpcf7-text wpcf7-validates-as-required\" aria-required=\"true\" aria-invalid=\"false\" placeholder=\"Lloc de resid\u00e8ncia\" value=\"\" type=\"text\" name=\"lugar\" \/><\/span><br \/>\n<span class=\"wpcf7-form-control-wrap\" data-name=\"your-message\"><textarea cols=\"40\" rows=\"10\" class=\"wpcf7-form-control wpcf7-textarea\" aria-invalid=\"false\" placeholder=\"Missatge\" name=\"your-message\"><\/textarea><\/span><br \/>\n<span style=\"margin: 15px 0px 0px 15px;\">Afegir CV<\/span><span class=\"wpcf7-form-control-wrap\" data-name=\"file-819\"><input size=\"40\" class=\"wpcf7-form-control wpcf7-file wpcf7-validates-as-required\" accept=\".pdf,.doc,.jpg\" aria-required=\"true\" aria-invalid=\"false\" type=\"file\" name=\"file-819\" \/><\/span><br \/>\n<span class=\"wpcf7-form-control-wrap\" data-name=\"your-consent\"><span class=\"wpcf7-form-control wpcf7-acceptance\"><span class=\"wpcf7-list-item\"><input type=\"checkbox\" name=\"your-consent\" value=\"1\" aria-invalid=\"false\" \/><\/span><\/span><\/span><label>Consenteixo el tractament de les meves dades. GRUPTECNO tractar\u00e0 les vostres dades amb la finalitat de gestionar la vostra participaci\u00f3 en els nostres processos de selecci\u00f3. Podeu exercir els vostres drets d'acc\u00e9s, rectificaci\u00f3, supressi\u00f3, portabilitat, limitaci\u00f3 i oposici\u00f3, com us informem a la nostra <a href=\"https:\/\/www.gruptecno.com\/ca\/politica-de-privacidad\/\" target=\u201d_blank\u201d>Pol\u00edtica de Privadesa i Av\u00eds Legal.<\/a> <\/label><br \/>\n<input class=\"wpcf7-form-control wpcf7-submit has-spinner\" type=\"submit\" value=\"Enviar\" \/>\n<\/p><div class=\"wpcf7-response-output\" aria-hidden=\"true\"><\/div>\n<\/form>\n<\/div>\n\t\t\t<\/div>\n\t\t<\/div>\n\t\n\t<\/div><\/div><\/div><\/section><\/div><\/p>","protected":false},"excerpt":{"rendered":"Treballa amb nosaltres Contacta'nsA la nostra empresa l'equip hum\u00e0 \u00e9s clau per conduir amb \u00e8xit...","protected":false},"author":1,"featured_media":0,"parent":0,"menu_order":0,"comment_status":"closed","ping_status":"closed","template":"page_page_builder_full_width.php","meta":{"footnotes":""},"yoast_head":"<!-- This site is optimized with the Yoast SEO plugin v14.2 - https:\/\/yoast.com\/wordpress\/plugins\/seo\/ -->\n<meta name=\"robots\" content=\"index, follow\" \/>\n<meta name=\"googlebot\" content=\"index, follow, max-snippet:-1, max-image-preview:large, max-video-preview:-1\" \/>\n<meta name=\"bingbot\" content=\"index, follow, max-snippet:-1, max-image-preview:large, max-video-preview:-1\" \/>\n<link rel=\"canonical\" href=\"https:\/\/www.gruptecno.com\/ca\/trabaja-con-nosotros\/\" \/>\n<meta property=\"og:locale\" content=\"ca_ES\" \/>\n<meta property=\"og:type\" content=\"article\" \/>\n<meta property=\"og:title\" content=\"Treballa amb nosaltres - gruptecno.com\" \/>\n<meta property=\"og:url\" content=\"https:\/\/www.gruptecno.com\/ca\/trabaja-con-nosotros\/\" \/>\n<meta property=\"og:site_name\" content=\"gruptecno.com\" \/>\n<meta property=\"article:modified_time\" content=\"2018-08-28T10:43:30+00:00\" \/>\n<meta name=\"twitter:card\" content=\"summary_large_image\" \/>\n<script type=\"application\/ld+json\" class=\"yoast-schema-graph\">{\"@context\":\"https:\/\/schema.org\",\"@graph\":[{\"@type\":\"WebSite\",\"@id\":\"https:\/\/www.gruptecno.com\/ca\/#website\",\"url\":\"https:\/\/www.gruptecno.com\/ca\/\",\"name\":\"gruptecno.com\",\"description\":\"Producci\\u00f3 de paper per al sector de l\\u2019alimentaci\\u00f3.\",\"potentialAction\":[{\"@type\":\"SearchAction\",\"target\":\"https:\/\/www.gruptecno.com\/ca\/?s={search_term_string}\",\"query-input\":\"required name=search_term_string\"}],\"inLanguage\":\"ca\"},{\"@type\":\"WebPage\",\"@id\":\"https:\/\/www.gruptecno.com\/ca\/trabaja-con-nosotros\/#webpage\",\"url\":\"https:\/\/www.gruptecno.com\/ca\/trabaja-con-nosotros\/\",\"name\":\"Treballa amb nosaltres - gruptecno.com\",\"isPartOf\":{\"@id\":\"https:\/\/www.gruptecno.com\/ca\/#website\"},\"datePublished\":\"2018-06-02T15:21:29+00:00\",\"dateModified\":\"2018-08-28T10:43:30+00:00\",\"inLanguage\":\"ca\",\"potentialAction\":[{\"@type\":\"ReadAction\",\"target\":[[\"https:\/\/www.gruptecno.com\/ca\/trabaja-con-nosotros\/\"]]}]}]}<\/script>\n<!-- \/ Yoast SEO plugin. -->","_links":{"self":[{"href":"https:\/\/www.gruptecno.com\/ca\/wp-json\/wp\/v2\/pages\/834"}],"collection":[{"href":"https:\/\/www.gruptecno.com\/ca\/wp-json\/wp\/v2\/pages"}],"about":[{"href":"https:\/\/www.gruptecno.com\/ca\/wp-json\/wp\/v2\/types\/page"}],"author":[{"embeddable":true,"href":"https:\/\/www.gruptecno.com\/ca\/wp-json\/wp\/v2\/users\/1"}],"replies":[{"embeddable":true,"href":"https:\/\/www.gruptecno.com\/ca\/wp-json\/wp\/v2\/comments?post=834"}],"version-history":[{"count":3,"href":"https:\/\/www.gruptecno.com\/ca\/wp-json\/wp\/v2\/pages\/834\/revisions"}],"predecessor-version":[{"id":870,"href":"https:\/\/www.gruptecno.com\/ca\/wp-json\/wp\/v2\/pages\/834\/revisions\/870"}],"wp:attachment":[{"href":"https:\/\/www.gruptecno.com\/ca\/wp-json\/wp\/v2\/media?parent=834"}],"curies":[{"name":"wp","href":"https:\/\/api.w.org\/{rel}","templated":true}]}}