{"id":837,"date":"2018-06-02T16:26:58","date_gmt":"2018-06-02T15:26:58","guid":{"rendered":"http:\/\/www.gruptecno.com\/?page_id=837"},"modified":"2024-02-23T18:54:09","modified_gmt":"2024-02-23T17:54:09","slug":"politica-de-privacidad","status":"publish","type":"page","link":"https:\/\/www.gruptecno.com\/ca\/politica-de-privacidad\/","title":{"rendered":"POL\u00cdTICA DE PRIVACITAT \/ AV\u00cdS LEGAL"},"content":{"rendered":"<p>POL\u00cdTICA DE PRIVACITAT I AV\u00cdS LEGAL<\/p>\n<p><strong>1.- POL\u00cdTICA DE PRIVACITAT<\/strong><\/p>\n<p>En compliment del REGLAMENT (UE) 2016\/679 DEL PARLAMENT EUROPEU I DEL CONSELL de 27 d&#8217;Abril de 2016, relatiu a la protecci\u00f3 de les persones f\u00edsiques pel que fa al tractament de dades personals i a la lliure circulaci\u00f3 d&#8217;aquestes dades, i de la Llei Org\u00e0nica 3\/2018, de 5 de desembre, de Protecci\u00f3 de Dades Personals i garantia dels drets digitals, se li informa que les dades personals proporcionades per vost\u00e8 a trav\u00e9s del lloc web <a href=\"https:\/\/www.gruptecno.com\/\" target=\"_new\" rel=\"noopener noreferrer\">https:\/\/www.gruptecno.com\/<\/a> (d&#8217;ara endavant el lloc web), seran tractats en els seg\u00fcents termes:<\/p>\n<p><strong>Responsable del tractament<\/strong><\/p>\n<p>Les dades personals recollides a trav\u00e9s d&#8217;aquest lloc web seran tractades per GRUPTECNO, amb domicili per a l&#8217;exercici de drets a SANTA CREU DE CALAFELL, 108, SANT BOI DE LLOBREGAT (08830) BARCELONA, ESPANYA. Email: <a target=\"_new\" rel=\"noopener noreferrer\">info@gruptecno.com<\/a><\/p>\n<p><strong>Finalitats del tractament<\/strong><\/p>\n<p>Informar-lo sobre els nostres productes i serveis, quan aix\u00ed ho sol\u00b7liciti a trav\u00e9s dels formularis del lloc web o per correu electr\u00f2nic. Donar resposta i gestionar les seves consultes, comentaris i suggeriments, si \u00e9s el cas. Gestionar la seva participaci\u00f3 en presents i futurs processos de selecci\u00f3, quan ens faci arribar les seves dades (incloent el seu curr\u00edculum) amb aquesta finalitat. Amb la finalitat d&#8217;obtenir informaci\u00f3 de l&#8217;\u00fas del lloc web, s&#8217;analitzen el nombre de p\u00e0gines visitades, el nombre de visites, aix\u00ed com l&#8217;activitat dels visitants i la seva freq\u00fc\u00e8ncia d&#8217;utilitzaci\u00f3. A aquests efectes, el RESPONSABLE utilitza informaci\u00f3 estad\u00edstica elaborada pel Prove\u00efdor de Serveis d&#8217;Internet que no permet identificar a l&#8217;interessat en cap moment.<\/p>\n<p><strong>Legitimaci\u00f3<\/strong><\/p>\n<p>Consentiment. Les dades personals obtingudes a trav\u00e9s dels formularis del lloc web seran tractades \u00fanicament en base al consentiment atorgat per l&#8217;interessat, a trav\u00e9s de l&#8217;acceptaci\u00f3 de la casella disposada per a tal fi. Aquest consentiment pot ser retirat en qualsevol moment.<\/p>\n<p>Inter\u00e8s leg\u00edtim del responsable. La informaci\u00f3 estad\u00edstica obtinguda del lloc web ser\u00e0 tractada en base a l&#8217;inter\u00e8s leg\u00edtim del responsable. Aquesta informaci\u00f3 no permet identificar a l&#8217;usuari.<\/p>\n<p><strong>Destinataris<\/strong><\/p>\n<p>Les dades personals obtingudes a trav\u00e9s del lloc web no seran comunicades a tercers, llevat obligaci\u00f3 legal.<\/p>\n<p><strong>Conservaci\u00f3<\/strong><\/p>\n<p>Les dades personals facilitades per l&#8217;usuari per rebre comunicacions comercials seran conservades mentre l&#8217;interessat no sol\u00b7liciti la seva supressi\u00f3 o retiri el seu consentiment.<\/p>\n<p>Quan l&#8217;usuari envi\u00ef les seves dades personals per participar en processos de selecci\u00f3 del RESPONSABLE, les dades seran tractades per participar en presents processos de selecci\u00f3, i si no fos seleccionat, es conservaran les seves dades personals durant un per\u00edode de dos anys amb la finalitat de poder comptar amb la seva participaci\u00f3 en futurs processos.<\/p>\n<p>Quan l&#8217;usuari envi\u00ef les seves dades per contactar amb el RESPONSABLE, realitzar consultes o suggeriments, les dades es conservaran mentre sigui necessari per a tal fi i puguin derivar-se responsabilitats del tractament.<\/p>\n<p>Dades de tr\u00e0nsit, estad\u00edstiques i visites web: les dades seran conservades durant el termini de tres anys.<\/p>\n<p><strong>Drets<\/strong><\/p>\n<p>Pot exercir els seus drets d&#8217;acc\u00e9s, rectificaci\u00f3, supressi\u00f3 i portabilitat de les seves dades, de limitaci\u00f3 i oposici\u00f3 al seu tractament, mitjan\u00e7ant escrit acompanyat de document oficial que el identifiqui dirigit a GRUPTECNO. SANTA CREU DE CALAFELL, 108, SANT BOI DE LLOBREGAT (08830) BARCELONA, ESPANYA. Email: <a target=\"_new\" rel=\"noopener noreferrer\">info@gruptecno.com<\/a>. En cas de desacord amb el tractament, tamb\u00e9 t\u00e9 dret a presentar una reclamaci\u00f3 davant l&#8217;Ag\u00e8ncia Espanyola de Protecci\u00f3 de Dades (<a href=\"http:\/\/www.aepd.es\/\" target=\"_new\" rel=\"noopener noreferrer\">www.aepd.es<\/a>).<\/p>\n<p><strong>Pol\u00edtica de protecci\u00f3 de menors<\/strong><\/p>\n<p>Qui facilita les dades a trav\u00e9s dels formularis d&#8217;aquesta Web i accepta el seu tractament declara formalment ser major de 14 anys.<\/p>\n<p>Queda prohibit l&#8217;acc\u00e9s i \u00fas del portal als menors de 14 anys.<\/p>\n<p>El RESPONSABLE recorda a les persones majors d&#8217;edat que tinguin al seu c\u00e0rrec menors, que ser\u00e0 de la seva exclusiva responsabilitat<\/p>\n<p>Tamb\u00e9 els informa que existeixen programes inform\u00e0tics per a acotar la navegaci\u00f3 mitjan\u00e7ant el filtre o bloqueig a determinats continguts.<\/p>\n<p><strong>Tractament derivat de l&#8217;\u00fas de les xarxes socials<\/strong><\/p>\n<p>En seguir el nostre perfil en les xarxes socials consent expressament el tractament de les seves dades personals conforme a la pol\u00edtica de privacitat de la corresponent xarxa social. Igualment, consent expressament l&#8217;acc\u00e9s del RESPONSABLE al tractament de les seves dades contingudes en el seu perfil i que les not\u00edcies publicades sobre qualsevol producte del RESPONSABLE apareguin en el seu mur. La seva petici\u00f3 per a connectar implica necess\u00e0riament el seu consentiment per als tractaments assenyalats, sent aquesta la base legal del tractament. Les dades es conservaran mentre l&#8217;interessat no sol\u00b7liciti la seva oposici\u00f3 o retiri el seu consentiment, podent retirar aquest en qualsevol moment.<\/p>\n<p>Els comentaris i continguts publicats en les xarxes socials es convertiran en informaci\u00f3 p\u00fablica, per la qual cosa els usuaris hauran de tenir especial cura quan decideixin compartir la seva informaci\u00f3 personal. El RESPONSABLE no es fa responsable per la informaci\u00f3 que els usuaris incorporen en la p\u00e0gina. No obstant aix\u00f2, les persones les dades personals de les quals es trobin publicades o estiguin incloses en comentaris, podran sol\u00b7licitar al RESPONSABLE la cancel\u00b7laci\u00f3 dels mateixos.<\/p>\n<p><strong>2.- AV\u00cdS LEGAL<\/strong><\/p>\n<p><strong>Identificaci\u00f3 <\/strong><\/p>\n<p>En compliment amb el deure d&#8217;informaci\u00f3 recollit en article 10 de la Llei 34\/2002, d&#8217;11 de juliol, de Serveis de la Societat de la Informaci\u00f3 i del Comer\u00e7 Electr\u00f2nic, PAPELES PARA LA ALIMENTACION, S.A., els informa que les dades aqu\u00ed consignades corresponen a l&#8217;entitat titular del lloc web <a href=\"https:\/\/www.gruptecno.com\/\" target=\"_new\" rel=\"noopener noreferrer\">https:\/\/www.gruptecno.com\/<\/a><\/p>\n<p>Denominaci\u00f3: PAPELES PARA LA ALIMENTACION, S.A. d&#8217;ara endavant GRUPTECNO.<\/p>\n<p>Domicili: SANTA CREU DE CALAFELL, 108, SANT BOI DE LLOBREGAT (08830) BARCELONA, ESPANYA<\/p>\n<p>Tel\u00e8fon: 936307733 Correu electr\u00f2nic: <a target=\"_new\" rel=\"noopener noreferrer\">info@gruptecno.com<\/a> CIF: A08947657 Inscripci\u00f3 registral: Registre Mercantil de Barcelona Tomo 6305, Llibre 5593, Secci\u00f3 2\u00aa, Full 105, Fulla 74877, Inscripci\u00f3 1<\/p>\n<p><strong>Propietat intel\u00b7lectual i industrial<\/strong><\/p>\n<p>Tots els drets de Propietat Industrial i Intel\u00b7lectual de la totalitat d&#8217;elements continguts en aquest lloc web, incloent les marques comercials, formats, dissenys gr\u00e0fics, textos, imatges i documents, pertanyen a GRUPTECNO i es troben protegits per les lleis espanyoles i internacionals sobre propietat Intel\u00b7lectual i Industrial. Queda expressament prohibida la reproducci\u00f3 total o parcial d&#8217;aquest lloc Web i de qualsevol dels seus continguts sense el perm\u00eds expr\u00e9s i per escrit de GRUPTECNO.<\/p>\n<p>L&#8217;acc\u00e9s al lloc web no implica cap tipus de ren\u00fancia, transmissi\u00f3, llic\u00e8ncia o cessi\u00f3 d&#8217;aquests drets per part de GRUPTECNO, llevat que s&#8217;estableixi expressament el contrari.<\/p>\n<p><strong>Condicions d&#8217;\u00fas<\/strong><\/p>\n<p>L&#8217;acc\u00e9s a aquest lloc Web implica l&#8217;acceptaci\u00f3 d&#8217;aquestes condicions d&#8217;\u00fas sense reserves que regulen l&#8217;acc\u00e9s i la utilitzaci\u00f3 del mateix amb la finalitat de posar a disposici\u00f3 dels usuaris informaci\u00f3 sobre els nostres productes.<\/p>\n<p>Es prohibeix expressament la utilitzaci\u00f3 dels continguts d&#8217;aquest lloc Web per a la seva utilitzaci\u00f3 amb fins comercials o per a la seva distribuci\u00f3, transformaci\u00f3 o comunicaci\u00f3. GRUPTECNO, no respondr\u00e0 de cap conseq\u00fc\u00e8ncia, dany o perjudici que poguessin derivar-se d&#8217;aquesta utilitzaci\u00f3 o \u00fas de la informaci\u00f3.<\/p>\n<p>Tant l&#8217;acc\u00e9s a aquesta Web com l&#8217;\u00fas que pugui fer-se de la informaci\u00f3 continguda en la mateixa \u00e9s de l&#8217;exclusiva responsabilitat de qui ho realitza.<\/p>\n<p>L&#8217;usuari es compromet a no utilitzar la informaci\u00f3 que es publica en aquesta Web amb fins o efectes il\u00b7l\u00edcits o nocius, a no danyar o inutilitzar la informaci\u00f3 i a no realitzar cap altra acci\u00f3 que puguin ser contr\u00e0ria al contingut d&#8217;aquest Av\u00eds Legal.<\/p>\n<p>GRUPTECNO no pot assegurar la inexist\u00e8ncia d&#8217;interrupcions o errors en l&#8217;acc\u00e9s a aquest lloc Web, encara que posar\u00e0 els seus majors esfor\u00e7os per evitar-los.<\/p>\n<p><strong>Enlla\u00e7os a altres webs<\/strong><\/p>\n<p>Els enlla\u00e7os (links) que pot trobar en aquesta Web s\u00f3n un servei als usuaris. Aquestes p\u00e0gines no s\u00f3n operades ni controlades per GRUPTECNO, per aix\u00f2, no es fa responsable dels continguts d&#8217;aquests llocs Web ni estan cobertes per aquest Av\u00eds Legal. Si accedeix a aquestes p\u00e0gines Webs haur\u00e0 de tenir en compte que les seves pol\u00edtiques de privacitat poden ser diferents a la nostra.<\/p>\n<p><strong>Legislaci\u00f3 aplicable i compet\u00e8ncia jurisdiccional<\/strong><\/p>\n<p>El present Av\u00eds Legal es regeix per la normativa espanyola vigent que li \u00e9s d&#8217;aplicaci\u00f3.<\/p>\n<p>Per a la resoluci\u00f3 de les controv\u00e8rsies que poguessin derivar-se com a conseq\u00fc\u00e8ncia del que disposat en les presents disposicions i sobre la seva interpretaci\u00f3, aplicaci\u00f3 i compliment, l&#8217;usuari, en virtut de l&#8217;acceptaci\u00f3 de les condicions recollides en aquest Av\u00eds legal, renuncia expressament a qualsevol altre f\u00f2rum que pogu\u00e9s correspondre-li.<\/p>\n<p>En qualsevol cas, dins de la jurisdicci\u00f3 espanyola, si la legislaci\u00f3 permetera sotmetre&#8217;s a un f\u00f2rum en concret, l&#8217;usuari renuncia expressament al f\u00f2rum que li pogu\u00e9s correspondre i es sotmet volunt\u00e0riament a la jurisdicci\u00f3 dels Jutjats i Tribunals de BARCELONA.<\/p>","protected":false},"excerpt":{"rendered":"<p>POL\u00cdTICA DE PRIVACITAT I AV\u00cdS LEGAL 1.- POL\u00cdTICA DE PRIVACITAT En compliment del REGLAMENT (UE)&#8230;<\/p>\n","protected":false},"author":1,"featured_media":0,"parent":0,"menu_order":0,"comment_status":"closed","ping_status":"closed","template":"","meta":{"footnotes":""},"yoast_head":"<!-- This site is optimized with the Yoast SEO plugin v14.2 - https:\/\/yoast.com\/wordpress\/plugins\/seo\/ -->\n<meta name=\"robots\" content=\"index, follow\" \/>\n<meta name=\"googlebot\" content=\"index, follow, max-snippet:-1, max-image-preview:large, max-video-preview:-1\" \/>\n<meta name=\"bingbot\" content=\"index, follow, max-snippet:-1, max-image-preview:large, max-video-preview:-1\" \/>\n<link rel=\"canonical\" href=\"https:\/\/www.gruptecno.com\/ca\/politica-de-privacidad\/\" \/>\n<meta property=\"og:locale\" content=\"ca_ES\" \/>\n<meta property=\"og:type\" content=\"article\" \/>\n<meta property=\"og:title\" content=\"POL\u00cdTICA DE PRIVACITAT \/ AV\u00cdS LEGAL - gruptecno.com\" \/>\n<meta property=\"og:description\" content=\"POL\u00cdTICA DE PRIVACITAT I AV\u00cdS LEGAL 1.- POL\u00cdTICA DE PRIVACITAT En compliment del REGLAMENT (UE)...\" \/>\n<meta property=\"og:url\" content=\"https:\/\/www.gruptecno.com\/ca\/politica-de-privacidad\/\" \/>\n<meta property=\"og:site_name\" content=\"gruptecno.com\" \/>\n<meta property=\"article:modified_time\" content=\"2024-02-23T17:54:09+00:00\" \/>\n<meta name=\"twitter:card\" content=\"summary_large_image\" \/>\n<script type=\"application\/ld+json\" class=\"yoast-schema-graph\">{\"@context\":\"https:\/\/schema.org\",\"@graph\":[{\"@type\":\"WebSite\",\"@id\":\"https:\/\/www.gruptecno.com\/ca\/#website\",\"url\":\"https:\/\/www.gruptecno.com\/ca\/\",\"name\":\"gruptecno.com\",\"description\":\"Producci\\u00f3 de paper per al sector de l\\u2019alimentaci\\u00f3.\",\"potentialAction\":[{\"@type\":\"SearchAction\",\"target\":\"https:\/\/www.gruptecno.com\/ca\/?s={search_term_string}\",\"query-input\":\"required name=search_term_string\"}],\"inLanguage\":\"ca\"},{\"@type\":\"WebPage\",\"@id\":\"https:\/\/www.gruptecno.com\/ca\/politica-de-privacidad\/#webpage\",\"url\":\"https:\/\/www.gruptecno.com\/ca\/politica-de-privacidad\/\",\"name\":\"POL\\u00cdTICA DE PRIVACITAT \/ AV\\u00cdS LEGAL - gruptecno.com\",\"isPartOf\":{\"@id\":\"https:\/\/www.gruptecno.com\/ca\/#website\"},\"datePublished\":\"2018-06-02T15:26:58+00:00\",\"dateModified\":\"2024-02-23T17:54:09+00:00\",\"inLanguage\":\"ca\",\"potentialAction\":[{\"@type\":\"ReadAction\",\"target\":[[\"https:\/\/www.gruptecno.com\/ca\/politica-de-privacidad\/\"]]}]}]}<\/script>\n<!-- \/ Yoast SEO plugin. -->","_links":{"self":[{"href":"https:\/\/www.gruptecno.com\/ca\/wp-json\/wp\/v2\/pages\/837"}],"collection":[{"href":"https:\/\/www.gruptecno.com\/ca\/wp-json\/wp\/v2\/pages"}],"about":[{"href":"https:\/\/www.gruptecno.com\/ca\/wp-json\/wp\/v2\/types\/page"}],"author":[{"embeddable":true,"href":"https:\/\/www.gruptecno.com\/ca\/wp-json\/wp\/v2\/users\/1"}],"replies":[{"embeddable":true,"href":"https:\/\/www.gruptecno.com\/ca\/wp-json\/wp\/v2\/comments?post=837"}],"version-history":[{"count":5,"href":"https:\/\/www.gruptecno.com\/ca\/wp-json\/wp\/v2\/pages\/837\/revisions"}],"predecessor-version":[{"id":1044,"href":"https:\/\/www.gruptecno.com\/ca\/wp-json\/wp\/v2\/pages\/837\/revisions\/1044"}],"wp:attachment":[{"href":"https:\/\/www.gruptecno.com\/ca\/wp-json\/wp\/v2\/media?parent=837"}],"curies":[{"name":"wp","href":"https:\/\/api.w.org\/{rel}","templated":true}]}}