{"id":86,"date":"2018-03-01T18:54:28","date_gmt":"2018-03-01T17:54:28","guid":{"rendered":"http:\/\/www.gruptecno.com\/es\/?page_id=86"},"modified":"2018-08-31T11:43:35","modified_gmt":"2018-08-31T10:43:35","slug":"servicios","status":"publish","type":"page","link":"https:\/\/www.gruptecno.com\/ca\/servicios\/","title":{"rendered":"Serveis"},"content":{"rendered":"<p><div class=\"row\"><a href=\"#\" id=\"servicios\" class=\"in-page-link\"><\/a><section class=\"aq-block dark-wrapper\"><div class=\"container\"><div class=\"row\"><div id=\"aq-block-863-2\" class=\"aq-block aq-block-aq_section_title_block col-sm-12 aq-first aq-last \"><div class=\"text-center\"><h1 class=\"\">Serveis<\/h1><\/div><\/div><div id=\"aq-block-863-3\" class=\"aq-block aq-block-aq_ebor_text_block col-sm-4 aq-first \"><div class=\"feature\"><h5>Tipus de paper<\/h5><p>Fabriquem una gran varietat de tipus de paper per al sector de l\u2019alimentaci\u00f3 i de la ind\u00fastria, des de papers plastificats, parafinats, doble \u00fas o laminats. Actualment, degut a la gran demanda de productes respectuosos amb el medi ambient, estem produint els nostres propis papers parafinats amb parafina vegetal, ja siguin a una o dues cares.<\/p>\n<\/div><\/div><div id=\"aq-block-863-4\" class=\"aq-block aq-block-aq_ebor_text_block col-sm-4  \"><div class=\"feature\"><h5>Formats, bobines, gramatges<\/h5><p>Podem fabricar en formats i en bobines qualsevol tipus de paper des dels 35 fins als 200 grams per metre quadrat i en diferents amplades. La nostra flexibilitat, juntament amb l\u2019estricte control de qualitat i les garanties sanit\u00e0ries, \u00e9s un dels aspectes que ens ha convertit en un referent dins del sector paperer per a l\u2019alimentaci\u00f3.<\/p>\n<\/div><\/div><div id=\"aq-block-863-5\" class=\"aq-block aq-block-aq_ebor_text_block col-sm-4  aq-last \"><div class=\"feature\"><h5>Impressi\u00f3<\/h5><p>Oferim la possibilitat de personalitzar els papers amb la impressi\u00f3 dels nostres clients. Podem imprimir fins a tres tintes i en impressi\u00f3 fixa o cont\u00ednua.<\/p>\n<\/div><\/div><\/div><\/div><\/section><a href=\"#\" id=\"productos\" class=\"in-page-link\"><\/a><section class=\"aq-block light-wrapper\"><div class=\"container\"><div class=\"row\"><div id=\"aq-block-863-7\" class=\"aq-block aq-block-aq_section_title_block col-sm-12 aq-first aq-last \"><div class=\"text-center\"><h1 class=\"\">Alguns dels nostres productes<\/h1><\/div><div class=\"lead text-center \"><p>Si no trobes el producte que est\u00e0s buscant, consulta\u2019ns i segur que te l\u2019aconseguim. La majoria d\u2019articles es poden personalitzar amb les vostres impressions.<\/p>\n<\/div><\/div><div id=\"aq-block-863-8\" class=\"aq-block aq-block-aq_portfolio_block col-sm-12 aq-first aq-last \">\t\n\t\t<section class=\"no-pad-bottom projects-gallery\">\n\t\t\t<div class=\"projects-wrapper clearfix\">\n\t\t\t\n\t\t\t\t\t\t\n\t\t\t\t\t\t\t\t\n\t\t\t\t\t<div class=\"projects-container\">\n\t\t\t\t\t\n\t\t\t\t\t\t<div id=\"portfolio-619\" class=\"col-md-3 col-sm-6 no-pad project image-holder branding-slug\">\n\n\t<div class=\"background-image-holder\">\n\t\t<img loading=\"lazy\" decoding=\"async\" width=\"1920\" height=\"1049\" src=\"https:\/\/www.gruptecno.com\/wp-content\/uploads\/2018\/08\/Plastificado-industrial-1.jpg\" class=\"background-image wp-post-image\" alt=\"\" srcset=\"https:\/\/www.gruptecno.com\/wp-content\/uploads\/2018\/08\/Plastificado-industrial-1.jpg 1920w, https:\/\/www.gruptecno.com\/wp-content\/uploads\/2018\/08\/Plastificado-industrial-1-300x164.jpg 300w, https:\/\/www.gruptecno.com\/wp-content\/uploads\/2018\/08\/Plastificado-industrial-1-768x420.jpg 768w, https:\/\/www.gruptecno.com\/wp-content\/uploads\/2018\/08\/Plastificado-industrial-1-1024x559.jpg 1024w\" sizes=\"(max-width: 1920px) 100vw, 1920px\" \/>\t<\/div>\n\t\n\t<div class=\"hover-state\">\n\t\t<div class=\"align-vertical text-center\">\n\t\t\t<h1 class=\"text-white\"><strong>Plastificat industrial<\/strong><\/h1>\t\t\t<p class=\"text-white ebor-limit-width\">El paper plastificat \u00e9s la principal especialitat del Grup Tecno. A m\u00e9s de l\u2019alimentaci\u00f3, apliquem...<\/p>\n\t\t\t<a href=\"https:\/\/www.gruptecno.com\/ca\/portfolio\/plastificat-industrial\/\" class=\"btn btn-primary btn-white\">\n\t\t\t\tVeure producte\t\t\t<\/a>\n\t\t<\/div>\n\t<\/div>\n\t\n<\/div><div id=\"portfolio-618\" class=\"col-md-3 col-sm-6 no-pad project image-holder branding-slug\">\n\n\t<div class=\"background-image-holder\">\n\t\t<img loading=\"lazy\" decoding=\"async\" width=\"1920\" height=\"1280\" src=\"https:\/\/www.gruptecno.com\/wp-content\/uploads\/2018\/08\/Plastificado-alimentario-1.jpg\" class=\"background-image wp-post-image\" alt=\"\" srcset=\"https:\/\/www.gruptecno.com\/wp-content\/uploads\/2018\/08\/Plastificado-alimentario-1.jpg 1920w, https:\/\/www.gruptecno.com\/wp-content\/uploads\/2018\/08\/Plastificado-alimentario-1-300x200.jpg 300w, https:\/\/www.gruptecno.com\/wp-content\/uploads\/2018\/08\/Plastificado-alimentario-1-768x512.jpg 768w, https:\/\/www.gruptecno.com\/wp-content\/uploads\/2018\/08\/Plastificado-alimentario-1-1024x683.jpg 1024w, https:\/\/www.gruptecno.com\/wp-content\/uploads\/2018\/08\/Plastificado-alimentario-1-600x400.jpg 600w\" sizes=\"(max-width: 1920px) 100vw, 1920px\" \/>\t<\/div>\n\t\n\t<div class=\"hover-state\">\n\t\t<div class=\"align-vertical text-center\">\n\t\t\t<h1 class=\"text-white\"><strong>Plastificat alimentari<\/strong><\/h1>\t\t\t<p class=\"text-white ebor-limit-width\">El paper plastificat en el sector de l\u2019alimentaci\u00f3 \u00e9s la principal especialitat del Grup Tecno....<\/p>\n\t\t\t<a href=\"https:\/\/www.gruptecno.com\/ca\/portfolio\/plastificat-alimentari\/\" class=\"btn btn-primary btn-white\">\n\t\t\t\tVeure producte\t\t\t<\/a>\n\t\t<\/div>\n\t<\/div>\n\t\n<\/div><div id=\"portfolio-354\" class=\"col-md-3 col-sm-6 no-pad project image-holder branding-slug\">\n\n\t<div class=\"background-image-holder\">\n\t\t<img loading=\"lazy\" decoding=\"async\" width=\"1920\" height=\"1280\" src=\"https:\/\/www.gruptecno.com\/wp-content\/uploads\/2018\/08\/Parafina-vegetal-1.jpg\" class=\"background-image wp-post-image\" alt=\"\" srcset=\"https:\/\/www.gruptecno.com\/wp-content\/uploads\/2018\/08\/Parafina-vegetal-1.jpg 1920w, https:\/\/www.gruptecno.com\/wp-content\/uploads\/2018\/08\/Parafina-vegetal-1-300x200.jpg 300w, https:\/\/www.gruptecno.com\/wp-content\/uploads\/2018\/08\/Parafina-vegetal-1-768x512.jpg 768w, https:\/\/www.gruptecno.com\/wp-content\/uploads\/2018\/08\/Parafina-vegetal-1-1024x683.jpg 1024w, https:\/\/www.gruptecno.com\/wp-content\/uploads\/2018\/08\/Parafina-vegetal-1-600x400.jpg 600w\" sizes=\"(max-width: 1920px) 100vw, 1920px\" \/>\t<\/div>\n\t\n\t<div class=\"hover-state\">\n\t\t<div class=\"align-vertical text-center\">\n\t\t\t<h1 class=\"text-white\"><strong>Parafina Vegetal<\/strong><\/h1>\t\t\t<p class=\"text-white ebor-limit-width\">Aquest tipus de paper fet amb cera vegetal porta un tractament de parafina apta per...<\/p>\n\t\t\t<a href=\"https:\/\/www.gruptecno.com\/ca\/portfolio\/parafina-vegetal\/\" class=\"btn btn-primary btn-white\">\n\t\t\t\tVeure producte\t\t\t<\/a>\n\t\t<\/div>\n\t<\/div>\n\t\n<\/div><div id=\"portfolio-127\" class=\"col-md-3 col-sm-6 no-pad project image-holder branding-slug\">\n\n\t<div class=\"background-image-holder\">\n\t\t<img loading=\"lazy\" decoding=\"async\" width=\"1920\" height=\"1280\" src=\"https:\/\/www.gruptecno.com\/wp-content\/uploads\/2018\/08\/Laminado.jpg\" class=\"background-image wp-post-image\" alt=\"\" srcset=\"https:\/\/www.gruptecno.com\/wp-content\/uploads\/2018\/08\/Laminado.jpg 1920w, https:\/\/www.gruptecno.com\/wp-content\/uploads\/2018\/08\/Laminado-300x200.jpg 300w, https:\/\/www.gruptecno.com\/wp-content\/uploads\/2018\/08\/Laminado-768x512.jpg 768w, https:\/\/www.gruptecno.com\/wp-content\/uploads\/2018\/08\/Laminado-1024x683.jpg 1024w, https:\/\/www.gruptecno.com\/wp-content\/uploads\/2018\/08\/Laminado-600x400.jpg 600w\" sizes=\"(max-width: 1920px) 100vw, 1920px\" \/>\t<\/div>\n\t\n\t<div class=\"hover-state\">\n\t\t<div class=\"align-vertical text-center\">\n\t\t\t<h1 class=\"text-white\"><strong>Laminat<\/strong><\/h1>\t\t\t<p class=\"text-white ebor-limit-width\">El paper laminat porta una l\u00e0mina encolada que es pot separar del paper i aix\u00ed...<\/p>\n\t\t\t<a href=\"https:\/\/www.gruptecno.com\/ca\/portfolio\/laminat\/\" class=\"btn btn-primary btn-white\">\n\t\t\t\tVeure producte\t\t\t<\/a>\n\t\t<\/div>\n\t<\/div>\n\t\n<\/div>\t\t\t\t\t\n\t\t\t\t\t<\/div><!--end of projects-container-->\n\t\t\t\n\t\t\t\t\t\n\t\t\t<\/div><!--end of projects wrapper-->\n\t\t<\/section>\n\t\n\t<\/div><\/div><\/div><\/section><\/div><\/p>","protected":false},"excerpt":{"rendered":"El paper laminat porta una l\u00e0mina encolada que es pot separar del paper i aix\u00ed...","protected":false},"author":1,"featured_media":0,"parent":0,"menu_order":0,"comment_status":"closed","ping_status":"closed","template":"","meta":{"footnotes":""},"yoast_head":"<!-- This site is optimized with the Yoast SEO plugin v14.2 - https:\/\/yoast.com\/wordpress\/plugins\/seo\/ -->\n<meta name=\"robots\" content=\"index, follow\" \/>\n<meta name=\"googlebot\" content=\"index, follow, max-snippet:-1, max-image-preview:large, max-video-preview:-1\" \/>\n<meta name=\"bingbot\" content=\"index, follow, max-snippet:-1, max-image-preview:large, max-video-preview:-1\" \/>\n<link rel=\"canonical\" href=\"https:\/\/www.gruptecno.com\/ca\/services\/\" \/>\n<meta property=\"og:locale\" content=\"ca_ES\" \/>\n<meta property=\"og:type\" content=\"article\" \/>\n<meta property=\"og:title\" content=\"Serveis - gruptecno.com\" \/>\n<meta property=\"og:url\" content=\"https:\/\/www.gruptecno.com\/ca\/services\/\" \/>\n<meta property=\"og:site_name\" content=\"gruptecno.com\" \/>\n<meta property=\"article:modified_time\" content=\"2018-08-31T10:43:35+00:00\" \/>\n<meta name=\"twitter:card\" content=\"summary_large_image\" \/>\n<script type=\"application\/ld+json\" class=\"yoast-schema-graph\">{\"@context\":\"https:\/\/schema.org\",\"@graph\":[{\"@type\":\"WebSite\",\"@id\":\"https:\/\/www.gruptecno.com\/ca\/#website\",\"url\":\"https:\/\/www.gruptecno.com\/ca\/\",\"name\":\"gruptecno.com\",\"description\":\"Producci\\u00f3 de paper per al sector de l\\u2019alimentaci\\u00f3.\",\"potentialAction\":[{\"@type\":\"SearchAction\",\"target\":\"https:\/\/www.gruptecno.com\/ca\/?s={search_term_string}\",\"query-input\":\"required name=search_term_string\"}],\"inLanguage\":\"ca\"},{\"@type\":\"WebPage\",\"@id\":\"https:\/\/www.gruptecno.com\/ca\/services\/#webpage\",\"url\":\"https:\/\/www.gruptecno.com\/ca\/services\/\",\"name\":\"Serveis - gruptecno.com\",\"isPartOf\":{\"@id\":\"https:\/\/www.gruptecno.com\/ca\/#website\"},\"datePublished\":\"2018-03-01T17:54:28+00:00\",\"dateModified\":\"2018-08-31T10:43:35+00:00\",\"inLanguage\":\"ca\",\"potentialAction\":[{\"@type\":\"ReadAction\",\"target\":[[\"https:\/\/www.gruptecno.com\/ca\/services\/\"]]}]}]}<\/script>\n<!-- \/ Yoast SEO plugin. -->","_links":{"self":[{"href":"https:\/\/www.gruptecno.com\/ca\/wp-json\/wp\/v2\/pages\/86"}],"collection":[{"href":"https:\/\/www.gruptecno.com\/ca\/wp-json\/wp\/v2\/pages"}],"about":[{"href":"https:\/\/www.gruptecno.com\/ca\/wp-json\/wp\/v2\/types\/page"}],"author":[{"embeddable":true,"href":"https:\/\/www.gruptecno.com\/ca\/wp-json\/wp\/v2\/users\/1"}],"replies":[{"embeddable":true,"href":"https:\/\/www.gruptecno.com\/ca\/wp-json\/wp\/v2\/comments?post=86"}],"version-history":[{"count":10,"href":"https:\/\/www.gruptecno.com\/ca\/wp-json\/wp\/v2\/pages\/86\/revisions"}],"predecessor-version":[{"id":920,"href":"https:\/\/www.gruptecno.com\/ca\/wp-json\/wp\/v2\/pages\/86\/revisions\/920"}],"wp:attachment":[{"href":"https:\/\/www.gruptecno.com\/ca\/wp-json\/wp\/v2\/media?parent=86"}],"curies":[{"name":"wp","href":"https:\/\/api.w.org\/{rel}","templated":true}]}}