{"id":1017,"date":"2024-02-23T13:50:03","date_gmt":"2024-02-23T12:50:03","guid":{"rendered":"https:\/\/www.gruptecno.com\/?page_id=1017"},"modified":"2024-02-23T19:24:57","modified_gmt":"2024-02-23T18:24:57","slug":"politica-de-cookies","status":"publish","type":"page","link":"https:\/\/www.gruptecno.com\/fr\/politica-de-cookies\/","title":{"rendered":"Politique de cookies"},"content":{"rendered":"<p><\/p>\n<h1>Politique de cookies<\/h1>\n<p>Chez GRUPTECNO, nous utilisons des cookies ou d&rsquo;autres fichiers dot\u00e9s de fonctionnalit\u00e9s similaires (ci-apr\u00e8s, \u00ab cookies \u00bb) pour savoir comment vous utilisez nos services et pouvoir les am\u00e9liorer. GRUPTECNO est responsable des cookies et du traitement des donn\u00e9es obtenues par leur interm\u00e9diaire, qu&rsquo;ils soient propres ou de tiers, en d\u00e9cidant de la finalit\u00e9, du contenu et de l&rsquo;utilisation du traitement des informations collect\u00e9es.<\/p>\n<p>L&rsquo;objectif de cette politique est de vous informer de mani\u00e8re claire et d\u00e9taill\u00e9e ce qu&rsquo;est un cookie, quelle est sa finalit\u00e9, quel type de cookies nous utilisons et comment les configurer ou, le cas \u00e9ch\u00e9ant, les d\u00e9sactiver.<\/p>\n<p>Un cookie est un petit fichier texte qui est stock\u00e9 dans votre navigateur lorsque vous visitez notre site Internet et qui stocke des informations relatives \u00e0 votre navigation. Certains cookies sont essentiels au bon fonctionnement des pages Web, comme les cookies techniques ou les cookies de personnalisation de l&rsquo;interface utilisateur, tandis que d&rsquo;autres, comme les cookies d&rsquo;analyse ou les cookies de publicit\u00e9 comportementale, nous obligent \u00e0 vous informer et \u00e0 recueillir votre consentement pour \u00eatre utilis\u00e9s par nous.<\/p>\n<p>Ci-dessous, et afin que vous puissiez donner votre consentement pleinement \u00e9clair\u00e9, nous d\u00e9taillons les informations sur en quoi il consiste et quelle est la finalit\u00e9 de chaque type de cookie.<\/p>\n<p><strong>TYPES DE COOKIES<\/strong><\/p>\n<p><u>SELON LE BUT<\/u><\/p>\n<ul>\n<li><strong>Cookies techniques et fonctionnels :<\/strong> ce sont ceux qui permettent \u00e0 l&rsquo;utilisateur de naviguer sur un site Internet, une plateforme ou une application et d&rsquo;utiliser les diff\u00e9rentes options ou services qui y existent.<\/li>\n<li><strong>Cookies analytiques :<\/strong> ce sont ceux qui permettent \u00e0 leur responsable de suivre et d&rsquo;analyser le comportement des utilisateurs des sites Internet auxquels ils sont li\u00e9s. Les informations collect\u00e9es via ce type de cookies sont utilis\u00e9es pour mesurer l&rsquo;activit\u00e9 des sites Internet, applications ou plateformes et pour \u00e9laborer des profils de navigation des utilisateurs de ces sites, applications et plateformes, afin d&rsquo;introduire des am\u00e9liorations bas\u00e9es sur l&rsquo;analyse des donn\u00e9es d&rsquo;utilisation. effectu\u00e9s par les utilisateurs du service.<\/li>\n<li><strong>Cookies publicitaires :<\/strong> sont ceux qui permettent la gestion, de la mani\u00e8re la plus efficace possible, des espaces publicitaires que, le cas \u00e9ch\u00e9ant, l&rsquo;\u00e9diteur a inclus dans une page Web, une application ou une plateforme \u00e0 partir de laquelle le service demand\u00e9 est fourni sur la base de crit\u00e8res tels que ceux-ci. en tant que contenu modifi\u00e9 ou la fr\u00e9quence \u00e0 laquelle les publicit\u00e9s sont diffus\u00e9es.<\/li>\n<li><strong>Cookies de publicit\u00e9 comportementale :<\/strong> ils collectent des informations sur les pr\u00e9f\u00e9rences et choix personnels de l&rsquo;utilisateur (retargeting) pour permettre la gestion, de la mani\u00e8re la plus efficace possible, des espaces publicitaires que, le cas \u00e9ch\u00e9ant, l&rsquo;\u00e9diteur a inclus sur un site Internet, une application ou une plateforme. \u00e0 partir duquel le service demand\u00e9 est fourni.<\/li>\n<li><strong>Cookies sociaux\u00a0:<\/strong> ils sont d\u00e9finis par les plateformes de r\u00e9seaux sociaux sur les Services pour vous permettre de partager du contenu avec vos amis et vos r\u00e9seaux. Les plateformes de r\u00e9seaux sociaux ont la capacit\u00e9 de suivre votre activit\u00e9 en ligne en dehors des Services. Cela peut affecter le contenu et les messages que vous voyez sur les autres services que vous visitez.<\/li>\n<li><strong>Cookies d&rsquo;affiliation :<\/strong> permettent de suivre les visites d&rsquo;autres sites Internet, avec lesquels le site Internet \u00e9tablit un contrat d&rsquo;affiliation (soci\u00e9t\u00e9s affili\u00e9es).<\/li>\n<li><strong>Cookies de s\u00e9curit\u00e9 :<\/strong> ils stockent des informations crypt\u00e9es pour \u00e9viter que les donn\u00e9es qui y sont stock\u00e9es ne soient vuln\u00e9rables aux attaques malveillantes de tiers.<\/li>\n<\/ul>\n<p><u>SELON LA PROPRI\u00c9T\u00c9<\/u><\/p>\n<ul>\n<li><strong>Cookies propres :<\/strong> sont ceux qui sont envoy\u00e9s \u00e0 l&rsquo;\u00e9quipement terminal de l&rsquo;utilisateur \u00e0 partir d&rsquo;un ordinateur ou d&rsquo;un domaine g\u00e9r\u00e9 par l&rsquo;\u00e9diteur lui-m\u00eame et \u00e0 partir duquel est fourni le service demand\u00e9 par l&rsquo;utilisateur.<\/li>\n<li><strong>Cookies tiers :<\/strong> sont ceux qui sont envoy\u00e9s \u00e0 l&rsquo;\u00e9quipement terminal de l&rsquo;utilisateur \u00e0 partir d&rsquo;un ordinateur ou d&rsquo;un domaine qui n&rsquo;est pas g\u00e9r\u00e9 par l&rsquo;\u00e9diteur, mais par une autre entit\u00e9 qui traite les donn\u00e9es obtenues gr\u00e2ce aux cookies.<\/li>\n<\/ul>\n<p><u>SELON LA P\u00c9RIODE DE CONSERVATION<\/u><\/p>\n<ul>\n<li><strong>Cookies de session\u00a0:<\/strong> sont un type de cookies con\u00e7us pour collecter et stocker des donn\u00e9es lorsque l&rsquo;utilisateur acc\u00e8de \u00e0 une page Web.<\/li>\n<li><strong>Cookies persistants :<\/strong> sont un type de cookie dans lequel les donn\u00e9es continuent \u00e0 \u00eatre stock\u00e9es dans le terminal et peuvent \u00eatre consult\u00e9es et trait\u00e9es pendant une dur\u00e9e d\u00e9finie par le responsable du cookie, qui peut aller de quelques minutes \u00e0 plusieurs ann\u00e9es.<\/li>\n<\/ul>\n<p><strong>TRAITEMENT DES DONN\u00c9ES PERSONNELLES<\/strong><\/p>\n<p>PAPELES PARA LA ALIMENTACI\u00d3N S.A. est le responsable du traitement des donn\u00e9es personnelles de l&rsquo;int\u00e9ress\u00e9 et vous informe que ces donn\u00e9es seront trait\u00e9es conform\u00e9ment aux dispositions du r\u00e8glement (UE) 2016\/679 du 27 avril 2016 (RGPD), pour lequel pr\u00e9voit le informations de traitement suivantes :<\/p>\n<p><strong>Finalit\u00e9s du traitement :<\/strong> telles que pr\u00e9cis\u00e9es dans la section cookies utilis\u00e9s sur ce site Internet.<\/p>\n<p><strong>L\u00e9gitimation du traitement :<\/strong> avec le consentement de l&rsquo;int\u00e9ress\u00e9 (art. 6.1 RGPD).<\/p>\n<p><strong>Crit\u00e8res de conservation des donn\u00e9es :<\/strong> tels que pr\u00e9cis\u00e9s dans la rubrique relative aux cookies utilis\u00e9s sur le site Internet.<\/p>\n<p><strong>Communication des donn\u00e9es :<\/strong> les donn\u00e9es ne seront pas communiqu\u00e9es \u00e0 des tiers, sauf dans les cookies appartenant \u00e0 des tiers ou par obligation l\u00e9gale.<\/p>\n<p><strong>Droits qui assistent l&rsquo;int\u00e9ress\u00e9\u00a0:<\/strong><\/p>\n<p>&#8211; Droit de retirer son consentement \u00e0 tout moment.<\/p>\n<p>&#8211; Droit d&rsquo;acc\u00e8s, de rectification, de portabilit\u00e9 et de suppression de vos donn\u00e9es, et limitation ou opposition \u00e0 leur traitement.<\/p>\n<p>&#8211; Droit de d\u00e9poser une r\u00e9clamation aupr\u00e8s de l&rsquo;Autorit\u00e9 de Contr\u00f4le (www.aepd.es) si vous estimez que le traitement n&rsquo;est pas conforme \u00e0 la r\u00e9glementation en vigueur.<\/p>\n<p><strong>Coordonn\u00e9es pour exercer vos droits :<\/strong><\/p>\n<p>GRUPTECNO. SANTA CREU DE CALAFELL, 108, SANT BOI DE LLOBREGAT (08830) BARCELONE, ESPAGNE. info@grutecno.com.<\/p>\n<p>&nbsp;<\/p>\n<p><strong>COOKIES UTILIS\u00c9S SUR CE SITE WEB<\/strong><\/p>\n<p>PAPELES PARA LA ALIMENTACION, S.A. utilise des cookies propres et de tiers de types techniques, de personnalisation et analytiques, pour les finalit\u00e9s expos\u00e9es dans la d\u00e9claration de cookies suivante :<\/p>\n<table class=\"cookielawinfo-row-cat-table cookielawinfo-classic\"><thead><tr><th class=\"cookielawinfo-column-1\">Cookie<\/th><th class=\"cookielawinfo-column-4\">Descripci\u00f3n<\/th><\/tr><\/thead><tbody><tr class=\"cookielawinfo-row\"><td class=\"cookielawinfo-column-1\">_ga<\/td><td class=\"cookielawinfo-column-4\">Google Analytics installe ce cookie pour calculer les donn\u00e9es des visiteurs, des sessions et des campagnes, et suivre l'utilisation du site pour le rapport analytique de celui-ci. Le cookie stocke les informations de mani\u00e8re anonyme et attribue un num\u00e9ro g\u00e9n\u00e9r\u00e9 al\u00e9atoirement pour reconna\u00eetre les visiteurs uniques.<\/td><\/tr><tr class=\"cookielawinfo-row\"><td class=\"cookielawinfo-column-1\">_gat<\/td><td class=\"cookielawinfo-column-4\">Google Universal Analytics met en place ce cookie pour restreindre le taux de demande et ainsi limiter la collecte de donn\u00e9es sur des sites \u00e0 fort trafic.<\/td><\/tr><tr class=\"cookielawinfo-row\"><td class=\"cookielawinfo-column-1\">_gid<\/td><td class=\"cookielawinfo-column-4\">Google Analytics installe ce cookie pour stocker des informations sur la mani\u00e8re dont les visiteurs utilisent un site web et \u00e9galement pour cr\u00e9er un rapport analytique sur la performance du site. Certaines des donn\u00e9es recueillies comprennent le nombre de visiteurs, leur source et les pages qu'ils visitent de mani\u00e8re anonyme.<\/td><\/tr><tr class=\"cookielawinfo-row\"><td class=\"cookielawinfo-column-1\">cookielawinfo-checkbox-advertisement<\/td><td class=\"cookielawinfo-column-4\">Mis en place par le plugin de Consentement aux Cookies du RGPD, ce cookie enregistre le consentement de l'utilisateur pour les cookies dans la cat\u00e9gorie \"Publicit\u00e9\".<\/td><\/tr><tr class=\"cookielawinfo-row\"><td class=\"cookielawinfo-column-1\">cookielawinfo-checkbox-analytics<\/td><td class=\"cookielawinfo-column-4\">Mis en place par le plugin de Consentement aux Cookies du RGPD, ce cookie enregistre le consentement de l'utilisateur pour les cookies dans la cat\u00e9gorie \"Analytiques\".<\/td><\/tr><tr class=\"cookielawinfo-row\"><td class=\"cookielawinfo-column-1\">cookielawinfo-checkbox-functional<\/td><td class=\"cookielawinfo-column-4\">Le plugin de Consentement aux Cookies du RGPD configure le cookie pour enregistrer le consentement de l'utilisateur pour les cookies dans la cat\u00e9gorie \"Fonctionnel\".<\/td><\/tr><tr class=\"cookielawinfo-row\"><td class=\"cookielawinfo-column-1\">cookielawinfo-checkbox-necessary<\/td><td class=\"cookielawinfo-column-4\">D\u00e9fini par le plugin de Consentement aux Cookies du RGPD, ce cookie enregistre le consentement de l'utilisateur pour les cookies dans la cat\u00e9gorie \"N\u00e9cessaires\".<\/td><\/tr><tr class=\"cookielawinfo-row\"><td class=\"cookielawinfo-column-1\">cookielawinfo-checkbox-others<\/td><td class=\"cookielawinfo-column-4\">Mis en place par le plugin de Consentement aux Cookies du RGPD, ce cookie stocke le consentement de l'utilisateur pour les cookies dans la cat\u00e9gorie \"Autres\"<\/td><\/tr><tr class=\"cookielawinfo-row\"><td class=\"cookielawinfo-column-1\">cookielawinfo-checkbox-performance<\/td><td class=\"cookielawinfo-column-4\">Mis en place par le plugin de Consentement aux Cookies du RGPD, ce cookie stocke le consentement de l'utilisateur pour les cookies dans la cat\u00e9gorie \"Performance\".<\/td><\/tr><tr class=\"cookielawinfo-row\"><td class=\"cookielawinfo-column-1\">CookieLawInfoConsent<\/td><td class=\"cookielawinfo-column-4\">CookieYes d\u00e9finit ce cookie pour enregistrer l'\u00e9tat par d\u00e9faut du bouton de la cat\u00e9gorie correspondante et le statut du CCPA. Il fonctionne uniquement en coordination avec le cookie principal.<\/td><\/tr><tr class=\"cookielawinfo-row\"><td class=\"cookielawinfo-column-1\">qtrans_front_language<\/td><td class=\"cookielawinfo-column-4\">Ce cookie est d\u00e9fini par le plugin qTranslate de WordPress. Le cookie est utilis\u00e9 pour g\u00e9rer la langue pr\u00e9f\u00e9r\u00e9e du visiteur.<\/td><\/tr><tr class=\"cookielawinfo-row\"><td class=\"cookielawinfo-column-1\">VISITOR_INFO1_LIVE<\/td><td class=\"cookielawinfo-column-4\">YouTube met en place ce cookie pour mesurer la bande passante, d\u00e9terminant si l'utilisateur obtient la nouvelle ou l'ancienne interface du lecteur.<\/td><\/tr><tr class=\"cookielawinfo-row\"><td class=\"cookielawinfo-column-1\">VISITOR_PRIVACY_METADATA<\/td><td class=\"cookielawinfo-column-4\">YouTube met en place ce cookie pour stocker l'\u00e9tat de consentement aux cookies de l'utilisateur pour le domaine actuel.<\/td><\/tr><tr class=\"cookielawinfo-row\"><td class=\"cookielawinfo-column-1\">YSC<\/td><td class=\"cookielawinfo-column-4\">YouTube met en place ce cookie pour suivre les vues des vid\u00e9os int\u00e9gr\u00e9es sur les pages YouTube.<\/td><\/tr><\/tbody><\/table>\n<p>&nbsp;<\/p>\n<p>Pour les cookies analytiques, nous avons besoin de votre consentement, que nous pouvons obtenir si vous cliquez sur le bouton \u00ab Accepter \u00bb dans le message d&rsquo;information affich\u00e9 lors de l&rsquo;acc\u00e8s \u00e0 notre site Internet.<\/p>\n<p>Si vous d\u00e9sactivez les cookies, vous pourrez toujours acc\u00e9der au site Internet, mais la navigation pourrait ne pas \u00eatre optimale et certains services propos\u00e9s pourraient ne pas fonctionner correctement.<\/p>\n<p>Si \u00e0 l&rsquo;avenir GRUPTECNO devait utiliser des types de cookies diff\u00e9rents de ceux envisag\u00e9s dans la pr\u00e9sente politique en mati\u00e8re de cookies pour fournir de nouveaux services ou s&rsquo;il \u00e9tait n\u00e9cessaire de l&rsquo;adapter \u00e0 de nouvelles exigences l\u00e9gislatives, nous vous en informerons.<\/p>\n<p>Vous pouvez autoriser, bloquer ou supprimer les cookies install\u00e9s sur votre appareil via le menu de configuration de votre navigateur Internet, et vous pouvez le configurer pour bloquer les cookies ou alerter l&rsquo;utilisateur lorsqu&rsquo;un serveur souhaite les enregistrer. Les liens suivants fournissent des informations sur la mani\u00e8re de configurer et\/ou d\u00e9sactiver les cookies pour chacun des principaux navigateurs du march\u00e9 afin que l&rsquo;utilisateur puisse d\u00e9cider d&rsquo;accepter ou non l&rsquo;utilisation de cookies.<\/p>\n<p>&#8211; Microsoft Internet Explorer: Menu Outils &gt; Options Internet &gt; Confidentialit\u00e9 &gt; Param\u00e8tres.<\/p>\n<p>&#8211; Firefox: Menu Outils &gt; Options &gt; Confidentialit\u00e9 &gt; Cookies.<\/p>\n<p>&#8211; Chrome: Menu Options &gt; Options avanc\u00e9es &gt; Confidentialit\u00e9.<\/p>\n<p>&#8211; Safari : menu Pr\u00e9f\u00e9rences\/Confidentialit\u00e9.<\/p>\n<p>&#8211; Safari pour IOS (iPhone et iPad) : Param\u00e8tres &gt; Safari<\/p>\n<p>&#8211; Chrome pour Android : Param\u00e8tres &gt; Param\u00e8tres du site Web &gt; Cookies<\/p>","protected":false},"excerpt":{"rendered":"<p>Politique de cookies Chez GRUPTECNO, nous utilisons des cookies ou d&rsquo;autres fichiers dot\u00e9s de fonctionnalit\u00e9s&#8230;<\/p>\n","protected":false},"author":1,"featured_media":0,"parent":0,"menu_order":0,"comment_status":"closed","ping_status":"closed","template":"","meta":{"footnotes":""},"yoast_head":"<!-- This site is optimized with the Yoast SEO plugin v14.2 - https:\/\/yoast.com\/wordpress\/plugins\/seo\/ -->\n<meta name=\"robots\" content=\"index, follow\" \/>\n<meta name=\"googlebot\" content=\"index, follow, max-snippet:-1, max-image-preview:large, max-video-preview:-1\" \/>\n<meta name=\"bingbot\" content=\"index, follow, max-snippet:-1, max-image-preview:large, max-video-preview:-1\" \/>\n<link rel=\"canonical\" href=\"https:\/\/www.gruptecno.com\/fr\/politica-de-cookies\/\" \/>\n<meta property=\"og:locale\" content=\"fr_FR\" \/>\n<meta property=\"og:type\" content=\"article\" \/>\n<meta property=\"og:title\" content=\"Politique de cookies - gruptecno.com\" \/>\n<meta property=\"og:description\" content=\"Politique de cookies Chez GRUPTECNO, nous utilisons des cookies ou d&rsquo;autres fichiers dot\u00e9s de fonctionnalit\u00e9s...\" \/>\n<meta property=\"og:url\" content=\"https:\/\/www.gruptecno.com\/fr\/politica-de-cookies\/\" \/>\n<meta property=\"og:site_name\" content=\"gruptecno.com\" \/>\n<meta property=\"article:modified_time\" content=\"2024-02-23T18:24:57+00:00\" \/>\n<meta name=\"twitter:card\" content=\"summary_large_image\" \/>\n<script type=\"application\/ld+json\" class=\"yoast-schema-graph\">{\"@context\":\"https:\/\/schema.org\",\"@graph\":[{\"@type\":\"WebSite\",\"@id\":\"https:\/\/www.gruptecno.com\/fr\/#website\",\"url\":\"https:\/\/www.gruptecno.com\/fr\/\",\"name\":\"gruptecno.com\",\"description\":\"Fabrication de papier dans le secteur de l&#039;alimentation\",\"potentialAction\":[{\"@type\":\"SearchAction\",\"target\":\"https:\/\/www.gruptecno.com\/fr\/?s={search_term_string}\",\"query-input\":\"required name=search_term_string\"}],\"inLanguage\":\"fr-FR\"},{\"@type\":\"WebPage\",\"@id\":\"https:\/\/www.gruptecno.com\/fr\/politica-de-cookies\/#webpage\",\"url\":\"https:\/\/www.gruptecno.com\/fr\/politica-de-cookies\/\",\"name\":\"Politique de cookies - gruptecno.com\",\"isPartOf\":{\"@id\":\"https:\/\/www.gruptecno.com\/fr\/#website\"},\"datePublished\":\"2024-02-23T12:50:03+00:00\",\"dateModified\":\"2024-02-23T18:24:57+00:00\",\"inLanguage\":\"fr-FR\",\"potentialAction\":[{\"@type\":\"ReadAction\",\"target\":[[\"https:\/\/www.gruptecno.com\/fr\/politica-de-cookies\/\"]]}]}]}<\/script>\n<!-- \/ Yoast SEO plugin. -->","_links":{"self":[{"href":"https:\/\/www.gruptecno.com\/fr\/wp-json\/wp\/v2\/pages\/1017"}],"collection":[{"href":"https:\/\/www.gruptecno.com\/fr\/wp-json\/wp\/v2\/pages"}],"about":[{"href":"https:\/\/www.gruptecno.com\/fr\/wp-json\/wp\/v2\/types\/page"}],"author":[{"embeddable":true,"href":"https:\/\/www.gruptecno.com\/fr\/wp-json\/wp\/v2\/users\/1"}],"replies":[{"embeddable":true,"href":"https:\/\/www.gruptecno.com\/fr\/wp-json\/wp\/v2\/comments?post=1017"}],"version-history":[{"count":7,"href":"https:\/\/www.gruptecno.com\/fr\/wp-json\/wp\/v2\/pages\/1017\/revisions"}],"predecessor-version":[{"id":1045,"href":"https:\/\/www.gruptecno.com\/fr\/wp-json\/wp\/v2\/pages\/1017\/revisions\/1045"}],"wp:attachment":[{"href":"https:\/\/www.gruptecno.com\/fr\/wp-json\/wp\/v2\/media?parent=1017"}],"curies":[{"name":"wp","href":"https:\/\/api.w.org\/{rel}","templated":true}]}}