{"id":2,"date":"2017-03-01T09:28:08","date_gmt":"2017-03-01T08:28:08","guid":{"rendered":"http:\/\/&#038;&#038;&#038;RUTAWEB&#038;&#038;&#038;?page_id=2"},"modified":"2018-08-31T11:14:47","modified_gmt":"2018-08-31T10:14:47","slug":"inicio","status":"publish","type":"page","link":"https:\/\/www.gruptecno.com\/fr\/","title":{"rendered":"Inicio"},"content":{"rendered":"<p><div class=\"row\"><div id=\"aq-block-242-1\" class=\"aq-block aq-block-aq_page_header_block col-sm-12 aq-first aq-last \">\n<header class=\"page-header ebor-pad-me\">\n\n\t<div class=\"background-image-holder parallax-background\">\n\t\t<img loading=\"lazy\" decoding=\"async\" width=\"2000\" height=\"1330\" src=\"https:\/\/www.gruptecno.com\/wp-content\/uploads\/2018\/03\/DSC_1635.jpg\" class=\"background-image\" alt=\"\" srcset=\"https:\/\/www.gruptecno.com\/wp-content\/uploads\/2018\/03\/DSC_1635.jpg 2000w, https:\/\/www.gruptecno.com\/wp-content\/uploads\/2018\/03\/DSC_1635-300x200.jpg 300w, https:\/\/www.gruptecno.com\/wp-content\/uploads\/2018\/03\/DSC_1635-768x511.jpg 768w, https:\/\/www.gruptecno.com\/wp-content\/uploads\/2018\/03\/DSC_1635-1024x681.jpg 1024w, https:\/\/www.gruptecno.com\/wp-content\/uploads\/2018\/03\/DSC_1635-600x400.jpg 600w\" sizes=\"(max-width: 2000px) 100vw, 2000px\" \/>\t<\/div>\n\t\n\t<div class=\"container\">\n\t\t<div class=\"row\">\n\t\t\t<div class=\"col-sm-12 text-center\">\n\t\t\t\t<span class=\"text-white alt-font\">TECNO<\/span><h1 class=\"text-white space-bottom-medium\">Nous produisons diff\u00e9rentes sortes de papier alimentaire et nous savons nous adapter aux besoins de nos clients et \u00e0 leurs exigences particuli\u00e8res.<\/h1><p class=\"lead text-white\">Vous voulez en savoir plus? <\/p><a href=\"https:\/\/www.gruptecno.com\/fr\/contact\/\" class=\"btn btn-primary btn-white\" target=\"_self\">Contact<\/a><a href=\"https:\/\/www.gruptecno.com\/fr\/services\/\" class=\"btn btn-primary btn-filled\" target=\"_self\">Services<\/a>\t\t\t<\/div>\n\t\t<\/div>\n\t<\/div>\n\t\n<\/header>\n\n<\/div><a href=\"#\" id=\"details\" class=\"in-page-link\"><\/a><section class=\"aq-block dark-wrapper\"><div class=\"container\"><div class=\"row\"><div id=\"aq-block-242-3\" class=\"aq-block aq-block-aq_section_title_block col-sm-12 aq-first aq-last \"><div class=\"\"><h1 class=\"\">Tecno Group jouit de plus de 35 ans d'exp\u00e9rience.<\/h1><\/div><div class=\"lead  \"><p>Compos\u00e9 de diff\u00e9rentes entreprises industrielles et commerciales, Tecno Group concentre ses activit\u00e9s professionnelles sur la fabrication de papier dans le secteur de l'alimentation.<\/p>\n<\/div><\/div><div id=\"aq-block-242-4\" class=\"aq-block aq-block-aq_spacer_block col-sm-12 aq-first aq-last \">\t\t\n\t\t<div style=\"clear: both; width: 100%; height: 30px;\"><\/div>\n\t\n\t<\/div><div id=\"aq-block-242-5\" class=\"aq-block aq-block-aq_ebor_text_block col-sm-6 aq-first \"><div class=\"feature feature-icon-left\"><div class=\"icon-holder\"><i class=\"icon icon-briefcase\"><\/i><\/div><div class=\"feature-text\"><h6>50 professionnels<\/h6><p>Nous disposons d'une \u00e9quipe comprenant plus de 50 professionnels jouissant d'une grande exp\u00e9rience dans ce secteur.<\/p>\n<\/div><\/div><\/div><div id=\"aq-block-242-6\" class=\"aq-block aq-block-aq_ebor_text_block col-sm-6  aq-last \"><div class=\"feature feature-icon-left\"><div class=\"icon-holder\"><i class=\"icon icon-tablet\"><\/i><\/div><div class=\"feature-text\"><h6>Les derni\u00e8res technologies<\/h6><p>Nous profitons des toutes derni\u00e8res avanc\u00e9es technologiques pour produire nos diff\u00e9rents types de papier.<\/p>\n<\/div><\/div><\/div><div id=\"aq-block-242-7\" class=\"aq-block aq-block-aq_ebor_text_block col-sm-6 aq-first \"><div class=\"feature feature-icon-left\"><div class=\"icon-holder\"><i class=\"icon icon-edit\"><\/i><\/div><div class=\"feature-text\"><h6>12 000 m\u00e8tres carr\u00e9s<\/h6><p>C'est \u00e0 partir de nos installations de production de 12\u00a0000\u00a0m<sup>2<\/sup> que nous pouvons approvisionner l'ensemble du march\u00e9 espagnol et international.<\/p>\n<\/div><\/div><\/div><div id=\"aq-block-242-8\" class=\"aq-block aq-block-aq_ebor_text_block col-sm-6  aq-last \"><div class=\"feature feature-icon-left\"><div class=\"icon-holder\"><i class=\"icon icon-search\"><\/i><\/div><div class=\"feature-text\"><h6>Qualit\u00e9 du produit<\/h6><p>Nous nous engageons \u00e0 produire la meilleure qualit\u00e9 possible et un niveau de service impeccable tout en proposant des tarifs comp\u00e9titifs.<\/p>\n<\/div><\/div><\/div><\/div><\/div><\/section><a href=\"#\" id=\"video\" class=\"in-page-link\"><\/a><section class=\"aq-block light-wrapper\"><div class=\"container\"><div class=\"row\"><div id=\"aq-block-242-10\" class=\"aq-block aq-block-aq_section_title_block col-sm-6 aq-first \"><div class=\"\"><h1 class=\"\">L'\u00e9cologie \u00e9tant l'une de nos priorit\u00e9s, nous produisons du papier enduit de paraffine v\u00e9g\u00e9tale sur un c\u00f4t\u00e9 ou les deux.<\/h1><\/div><div class=\"lead  \"><p>Nous avons commenc\u00e9 \u00e0 fabriquer ce genre de papier r\u00e9cemment alors que l'industrie agroalimentaire souhaitait devenir la plus \u00e9cologique possible.<\/p>\n<\/div><\/div><div id=\"aq-block-242-11\" class=\"aq-block aq-block-aq_image_block col-sm-6  aq-last \">\t\t\n\t\t<div class=\"text-center\">\n\t\t\n\t\t\t\t\t\t\n\t\t\t\t\t<img decoding=\"async\" src=\"https:\/\/www.gruptecno.com\/wp-content\/uploads\/2018\/03\/DSC_4594.jpg\" alt=\"aq_block_11\" \/>\n\t\t\t\n\t\t\t\t\t\n\t\t<\/div>\n\t\t\n\t<\/div><\/div><\/div><\/section><\/div><\/p>","protected":false},"excerpt":{"rendered":"TECNONous produisons diff\u00e9rentes sortes de papier alimentaire et nous savons nous adapter aux besoins de...","protected":false},"author":1,"featured_media":0,"parent":0,"menu_order":0,"comment_status":"closed","ping_status":"closed","template":"","meta":{"footnotes":""},"yoast_head":"<!-- This site is optimized with the Yoast SEO plugin v14.2 - https:\/\/yoast.com\/wordpress\/plugins\/seo\/ -->\n<meta name=\"robots\" content=\"index, follow\" \/>\n<meta name=\"googlebot\" content=\"index, follow, max-snippet:-1, max-image-preview:large, max-video-preview:-1\" \/>\n<meta name=\"bingbot\" content=\"index, follow, max-snippet:-1, max-image-preview:large, max-video-preview:-1\" \/>\n<link rel=\"canonical\" href=\"https:\/\/www.gruptecno.com\/fr\/\" \/>\n<meta property=\"og:locale\" content=\"fr_FR\" \/>\n<meta property=\"og:type\" content=\"article\" \/>\n<meta property=\"og:title\" content=\"Inicio - gruptecno.com\" \/>\n<meta property=\"og:url\" content=\"https:\/\/www.gruptecno.com\/fr\/\" \/>\n<meta property=\"og:site_name\" content=\"gruptecno.com\" \/>\n<meta property=\"article:modified_time\" content=\"2018-08-31T10:14:47+00:00\" \/>\n<meta name=\"twitter:card\" content=\"summary_large_image\" \/>\n<script type=\"application\/ld+json\" class=\"yoast-schema-graph\">{\"@context\":\"https:\/\/schema.org\",\"@graph\":[{\"@type\":\"WebSite\",\"@id\":\"https:\/\/www.gruptecno.com\/fr\/#website\",\"url\":\"https:\/\/www.gruptecno.com\/fr\/\",\"name\":\"gruptecno.com\",\"description\":\"Fabrication de papier dans le secteur de l&#039;alimentation\",\"potentialAction\":[{\"@type\":\"SearchAction\",\"target\":\"https:\/\/www.gruptecno.com\/fr\/?s={search_term_string}\",\"query-input\":\"required name=search_term_string\"}],\"inLanguage\":\"fr-FR\"},{\"@type\":\"WebPage\",\"@id\":\"https:\/\/www.gruptecno.com\/fr\/#webpage\",\"url\":\"https:\/\/www.gruptecno.com\/fr\/\",\"name\":\"Inicio - gruptecno.com\",\"isPartOf\":{\"@id\":\"https:\/\/www.gruptecno.com\/fr\/#website\"},\"datePublished\":\"2017-03-01T08:28:08+00:00\",\"dateModified\":\"2018-08-31T10:14:47+00:00\",\"inLanguage\":\"fr-FR\",\"potentialAction\":[{\"@type\":\"ReadAction\",\"target\":[[\"https:\/\/www.gruptecno.com\/fr\/\"]]}]}]}<\/script>\n<!-- \/ Yoast SEO plugin. -->","_links":{"self":[{"href":"https:\/\/www.gruptecno.com\/fr\/wp-json\/wp\/v2\/pages\/2"}],"collection":[{"href":"https:\/\/www.gruptecno.com\/fr\/wp-json\/wp\/v2\/pages"}],"about":[{"href":"https:\/\/www.gruptecno.com\/fr\/wp-json\/wp\/v2\/types\/page"}],"author":[{"embeddable":true,"href":"https:\/\/www.gruptecno.com\/fr\/wp-json\/wp\/v2\/users\/1"}],"replies":[{"embeddable":true,"href":"https:\/\/www.gruptecno.com\/fr\/wp-json\/wp\/v2\/comments?post=2"}],"version-history":[{"count":8,"href":"https:\/\/www.gruptecno.com\/fr\/wp-json\/wp\/v2\/pages\/2\/revisions"}],"predecessor-version":[{"id":914,"href":"https:\/\/www.gruptecno.com\/fr\/wp-json\/wp\/v2\/pages\/2\/revisions\/914"}],"wp:attachment":[{"href":"https:\/\/www.gruptecno.com\/fr\/wp-json\/wp\/v2\/media?parent=2"}],"curies":[{"name":"wp","href":"https:\/\/api.w.org\/{rel}","templated":true}]}}