{"id":86,"date":"2018-03-01T18:54:28","date_gmt":"2018-03-01T17:54:28","guid":{"rendered":"http:\/\/www.gruptecno.com\/es\/?page_id=86"},"modified":"2018-08-31T11:43:35","modified_gmt":"2018-08-31T10:43:35","slug":"servicios","status":"publish","type":"page","link":"https:\/\/www.gruptecno.com\/fr\/servicios\/","title":{"rendered":"Servicios"},"content":{"rendered":"<p><div class=\"row\"><a href=\"#\" id=\"servicios\" class=\"in-page-link\"><\/a><section class=\"aq-block dark-wrapper\"><div class=\"container\"><div class=\"row\"><div id=\"aq-block-893-2\" class=\"aq-block aq-block-aq_section_title_block col-sm-12 aq-first aq-last \"><div class=\"text-center\"><h1 class=\"\">Services<\/h1><\/div><\/div><div id=\"aq-block-893-3\" class=\"aq-block aq-block-aq_ebor_text_block col-sm-4 aq-first \"><div class=\"feature\"><h5>Type de papier<\/h5><p>Nous fabriquons une grande vari\u00e9t\u00e9 de papiers pour le secteur agroalimentaire et pour l'industrie, qu'il s'agisse de papier plastifi\u00e9, paraffin\u00e9, coll\u00e9, \u00e0 double usage ou encore lamin\u00e9. Aujourd'hui, en raison de la forte demande en produits \u00e9cologiques, le papier paraffin\u00e9 que nous fabriquons utilise de la paraffine v\u00e9g\u00e9tale sur un c\u00f4t\u00e9 ou les deux.<\/p>\n<\/div><\/div><div id=\"aq-block-893-4\" class=\"aq-block aq-block-aq_ebor_text_block col-sm-4  \"><div class=\"feature\"><h5>Formats, bobines, grammage<\/h5><p>Nous pouvons fabriquer tous types de formats et de bobines de papier, entre 35 et 200 grammes par m\u00e8tre carr\u00e9, mais aussi aux largeurs diff\u00e9rentes. Notre flexibilit\u00e9, un contr\u00f4le qualit\u00e9 strict et les garanties pour la sant\u00e9 sont les qualit\u00e9s qui nous ont permis de devenir une r\u00e9f\u00e9rence dans le domaine du papier alimentaire.<\/p>\n<\/div><\/div><div id=\"aq-block-893-5\" class=\"aq-block aq-block-aq_ebor_text_block col-sm-4  aq-last \"><div class=\"feature\"><h5>Impression<\/h5><p>Nos clients ont la possibilit\u00e9 de personnaliser le papier avec leurs propres cr\u00e9ations. Nous pouvons r\u00e9aliser des impressions fixes ou continues \u00e0 l'aide de trois encres.<\/p>\n<\/div><\/div><\/div><\/div><\/section><a href=\"#\" id=\"productos\" class=\"in-page-link\"><\/a><section class=\"aq-block light-wrapper\"><div class=\"container\"><div class=\"row\"><div id=\"aq-block-893-7\" class=\"aq-block aq-block-aq_section_title_block col-sm-12 aq-first aq-last \"><div class=\"text-center\"><h1 class=\"\">D\u00e9couvrez nos produits<\/h1><\/div><div class=\"lead text-center \"><p>Si vous ne trouvez pas le produit souhait\u00e9, demandez-le-nous et nous irons le chercher. Vous pouvez personnaliser la plupart des produits avec vos propres cr\u00e9ations.<\/p>\n<\/div><\/div><div id=\"aq-block-893-8\" class=\"aq-block aq-block-aq_portfolio_block col-sm-12 aq-first aq-last \">\t\n\t\t<section class=\"no-pad-bottom projects-gallery\">\n\t\t\t<div class=\"projects-wrapper clearfix\">\n\t\t\t\n\t\t\t\t\t\t\n\t\t\t\t\t\t\t\t\n\t\t\t\t\t<div class=\"projects-container\">\n\t\t\t\t\t\n\t\t\t\t\t\t<div id=\"portfolio-619\" class=\"col-md-3 col-sm-6 no-pad project image-holder branding-slug\">\n\n\t<div class=\"background-image-holder\">\n\t\t<img loading=\"lazy\" decoding=\"async\" width=\"1920\" height=\"1049\" src=\"https:\/\/www.gruptecno.com\/wp-content\/uploads\/2018\/08\/Plastificado-industrial-1.jpg\" class=\"background-image wp-post-image\" alt=\"\" srcset=\"https:\/\/www.gruptecno.com\/wp-content\/uploads\/2018\/08\/Plastificado-industrial-1.jpg 1920w, https:\/\/www.gruptecno.com\/wp-content\/uploads\/2018\/08\/Plastificado-industrial-1-300x164.jpg 300w, https:\/\/www.gruptecno.com\/wp-content\/uploads\/2018\/08\/Plastificado-industrial-1-768x420.jpg 768w, https:\/\/www.gruptecno.com\/wp-content\/uploads\/2018\/08\/Plastificado-industrial-1-1024x559.jpg 1024w\" sizes=\"(max-width: 1920px) 100vw, 1920px\" \/>\t<\/div>\n\t\n\t<div class=\"hover-state\">\n\t\t<div class=\"align-vertical text-center\">\n\t\t\t<h1 class=\"text-white\"><strong>Papier plastifi\u00e9 industriel<\/strong><\/h1>\t\t\t<p class=\"text-white ebor-limit-width\">Tecno Group se sp\u00e9cialise principalement dans le papier plastifi\u00e9. Au-del\u00e0 du secteur agroalimentaire, nous appliquons...<\/p>\n\t\t\t<a href=\"https:\/\/www.gruptecno.com\/fr\/portfolio\/plastificat-industrial\/\" class=\"btn btn-primary btn-white\">\n\t\t\t\tVoir produit\t\t\t<\/a>\n\t\t<\/div>\n\t<\/div>\n\t\n<\/div><div id=\"portfolio-618\" class=\"col-md-3 col-sm-6 no-pad project image-holder branding-slug\">\n\n\t<div class=\"background-image-holder\">\n\t\t<img loading=\"lazy\" decoding=\"async\" width=\"1920\" height=\"1280\" src=\"https:\/\/www.gruptecno.com\/wp-content\/uploads\/2018\/08\/Plastificado-alimentario-1.jpg\" class=\"background-image wp-post-image\" alt=\"\" srcset=\"https:\/\/www.gruptecno.com\/wp-content\/uploads\/2018\/08\/Plastificado-alimentario-1.jpg 1920w, https:\/\/www.gruptecno.com\/wp-content\/uploads\/2018\/08\/Plastificado-alimentario-1-300x200.jpg 300w, https:\/\/www.gruptecno.com\/wp-content\/uploads\/2018\/08\/Plastificado-alimentario-1-768x512.jpg 768w, https:\/\/www.gruptecno.com\/wp-content\/uploads\/2018\/08\/Plastificado-alimentario-1-1024x683.jpg 1024w, https:\/\/www.gruptecno.com\/wp-content\/uploads\/2018\/08\/Plastificado-alimentario-1-600x400.jpg 600w\" sizes=\"(max-width: 1920px) 100vw, 1920px\" \/>\t<\/div>\n\t\n\t<div class=\"hover-state\">\n\t\t<div class=\"align-vertical text-center\">\n\t\t\t<h1 class=\"text-white\"><strong>Papier alimentaire plastifi\u00e9<\/strong><\/h1>\t\t\t<p class=\"text-white ebor-limit-width\">Tecno Group se sp\u00e9cialise principalement dans le papier plastifi\u00e9 pour l&rsquo;industrie agroalimentaire. Celui-ci comporte une...<\/p>\n\t\t\t<a href=\"https:\/\/www.gruptecno.com\/fr\/portfolio\/plastificat-alimentari\/\" class=\"btn btn-primary btn-white\">\n\t\t\t\tVoir produit\t\t\t<\/a>\n\t\t<\/div>\n\t<\/div>\n\t\n<\/div><div id=\"portfolio-354\" class=\"col-md-3 col-sm-6 no-pad project image-holder branding-slug\">\n\n\t<div class=\"background-image-holder\">\n\t\t<img loading=\"lazy\" decoding=\"async\" width=\"1920\" height=\"1280\" src=\"https:\/\/www.gruptecno.com\/wp-content\/uploads\/2018\/08\/Parafina-vegetal-1.jpg\" class=\"background-image wp-post-image\" alt=\"\" srcset=\"https:\/\/www.gruptecno.com\/wp-content\/uploads\/2018\/08\/Parafina-vegetal-1.jpg 1920w, https:\/\/www.gruptecno.com\/wp-content\/uploads\/2018\/08\/Parafina-vegetal-1-300x200.jpg 300w, https:\/\/www.gruptecno.com\/wp-content\/uploads\/2018\/08\/Parafina-vegetal-1-768x512.jpg 768w, https:\/\/www.gruptecno.com\/wp-content\/uploads\/2018\/08\/Parafina-vegetal-1-1024x683.jpg 1024w, https:\/\/www.gruptecno.com\/wp-content\/uploads\/2018\/08\/Parafina-vegetal-1-600x400.jpg 600w\" sizes=\"(max-width: 1920px) 100vw, 1920px\" \/>\t<\/div>\n\t\n\t<div class=\"hover-state\">\n\t\t<div class=\"align-vertical text-center\">\n\t\t\t<h1 class=\"text-white\"><strong>Paraffine v\u00e9g\u00e9tale<\/strong><\/h1>\t\t\t<p class=\"text-white ebor-limit-width\">Ce type de papier fabriqu\u00e9 en paraffine v\u00e9g\u00e9tale a \u00e9t\u00e9 trait\u00e9 pour pouvoir entrer en...<\/p>\n\t\t\t<a href=\"https:\/\/www.gruptecno.com\/fr\/portfolio\/parafina-vegetal\/\" class=\"btn btn-primary btn-white\">\n\t\t\t\tVoir produit\t\t\t<\/a>\n\t\t<\/div>\n\t<\/div>\n\t\n<\/div><div id=\"portfolio-127\" class=\"col-md-3 col-sm-6 no-pad project image-holder branding-slug\">\n\n\t<div class=\"background-image-holder\">\n\t\t<img loading=\"lazy\" decoding=\"async\" width=\"1920\" height=\"1280\" src=\"https:\/\/www.gruptecno.com\/wp-content\/uploads\/2018\/08\/Laminado.jpg\" class=\"background-image wp-post-image\" alt=\"\" srcset=\"https:\/\/www.gruptecno.com\/wp-content\/uploads\/2018\/08\/Laminado.jpg 1920w, https:\/\/www.gruptecno.com\/wp-content\/uploads\/2018\/08\/Laminado-300x200.jpg 300w, https:\/\/www.gruptecno.com\/wp-content\/uploads\/2018\/08\/Laminado-768x512.jpg 768w, https:\/\/www.gruptecno.com\/wp-content\/uploads\/2018\/08\/Laminado-1024x683.jpg 1024w, https:\/\/www.gruptecno.com\/wp-content\/uploads\/2018\/08\/Laminado-600x400.jpg 600w\" sizes=\"(max-width: 1920px) 100vw, 1920px\" \/>\t<\/div>\n\t\n\t<div class=\"hover-state\">\n\t\t<div class=\"align-vertical text-center\">\n\t\t\t<h1 class=\"text-white\"><strong>Lamin\u00e9s<\/strong><\/h1>\t\t\t<p class=\"text-white ebor-limit-width\">Le papier lamin\u00e9 dispose d&rsquo;une feuille coll\u00e9e pouvant \u00eatre s\u00e9par\u00e9e du papier, ce qui facilite...<\/p>\n\t\t\t<a href=\"https:\/\/www.gruptecno.com\/fr\/portfolio\/laminat\/\" class=\"btn btn-primary btn-white\">\n\t\t\t\tVoir produit\t\t\t<\/a>\n\t\t<\/div>\n\t<\/div>\n\t\n<\/div>\t\t\t\t\t\n\t\t\t\t\t<\/div><!--end of projects-container-->\n\t\t\t\n\t\t\t\t\t\n\t\t\t<\/div><!--end of projects wrapper-->\n\t\t<\/section>\n\t\n\t<\/div><\/div><\/div><\/section><\/div><\/p>","protected":false},"excerpt":{"rendered":"Le papier lamin\u00e9 dispose d'une feuille coll\u00e9e pouvant \u00eatre s\u00e9par\u00e9e du papier, ce qui facilite...","protected":false},"author":1,"featured_media":0,"parent":0,"menu_order":0,"comment_status":"closed","ping_status":"closed","template":"","meta":{"footnotes":""},"yoast_head":"<!-- This site is optimized with the Yoast SEO plugin v14.2 - https:\/\/yoast.com\/wordpress\/plugins\/seo\/ -->\n<meta name=\"robots\" content=\"index, follow\" \/>\n<meta name=\"googlebot\" content=\"index, follow, max-snippet:-1, max-image-preview:large, max-video-preview:-1\" \/>\n<meta name=\"bingbot\" content=\"index, follow, max-snippet:-1, max-image-preview:large, max-video-preview:-1\" \/>\n<link rel=\"canonical\" href=\"https:\/\/www.gruptecno.com\/fr\/services\/\" \/>\n<meta property=\"og:locale\" content=\"fr_FR\" \/>\n<meta property=\"og:type\" content=\"article\" \/>\n<meta property=\"og:title\" content=\"Servicios - gruptecno.com\" \/>\n<meta property=\"og:url\" content=\"https:\/\/www.gruptecno.com\/fr\/services\/\" \/>\n<meta property=\"og:site_name\" content=\"gruptecno.com\" \/>\n<meta property=\"article:modified_time\" content=\"2018-08-31T10:43:35+00:00\" \/>\n<meta name=\"twitter:card\" content=\"summary_large_image\" \/>\n<script type=\"application\/ld+json\" class=\"yoast-schema-graph\">{\"@context\":\"https:\/\/schema.org\",\"@graph\":[{\"@type\":\"WebSite\",\"@id\":\"https:\/\/www.gruptecno.com\/fr\/#website\",\"url\":\"https:\/\/www.gruptecno.com\/fr\/\",\"name\":\"gruptecno.com\",\"description\":\"Fabrication de papier dans le secteur de l&#039;alimentation\",\"potentialAction\":[{\"@type\":\"SearchAction\",\"target\":\"https:\/\/www.gruptecno.com\/fr\/?s={search_term_string}\",\"query-input\":\"required name=search_term_string\"}],\"inLanguage\":\"fr-FR\"},{\"@type\":\"WebPage\",\"@id\":\"https:\/\/www.gruptecno.com\/fr\/services\/#webpage\",\"url\":\"https:\/\/www.gruptecno.com\/fr\/services\/\",\"name\":\"Servicios - gruptecno.com\",\"isPartOf\":{\"@id\":\"https:\/\/www.gruptecno.com\/fr\/#website\"},\"datePublished\":\"2018-03-01T17:54:28+00:00\",\"dateModified\":\"2018-08-31T10:43:35+00:00\",\"inLanguage\":\"fr-FR\",\"potentialAction\":[{\"@type\":\"ReadAction\",\"target\":[[\"https:\/\/www.gruptecno.com\/fr\/services\/\"]]}]}]}<\/script>\n<!-- \/ Yoast SEO plugin. -->","_links":{"self":[{"href":"https:\/\/www.gruptecno.com\/fr\/wp-json\/wp\/v2\/pages\/86"}],"collection":[{"href":"https:\/\/www.gruptecno.com\/fr\/wp-json\/wp\/v2\/pages"}],"about":[{"href":"https:\/\/www.gruptecno.com\/fr\/wp-json\/wp\/v2\/types\/page"}],"author":[{"embeddable":true,"href":"https:\/\/www.gruptecno.com\/fr\/wp-json\/wp\/v2\/users\/1"}],"replies":[{"embeddable":true,"href":"https:\/\/www.gruptecno.com\/fr\/wp-json\/wp\/v2\/comments?post=86"}],"version-history":[{"count":10,"href":"https:\/\/www.gruptecno.com\/fr\/wp-json\/wp\/v2\/pages\/86\/revisions"}],"predecessor-version":[{"id":920,"href":"https:\/\/www.gruptecno.com\/fr\/wp-json\/wp\/v2\/pages\/86\/revisions\/920"}],"wp:attachment":[{"href":"https:\/\/www.gruptecno.com\/fr\/wp-json\/wp\/v2\/media?parent=86"}],"curies":[{"name":"wp","href":"https:\/\/api.w.org\/{rel}","templated":true}]}}