{"id":1017,"date":"2024-02-23T13:50:03","date_gmt":"2024-02-23T12:50:03","guid":{"rendered":"https:\/\/www.gruptecno.com\/?page_id=1017"},"modified":"2024-02-23T19:24:57","modified_gmt":"2024-02-23T18:24:57","slug":"politica-de-cookies","status":"publish","type":"page","link":"https:\/\/www.gruptecno.com\/it\/politica-de-cookies\/","title":{"rendered":"Politica sui cookie"},"content":{"rendered":"<p><\/p>\n<h1>Politica sui cookie<\/h1>\n<p>In GRUPTECNO utilizziamo cookie o altri file con funzionalit\u00e0 simili (di seguito, \u201ccookie\u201d) per sapere come utilizzi i nostri servizi e per poterli migliorare. GRUPTECNO \u00e8 responsabile dei cookie e del trattamento dei dati ottenuti attraverso di essi, propri o di terzi, decidendo lo scopo, il contenuto e l&#8217;utilizzo del trattamento delle informazioni raccolte.<\/p>\n<p>L&#8217;obiettivo di questa politica \u00e8 informarti in modo chiaro e dettagliato che cos&#8217;\u00e8 un cookie, qual \u00e8 il suo scopo, che tipo di cookie utilizziamo e come configurarli o, se del caso, disabilitarli.<\/p>\n<p>Un cookie \u00e8 un piccolo file di testo che viene memorizzato nel tuo browser quando visiti il \u200b\u200bnostro sito web e che memorizza informazioni sulla tua navigazione. Alcuni cookie sono essenziali per il corretto funzionamento delle pagine web, come i cookie tecnici o i cookie di personalizzazione dell&#8217;interfaccia utente, mentre altri, come i cookie di analisi o i cookie di pubblicit\u00e0 comportamentale, richiedono che ti informiamo e raccogliamo il tuo consenso per essere utilizzati da noi.<\/p>\n<p>Di seguito, e affinch\u00e9 tu possa esprimere un consenso pienamente informato, ti dettagliamo le informazioni su in cosa consiste e qual \u00e8 lo scopo di ciascuna tipologia di cookie.<\/p>\n<p><strong>TIPOLOGIE DI COOKIE<\/strong><\/p>\n<p><u>SECONDO LO SCOPO<\/u><\/p>\n<ul>\n<li><strong>Cookie tecnici e funzionali:<\/strong> sono quelli che consentono all&#8217;utente di navigare attraverso un sito web, piattaforma o applicazione e utilizzare le diverse opzioni o servizi in esso presenti.<\/li>\n<li><strong>Cookie analitici:<\/strong> sono quelli che consentono al responsabile degli stessi di monitorare e analizzare il comportamento degli utenti dei siti Web a cui sono collegati. Le informazioni raccolte attraverso questo tipo di cookie vengono utilizzate per misurare l&#8217;attivit\u00e0 di siti web, applicazioni o piattaforme e per preparare profili di navigazione degli utenti di detti siti, applicazioni e piattaforme, al fine di introdurre miglioramenti basati sull&#8217;analisi dei dati di utilizzo. effettuati dagli utenti del servizio.<\/li>\n<li><strong>Cookie pubblicitari:<\/strong> sono quelli che consentono la gestione, nel modo pi\u00f9 efficiente possibile, degli spazi pubblicitari che, se del caso, l&#8217;editore ha inserito in una pagina web, applicazione o piattaforma dalla quale fornisce il servizio richiesto in base a criteri tali. come contenuto modificato o la frequenza con cui vengono visualizzati gli annunci.<\/li>\n<li><strong>Cookie di pubblicit\u00e0 comportamentale:<\/strong> raccolgono informazioni sulle preferenze e scelte personali dell&#8217;utente (retargeting) per consentire la gestione, nel modo pi\u00f9 efficiente possibile, degli spazi pubblicitari che, se del caso, l&#8217;editor ha incluso su un sito web, un&#8217;applicazione o una piattaforma. da cui viene erogato il servizio richiesto.<\/li>\n<li><strong>Cookie sociali:<\/strong> vengono impostati dalle piattaforme di social media sui Servizi per consentirti di condividere contenuti con i tuoi amici e reti. Le piattaforme di social media hanno la capacit\u00e0 di tracciare la tua attivit\u00e0 online al di fuori dei Servizi. Ci\u00f2 potrebbe influire sul contenuto e sui messaggi che vedi su altri servizi che visiti.<\/li>\n<li><strong>Cookie affiliati:<\/strong> consentono di tracciare le visite di altri siti web, con i quali il sito web stabilisce un contratto di affiliazione (societ\u00e0 affiliate).<\/li>\n<li><strong>Cookie di sicurezza:<\/strong> memorizzano informazioni crittografate per evitare che i dati in essi memorizzati siano vulnerabili ad attacchi dannosi da parte di terzi.<\/li>\n<\/ul>\n<p><u>SECONDO LA PROPRIET\u00c0<\/u><\/p>\n<ul>\n<li><strong>Cookie propri:<\/strong> sono quelli che vengono inviati al terminale dell&#8217;utente da un computer o dominio gestito dall&#8217;editore stesso e dal quale viene prestato il servizio richiesto dall&#8217;utente.<\/li>\n<li><strong>Cookie di terze parti:<\/strong> sono quelli che vengono inviati al terminale dell&#8217;utente da un computer o dominio non gestito dall&#8217;editore, ma da un&#8217;altra entit\u00e0 che elabora i dati ottenuti tramite i cookie.<\/li>\n<\/ul>\n<p><u>SECONDO IL PERIODO DI CONSERVAZIONE<\/u><\/p>\n<ul>\n<li><strong>Cookie di sessione:<\/strong> sono un tipo di cookie progettati per raccogliere e archiviare dati mentre l&#8217;utente accede a una pagina web.<\/li>\n<li><strong>Cookie persistenti:<\/strong> sono un tipo di cookie in cui i dati continuano ad essere memorizzati nel terminale e sono accessibili ed elaborati per un periodo definito dalla persona responsabile del cookie, che pu\u00f2 variare da pochi minuti a diversi anni.<\/li>\n<\/ul>\n<p><strong>TRATTAMENTO DEI DATI PERSONALI<\/strong><\/p>\n<p>PAPELES PARA LA ALIMENTACI\u00d3N, S.A. \u00e8 il Responsabile del trattamento dei dati personali dell&#8217;Interessato e La informa che tali dati saranno trattati conformemente a quanto previsto dal Regolamento (UE) 2016\/679, del 27 aprile 2016 (GDPR), per il quale Prevede il seguenti informazioni sul trattamento:<\/p>\n<p><strong>Finalit\u00e0 del trattamento:<\/strong> come specificato nella sezione cookies utilizzati nel presente sito.<\/p>\n<p><strong>Legittimazione del trattamento:<\/strong> mediante consenso dell&#8217;interessato (art. 6.1 GDPR).<\/p>\n<p><strong>Criteri di conservazione dei dati:<\/strong> come specificato nella sezione relativa ai cookie utilizzati nel sito.<\/p>\n<p><strong>Comunicazione dei dati:<\/strong> i dati non saranno comunicati a terzi, salvo nei cookies di titolarit\u00e0 di soggetti terzi o per obbligo di legge.<\/p>\n<p><strong>Diritti che assistono l\u2019Interessato:<\/strong><\/p>\n<p>&#8211; Diritto di revocare il consenso in qualsiasi momento.<\/p>\n<p>&#8211; Diritto di accesso, rettifica, portabilit\u00e0 e cancellazione dei tuoi dati e limitazione o opposizione al loro trattamento.<\/p>\n<p>&#8211; Diritto di presentare un reclamo all&#8217;Autorit\u00e0 di controllo (www.aepd.es) se ritiene che il trattamento non sia conforme alla normativa vigente.<\/p>\n<p><strong>Informazioni di contatto per esercitare i tuoi diritti:<\/strong><\/p>\n<p>GRUPTECNO. SANTA CREU DE CALAFELL, 108, SANT BOI DE LLOBREGAT (08830) BARCELLONA, SPAGNA. info@grutecno.com.<\/p>\n<p>&nbsp;<\/p>\n<p><strong>COOKIE UTILIZZATI IN QUESTO SITO WEB<\/strong><\/p>\n<p>PAPELES PARA LA ALIMENTACION, S.A. sta utilizzando cookie propri e di terze parti di tipo tecnico, personalizzazione e analisi, per le finalit\u00e0 esposte nella seguente dichiarazione dei cookie:<\/p>\n<table class=\"cookielawinfo-row-cat-table cookielawinfo-classic\"><thead><tr><th class=\"cookielawinfo-column-1\">Cookie<\/th><th class=\"cookielawinfo-column-4\">Descripci\u00f3n<\/th><\/tr><\/thead><tbody><tr class=\"cookielawinfo-row\"><td class=\"cookielawinfo-column-1\">_ga<\/td><td class=\"cookielawinfo-column-4\">Google Analytics imposta questo cookie per calcolare i dati di visitatori, sessioni e campagne, e tracciare l'uso del sito per il rapporto analitico dello stesso. Il cookie memorizza informazioni in modo anonimo e assegna un numero generato casualmente per riconoscere i visitatori unici.<\/td><\/tr><tr class=\"cookielawinfo-row\"><td class=\"cookielawinfo-column-1\">_gat<\/td><td class=\"cookielawinfo-column-4\">Google Universal Analytics imposta questo cookie per limitare la frequenza delle richieste e quindi ridurre la raccolta di dati sui siti ad alto traffico.<\/td><\/tr><tr class=\"cookielawinfo-row\"><td class=\"cookielawinfo-column-1\">_gid<\/td><td class=\"cookielawinfo-column-4\">Google Analytics imposta questo cookie per memorizzare informazioni su come i visitatori utilizzano un sito web e, allo stesso tempo, creare un rapporto analitico sulle prestazioni del sito. Alcuni dei dati raccolti includono il numero di visitatori, la loro fonte e le pagine che visitano in modo anonimo.<\/td><\/tr><tr class=\"cookielawinfo-row\"><td class=\"cookielawinfo-column-1\">cookielawinfo-checkbox-advertisement<\/td><td class=\"cookielawinfo-column-4\">Impostato dal plugin di Consenso ai Cookie del GDPR, questo cookie registra il consenso dell'utente per i cookie nella categoria \"Pubblicit\u00e0\".<\/td><\/tr><tr class=\"cookielawinfo-row\"><td class=\"cookielawinfo-column-1\">cookielawinfo-checkbox-analytics<\/td><td class=\"cookielawinfo-column-4\">Impostato dal plugin di Consenso ai Cookie del GDPR, questo cookie registra il consenso dell'utente per i cookie nella categoria \"Analitiche\".<\/td><\/tr><tr class=\"cookielawinfo-row\"><td class=\"cookielawinfo-column-1\">cookielawinfo-checkbox-functional<\/td><td class=\"cookielawinfo-column-4\">Il plugin di Consenso ai Cookie del GDPR imposta il cookie per registrare il consenso dell'utente per i cookie nella categoria \"Funzionale\".<\/td><\/tr><tr class=\"cookielawinfo-row\"><td class=\"cookielawinfo-column-1\">cookielawinfo-checkbox-necessary<\/td><td class=\"cookielawinfo-column-4\">Impostato dal plugin di Consenso ai Cookie del GDPR, questo cookie registra il consenso dell'utente per i cookie nella categoria \"Necessari\".<\/td><\/tr><tr class=\"cookielawinfo-row\"><td class=\"cookielawinfo-column-1\">cookielawinfo-checkbox-others<\/td><td class=\"cookielawinfo-column-4\">Impostato dal plugin di Consenso ai Cookie del GDPR, questo cookie memorizza il consenso dell'utente per i cookie nella categoria \"Altri\"<\/td><\/tr><tr class=\"cookielawinfo-row\"><td class=\"cookielawinfo-column-1\">cookielawinfo-checkbox-performance<\/td><td class=\"cookielawinfo-column-4\">Impostato dal plugin di Consenso ai Cookie del GDPR, questo cookie memorizza il consenso dell'utente per i cookie nella categoria \"Performance\".<\/td><\/tr><tr class=\"cookielawinfo-row\"><td class=\"cookielawinfo-column-1\">CookieLawInfoConsent<\/td><td class=\"cookielawinfo-column-4\">CookieYes imposta questo cookie per registrare lo stato predefinito del pulsante della categoria corrispondente e lo stato del CCPA. Funziona solo in coordinamento con il cookie principale.<\/td><\/tr><tr class=\"cookielawinfo-row\"><td class=\"cookielawinfo-column-1\">qtrans_front_language<\/td><td class=\"cookielawinfo-column-4\">Questo cookie \u00e8 impostato dal plugin qTranslate di WordPress. Il cookie \u00e8 utilizzato per gestire la lingua preferita del visitatore.<\/td><\/tr><tr class=\"cookielawinfo-row\"><td class=\"cookielawinfo-column-1\">VISITOR_INFO1_LIVE<\/td><td class=\"cookielawinfo-column-4\">YouTube imposta questo cookie per misurare la larghezza di banda, determinando se l'utente riceve la nuova o la vecchia interfaccia del player.<\/td><\/tr><tr class=\"cookielawinfo-row\"><td class=\"cookielawinfo-column-1\">VISITOR_PRIVACY_METADATA<\/td><td class=\"cookielawinfo-column-4\">YouTube imposta questo cookie per memorizzare lo stato di consenso dell'utente ai cookie per il dominio corrente.<\/td><\/tr><tr class=\"cookielawinfo-row\"><td class=\"cookielawinfo-column-1\">YSC<\/td><td class=\"cookielawinfo-column-4\">YouTube imposta questo cookie per tracciare le visualizzazioni dei video incorporati nelle pagine di YouTube.<\/td><\/tr><\/tbody><\/table>\n<p>&nbsp;<\/p>\n<p>Per i cookie analitici abbiamo bisogno del tuo consenso, che possiamo ottenere se clicchi sul pulsante &#8220;Accetta&#8221; presente nel messaggio informativo visualizzato quando accedi al nostro sito web.<\/p>\n<p>Disabilitando i cookie potrai comunque accedere al sito, ma la navigazione potrebbe non essere ottimale ed alcuni dei servizi offerti potrebbero non funzionare correttamente.<\/p>\n<p>Qualora in futuro GRUPTECNO dovesse utilizzare tipologie di cookie diverse da quelle contemplate nella presente Cookie Policy per fornire nuovi servizi o fosse necessario adeguarla a nuove esigenze legislative, provvederemo ad avvisarti.<\/p>\n<p>Puoi consentire, bloccare o eliminare i cookie installati sul tuo dispositivo tramite il menu di configurazione del tuo browser Internet e puoi impostarlo per bloccare i cookie o avvisare l&#8217;utente quando un server desidera salvarli. I seguenti link forniscono informazioni su come configurare e\/o disabilitare i cookie per ciascuno dei principali browser presenti sul mercato in modo che l&#8217;utente possa decidere se accettare o meno l&#8217;utilizzo dei cookie.<\/p>\n<p>&#8211; Microsoft Internet Explorer: Menu Strumenti &gt; Opzioni Internet &gt; Privacy &gt; Impostazioni.<\/p>\n<p>&#8211; Firefox: Menu Strumenti &gt; Opzioni &gt; Privacy &gt; Cookie.<\/p>\n<p>&#8211; Chrome: Menu Opzioni &gt; Opzioni avanzate &gt; Privacy.<\/p>\n<p>&#8211; Safari: menu Preferenze\/Privacy.<\/p>\n<p>&#8211; Safari per IOS (iPhone e iPad): Impostazioni &gt; Safari<\/p>\n<p>&#8211; Chrome per Android: Impostazioni &gt; Impostazioni sito web &gt; Cookie<\/p>","protected":false},"excerpt":{"rendered":"<p>Politica sui cookie In GRUPTECNO utilizziamo cookie o altri file con funzionalit\u00e0 simili (di seguito,&#8230;<\/p>\n","protected":false},"author":1,"featured_media":0,"parent":0,"menu_order":0,"comment_status":"closed","ping_status":"closed","template":"","meta":{"footnotes":""},"yoast_head":"<!-- This site is optimized with the Yoast SEO plugin v14.2 - https:\/\/yoast.com\/wordpress\/plugins\/seo\/ -->\n<meta name=\"robots\" content=\"index, follow\" \/>\n<meta name=\"googlebot\" content=\"index, follow, max-snippet:-1, max-image-preview:large, max-video-preview:-1\" \/>\n<meta name=\"bingbot\" content=\"index, follow, max-snippet:-1, max-image-preview:large, max-video-preview:-1\" \/>\n<link rel=\"canonical\" href=\"https:\/\/www.gruptecno.com\/it\/politica-de-cookies\/\" \/>\n<meta property=\"og:locale\" content=\"it_IT\" \/>\n<meta property=\"og:type\" content=\"article\" \/>\n<meta property=\"og:title\" content=\"Politica sui cookie - gruptecno.com\" \/>\n<meta property=\"og:description\" content=\"Politica sui cookie In GRUPTECNO utilizziamo cookie o altri file con funzionalit\u00e0 simili (di seguito,...\" \/>\n<meta property=\"og:url\" content=\"https:\/\/www.gruptecno.com\/it\/politica-de-cookies\/\" \/>\n<meta property=\"og:site_name\" content=\"gruptecno.com\" \/>\n<meta property=\"article:modified_time\" content=\"2024-02-23T18:24:57+00:00\" \/>\n<meta name=\"twitter:card\" content=\"summary_large_image\" \/>\n<script type=\"application\/ld+json\" class=\"yoast-schema-graph\">{\"@context\":\"https:\/\/schema.org\",\"@graph\":[{\"@type\":\"WebSite\",\"@id\":\"https:\/\/www.gruptecno.com\/it\/#website\",\"url\":\"https:\/\/www.gruptecno.com\/it\/\",\"name\":\"gruptecno.com\",\"description\":\"Produzione di carta per il settore alimentare.\",\"potentialAction\":[{\"@type\":\"SearchAction\",\"target\":\"https:\/\/www.gruptecno.com\/it\/?s={search_term_string}\",\"query-input\":\"required name=search_term_string\"}],\"inLanguage\":\"it-IT\"},{\"@type\":\"WebPage\",\"@id\":\"https:\/\/www.gruptecno.com\/it\/politica-de-cookies\/#webpage\",\"url\":\"https:\/\/www.gruptecno.com\/it\/politica-de-cookies\/\",\"name\":\"Politica sui cookie - gruptecno.com\",\"isPartOf\":{\"@id\":\"https:\/\/www.gruptecno.com\/it\/#website\"},\"datePublished\":\"2024-02-23T12:50:03+00:00\",\"dateModified\":\"2024-02-23T18:24:57+00:00\",\"inLanguage\":\"it-IT\",\"potentialAction\":[{\"@type\":\"ReadAction\",\"target\":[[\"https:\/\/www.gruptecno.com\/it\/politica-de-cookies\/\"]]}]}]}<\/script>\n<!-- \/ Yoast SEO plugin. -->","_links":{"self":[{"href":"https:\/\/www.gruptecno.com\/it\/wp-json\/wp\/v2\/pages\/1017"}],"collection":[{"href":"https:\/\/www.gruptecno.com\/it\/wp-json\/wp\/v2\/pages"}],"about":[{"href":"https:\/\/www.gruptecno.com\/it\/wp-json\/wp\/v2\/types\/page"}],"author":[{"embeddable":true,"href":"https:\/\/www.gruptecno.com\/it\/wp-json\/wp\/v2\/users\/1"}],"replies":[{"embeddable":true,"href":"https:\/\/www.gruptecno.com\/it\/wp-json\/wp\/v2\/comments?post=1017"}],"version-history":[{"count":7,"href":"https:\/\/www.gruptecno.com\/it\/wp-json\/wp\/v2\/pages\/1017\/revisions"}],"predecessor-version":[{"id":1045,"href":"https:\/\/www.gruptecno.com\/it\/wp-json\/wp\/v2\/pages\/1017\/revisions\/1045"}],"wp:attachment":[{"href":"https:\/\/www.gruptecno.com\/it\/wp-json\/wp\/v2\/media?parent=1017"}],"curies":[{"name":"wp","href":"https:\/\/api.w.org\/{rel}","templated":true}]}}