{"id":82,"date":"2018-03-01T18:53:45","date_gmt":"2018-03-01T17:53:45","guid":{"rendered":"http:\/\/www.gruptecno.com\/es\/?page_id=82"},"modified":"2018-08-31T11:21:32","modified_gmt":"2018-08-31T10:21:32","slug":"quienes-somos","status":"publish","type":"page","link":"https:\/\/www.gruptecno.com\/it\/quienes-somos\/","title":{"rendered":"Chi Siamo"},"content":{"rendered":"<p><div class=\"row\"><div id=\"aq-block-915-1\" class=\"aq-block aq-block-aq_page_header_block col-sm-12 aq-first aq-last \">\n<header class=\"header-icons overlay ebor-pad-me\">\n\n\t<div class=\"background-image-holder parallax-background\">\n\t\t<img loading=\"lazy\" decoding=\"async\" width=\"2000\" height=\"1335\" src=\"https:\/\/www.gruptecno.com\/wp-content\/uploads\/2018\/03\/DSC_1773.jpg\" class=\"background-image\" alt=\"\" srcset=\"https:\/\/www.gruptecno.com\/wp-content\/uploads\/2018\/03\/DSC_1773.jpg 2000w, https:\/\/www.gruptecno.com\/wp-content\/uploads\/2018\/03\/DSC_1773-300x200.jpg 300w, https:\/\/www.gruptecno.com\/wp-content\/uploads\/2018\/03\/DSC_1773-768x513.jpg 768w, https:\/\/www.gruptecno.com\/wp-content\/uploads\/2018\/03\/DSC_1773-1024x684.jpg 1024w, https:\/\/www.gruptecno.com\/wp-content\/uploads\/2018\/03\/DSC_1773-600x400.jpg 600w\" sizes=\"(max-width: 2000px) 100vw, 2000px\" \/>\t<\/div>\n\t\n\t<div class=\"container\">\n\t\t<div class=\"row\">\n\t\t\t<div class=\"col-sm-12\">\n\t\t\t\t<h1 class=\"text-white\">Chi Siamo<\/h1><p class=\"lead text-white\">L'azienda \u00e8 stata fondata nel 1982 sulla base della precedente esperienza dei suoi creatori e disponiamo di un team di circa 50 professionisti e stabilimenti di produzione di 12.000 metri quadrati. Da qui forniamo non solo il mercato spagnolo, ma anche mercati esigenti come Francia, Italia e Portogallo.<\/p>\t\t\t<\/div>\n\t\t<\/div>\n\t\t\n\t\t<div class=\"row\">\n\t\t\t\t\t<\/div>\n\n\t<\/div>\t\n\t\n<\/header>\n\n<\/div><a href=\"#\" id=\"filosofa\" class=\"in-page-link\"><\/a><section class=\"aq-block light-wrapper\"><div class=\"container\"><div class=\"row\"><div id=\"aq-block-915-3\" class=\"aq-block aq-block-aq_section_title_block col-sm-12 aq-first aq-last \"><div class=\"text-center\"><h1 class=\"\">Filosofia<\/h1><\/div><\/div><div id=\"aq-block-915-4\" class=\"aq-block aq-block-aq_ebor_text_block col-sm-6 aq-first \"><div class=\"feature\"><div class=\"lead\"><p>La filosofia di lavoro del Gruppo Tecno si basa sull'offerta ai propri clienti di una perfetta combinazione di qualit\u00e0 e servizio. Abbiamo la capacit\u00e0 logistica, umana e tecnologica per produrre non solo<\/p>\n<\/div><\/div><\/div><div id=\"aq-block-915-5\" class=\"aq-block aq-block-aq_ebor_text_block col-sm-6  aq-last \"><div class=\"feature\"><div class=\"lead\"><p>quasi ogni tipo di carta alimentare, ma anche per adattarci agli usi e costumi di ogni area geografica.<\/p>\n<\/div><\/div><\/div><\/div><\/div><\/section><a href=\"#\" id=\"tecnologa\" class=\"in-page-link\"><\/a><section class=\"aq-block dark-wrapper\"><div class=\"container\"><div class=\"row\"><div id=\"aq-block-915-7\" class=\"aq-block aq-block-aq_section_title_block col-sm-12 aq-first aq-last \"><div class=\"text-center\"><h1 class=\"\">Tecnologia<\/h1><\/div><\/div><div id=\"aq-block-915-8\" class=\"aq-block aq-block-aq_ebor_text_block col-sm-6 aq-first \"><div class=\"feature\"><p>Ci siamo dotati degli ultimi sistemi tecnologici per produrre i diversi tipi di carta. Ci\u00f2 si traduce in macchine pi\u00f9 potenti, veloci e precise per migliorare la produttivit\u00e0 e, di conseguenza, aumentare la competitivit\u00e0 dell'azienda.<\/p>\n<p>Il Gruppo Tecno non si limita alla commercializzazione della carta, ma offre ai propri clienti anche la possibilit\u00e0 di personalizzarla con i propri disegni stampati.<\/p>\n<\/div><\/div><div id=\"aq-block-915-9\" class=\"aq-block aq-block-aq_ebor_text_block col-sm-6  aq-last \"><div class=\"feature\"><p>Abbiamo clienti di tutti i tipi, dai distributori di carta che poi li offrono ai punti vendita (molti di loro comprano la carta in bobina per stamparla direttamente presso le loro strutture, mentre altri preferiscono lasciare a noi questo lavoro di personalizzazione) ai clienti diretti e all'ingrosso.<\/p>\n<\/div><\/div><\/div><\/div><\/section><a href=\"#\" id=\"foto\" class=\"in-page-link\"><\/a><section class=\"aq-block image-divider overlay\">\n\t\t\t\t\t      <div class=\"background-image-holder parallax-background\">\n\t\t\t\t\t          <img decoding=\"async\" class=\"background-image\" alt=\"Background Image\" src=\"https:\/\/www.gruptecno.com\/wp-content\/uploads\/2018\/08\/Quienes-somos-Tecno-sa.jpg\">\n\t\t\t\t\t      <\/div>\n\t\t\t\t\t      \n\t\t\t\t\t      <div class=\"container\">\n\t\t\t\t\t          <div class=\"row\"><div id=\"aq-block-915-11\" class=\"aq-block aq-block-aq_spacer_block col-sm-12 aq-first aq-last \">\t\t\n\t\t<div style=\"clear: both; width: 100%; height: 200px;\"><\/div>\n\t\n\t<\/div><\/div><\/div><\/section><\/div><\/p>","protected":false},"excerpt":{"rendered":"Chi SiamoL'azienda \u00e8 stata fondata nel 1982 sulla base della precedente esperienza dei suoi creatori...","protected":false},"author":1,"featured_media":0,"parent":0,"menu_order":0,"comment_status":"closed","ping_status":"closed","template":"","meta":{"footnotes":""},"yoast_head":"<!-- This site is optimized with the Yoast SEO plugin v14.2 - https:\/\/yoast.com\/wordpress\/plugins\/seo\/ -->\n<meta name=\"robots\" content=\"index, follow\" \/>\n<meta name=\"googlebot\" content=\"index, follow, max-snippet:-1, max-image-preview:large, max-video-preview:-1\" \/>\n<meta name=\"bingbot\" content=\"index, follow, max-snippet:-1, max-image-preview:large, max-video-preview:-1\" \/>\n<link rel=\"canonical\" href=\"https:\/\/www.gruptecno.com\/it\/about-us\/\" \/>\n<meta property=\"og:locale\" content=\"it_IT\" \/>\n<meta property=\"og:type\" content=\"article\" \/>\n<meta property=\"og:title\" content=\"Chi Siamo - gruptecno.com\" \/>\n<meta property=\"og:url\" content=\"https:\/\/www.gruptecno.com\/it\/about-us\/\" \/>\n<meta property=\"og:site_name\" content=\"gruptecno.com\" \/>\n<meta property=\"article:modified_time\" content=\"2018-08-31T10:21:32+00:00\" \/>\n<meta name=\"twitter:card\" content=\"summary_large_image\" \/>\n<script type=\"application\/ld+json\" class=\"yoast-schema-graph\">{\"@context\":\"https:\/\/schema.org\",\"@graph\":[{\"@type\":\"WebSite\",\"@id\":\"https:\/\/www.gruptecno.com\/it\/#website\",\"url\":\"https:\/\/www.gruptecno.com\/it\/\",\"name\":\"gruptecno.com\",\"description\":\"Produzione di carta per il settore alimentare.\",\"potentialAction\":[{\"@type\":\"SearchAction\",\"target\":\"https:\/\/www.gruptecno.com\/it\/?s={search_term_string}\",\"query-input\":\"required name=search_term_string\"}],\"inLanguage\":\"it-IT\"},{\"@type\":\"WebPage\",\"@id\":\"https:\/\/www.gruptecno.com\/it\/about-us\/#webpage\",\"url\":\"https:\/\/www.gruptecno.com\/it\/about-us\/\",\"name\":\"Chi Siamo - gruptecno.com\",\"isPartOf\":{\"@id\":\"https:\/\/www.gruptecno.com\/it\/#website\"},\"datePublished\":\"2018-03-01T17:53:45+00:00\",\"dateModified\":\"2018-08-31T10:21:32+00:00\",\"inLanguage\":\"it-IT\",\"potentialAction\":[{\"@type\":\"ReadAction\",\"target\":[[\"https:\/\/www.gruptecno.com\/it\/about-us\/\"]]}]}]}<\/script>\n<!-- \/ Yoast SEO plugin. -->","_links":{"self":[{"href":"https:\/\/www.gruptecno.com\/it\/wp-json\/wp\/v2\/pages\/82"}],"collection":[{"href":"https:\/\/www.gruptecno.com\/it\/wp-json\/wp\/v2\/pages"}],"about":[{"href":"https:\/\/www.gruptecno.com\/it\/wp-json\/wp\/v2\/types\/page"}],"author":[{"embeddable":true,"href":"https:\/\/www.gruptecno.com\/it\/wp-json\/wp\/v2\/users\/1"}],"replies":[{"embeddable":true,"href":"https:\/\/www.gruptecno.com\/it\/wp-json\/wp\/v2\/comments?post=82"}],"version-history":[{"count":9,"href":"https:\/\/www.gruptecno.com\/it\/wp-json\/wp\/v2\/pages\/82\/revisions"}],"predecessor-version":[{"id":916,"href":"https:\/\/www.gruptecno.com\/it\/wp-json\/wp\/v2\/pages\/82\/revisions\/916"}],"wp:attachment":[{"href":"https:\/\/www.gruptecno.com\/it\/wp-json\/wp\/v2\/media?parent=82"}],"curies":[{"name":"wp","href":"https:\/\/api.w.org\/{rel}","templated":true}]}}