{"id":1017,"date":"2024-02-23T13:50:03","date_gmt":"2024-02-23T12:50:03","guid":{"rendered":"https:\/\/www.gruptecno.com\/?page_id=1017"},"modified":"2024-02-23T19:24:57","modified_gmt":"2024-02-23T18:24:57","slug":"politica-de-cookies","status":"publish","type":"page","link":"https:\/\/www.gruptecno.com\/pt\/politica-de-cookies\/","title":{"rendered":"Pol\u00edtica de cookies"},"content":{"rendered":"<p><\/p>\n<h1>Pol\u00edtica de cookies<\/h1>\n<p>Na GRUPTECNO utilizamos cookies ou outros arquivos com funcionalidade semelhante (doravante, \u201ccookies\u201d) para saber como voc\u00ea utiliza nossos servi\u00e7os e poder melhor\u00e1-los. A GRUPTECNO \u00e9 respons\u00e1vel pelos cookies e pelo tratamento dos dados obtidos atrav\u00e9s deles, pr\u00f3prios ou de terceiros, decidindo sobre a finalidade, conte\u00fado e utiliza\u00e7\u00e3o do tratamento da informa\u00e7\u00e3o recolhida.<\/p>\n<p>O objetivo desta pol\u00edtica \u00e9 informar de forma clara e detalhada o que \u00e9 um cookie, qual a sua finalidade, que tipo de cookies utilizamos e como configur\u00e1-los ou, se for o caso, desativ\u00e1-los.<\/p>\n<p>Um cookie \u00e9 um pequeno arquivo de texto que \u00e9 armazenado no seu navegador quando voc\u00ea visita nosso site e que armazena informa\u00e7\u00f5es sobre sua navega\u00e7\u00e3o. Alguns cookies s\u00e3o essenciais para o bom funcionamento das p\u00e1ginas web, como os cookies t\u00e9cnicos ou os cookies de personaliza\u00e7\u00e3o da interface do utilizador, embora outros, como os cookies de an\u00e1lise ou os cookies de publicidade comportamental, exigem que o informemos e obtenhamos o seu consentimento para serem utilizados por n\u00f3s.<\/p>\n<p>A seguir, e para que possa dar o seu consentimento plenamente informado, detalhamos a informa\u00e7\u00e3o sobre em que consiste e qual a finalidade de cada tipo de cookie.<\/p>\n<p><strong>TIPOS DE COOKIES<\/strong><\/p>\n<p><u>DE ACORDO COM O OBJETIVO<\/u><\/p>\n<ul>\n<li><strong>Cookies t\u00e9cnicos e funcionais:<\/strong> s\u00e3o aqueles que permitem ao utilizador navegar atrav\u00e9s de um site, plataforma ou aplica\u00e7\u00e3o e utilizar as diferentes op\u00e7\u00f5es ou servi\u00e7os nele existentes.<\/li>\n<li><strong>Cookies anal\u00edticos:<\/strong> s\u00e3o aqueles que permitem ao seu respons\u00e1vel monitorizar e analisar o comportamento dos utilizadores dos sites aos quais est\u00e3o vinculados. A informa\u00e7\u00e3o recolhida atrav\u00e9s deste tipo de cookies \u00e9 utilizada para medir a atividade dos sites, aplica\u00e7\u00f5es ou plataformas e para preparar perfis de navega\u00e7\u00e3o dos utilizadores dos referidos sites, aplica\u00e7\u00f5es e plataformas, de forma a introduzir melhorias com base na an\u00e1lise dos dados de utiliza\u00e7\u00e3o. feitas pelos usu\u00e1rios do servi\u00e7o.<\/li>\n<li><strong>Cookies publicit\u00e1rios:<\/strong> s\u00e3o aqueles que permitem a gest\u00e3o, da forma mais eficiente poss\u00edvel, dos espa\u00e7os publicit\u00e1rios que, se for caso disso, o editor tenha inclu\u00eddo numa p\u00e1gina web, aplica\u00e7\u00e3o ou plataforma a partir da qual \u00e9 prestado o servi\u00e7o solicitado com base em tais crit\u00e9rios. como conte\u00fado editado ou a frequ\u00eancia com que os an\u00fancios s\u00e3o exibidos.<\/li>\n<li><strong>Cookies de publicidade comportamental:<\/strong> recolhem informa\u00e7\u00e3o sobre as prefer\u00eancias e escolhas pessoais do utilizador (retargeting) para permitir a gest\u00e3o, da forma mais eficiente poss\u00edvel, dos espa\u00e7os publicit\u00e1rios que, se for o caso, o editor incluiu num site, aplica\u00e7\u00e3o ou plataforma. a partir do qual o servi\u00e7o solicitado \u00e9 prestado.<\/li>\n<li><strong>Cookies Sociais:<\/strong> S\u00e3o definidos por plataformas de redes sociais nos Servi\u00e7os para permitir que voc\u00ea compartilhe conte\u00fado com seus amigos e redes. As plataformas de m\u00eddia social t\u00eam a capacidade de rastrear sua atividade online fora dos Servi\u00e7os. Isso pode afetar o conte\u00fado e as mensagens que voc\u00ea v\u00ea em outros servi\u00e7os que visita.<\/li>\n<li><strong>Cookies de afiliados:<\/strong> permitem rastrear visitas de outros sites, com os quais o site estabelece um contrato de afilia\u00e7\u00e3o (empresas afiliadas).<\/li>\n<li><strong>Cookies de seguran\u00e7a:<\/strong> armazenam informa\u00e7\u00e3o encriptada para evitar que os dados neles armazenados fiquem vulner\u00e1veis \u200b\u200ba ataques maliciosos de terceiros.<\/li>\n<\/ul>\n<p><u>DE ACORDO COM O IM\u00d3VEL<\/u><\/p>\n<ul>\n<li><strong>Cookies pr\u00f3prios:<\/strong> s\u00e3o aqueles que s\u00e3o enviados ao equipamento terminal do usu\u00e1rio a partir de um computador ou dom\u00ednio gerenciado pelo pr\u00f3prio editor e a partir do qual \u00e9 prestado o servi\u00e7o solicitado pelo usu\u00e1rio.<\/li>\n<li><strong>Cookies de terceiros:<\/strong> s\u00e3o aqueles que s\u00e3o enviados ao equipamento terminal do utilizador a partir de um computador ou dom\u00ednio que n\u00e3o \u00e9 gerido pelo editor, mas por outra entidade que processa os dados obtidos atrav\u00e9s dos cookies.<\/li>\n<\/ul>\n<p><u>DE ACORDO COM O PER\u00cdODO DE CONSERVA\u00c7\u00c3O<\/u><\/p>\n<ul>\n<li><strong>Cookies de sess\u00e3o:<\/strong> s\u00e3o um tipo de cookies concebidos para recolher e armazenar dados enquanto o utilizador acede a uma p\u00e1gina web.<\/li>\n<li><strong>Cookies persistentes:<\/strong> s\u00e3o um tipo de cookie em que os dados continuam armazenados no terminal e podem ser acessados \u200b\u200be processados \u200b\u200bpor um per\u00edodo definido pelo respons\u00e1vel pelo cookie, que pode variar de alguns minutos a v\u00e1rios anos.<\/li>\n<\/ul>\n<p><strong>TRATAMENTO DE DADOS PESSOAIS<\/strong><\/p>\n<p>PAPELES PARA LA ALIMENTACI\u00d3N, S.A. \u00e9 o Respons\u00e1vel pelo tratamento dos dados pessoais do Interessado e informa que estes dados ser\u00e3o tratados de acordo com o disposto no Regulamento (UE) 2016\/679, de 27 de abril de 2016 (RGPD), para o qual fornece o seguintes informa\u00e7\u00f5es de tratamento:<\/p>\n<p><strong>Finalidades do processamento:<\/strong> conforme especificado na se\u00e7\u00e3o de cookies utilizada neste site.<\/p>\n<p><strong>Legitima\u00e7\u00e3o do tratamento:<\/strong> mediante consentimento do interessado (art. 6.1 do RGPD).<\/p>\n<p><strong>Crit\u00e9rios de conserva\u00e7\u00e3o de dados:<\/strong> conforme especificado na se\u00e7\u00e3o sobre cookies utilizados no site.<\/p>\n<p><strong>Comunica\u00e7\u00e3o de dados:<\/strong> os dados n\u00e3o ser\u00e3o comunicados a terceiros, exceto em cookies de propriedade de terceiros ou por obriga\u00e7\u00e3o legal.<\/p>\n<p><strong>Direitos que assistem o Interessado:<\/strong><\/p>\n<p>&#8211; Direito de retirar o consentimento a qualquer momento.<\/p>\n<p>&#8211; Direito de acesso, retifica\u00e7\u00e3o, portabilidade e elimina\u00e7\u00e3o dos seus dados, e limita\u00e7\u00e3o ou oposi\u00e7\u00e3o ao seu tratamento.<\/p>\n<p>&#8211; Direito de apresentar uma reclama\u00e7\u00e3o junto da Autoridade de Controlo (www.aepd.es) se considerar que o tratamento n\u00e3o est\u00e1 em conformidade com a regulamenta\u00e7\u00e3o em vigor.<\/p>\n<p><strong>Dados de contacto para exercer os seus direitos:<\/strong><\/p>\n<p>GRUPTECNO. SANTA CREU DE CALAFELL, 108, SANT BOI DE LLOBREGAT (08830) BARCELONA, ESPANHA. info@gruptecno.com.<\/p>\n<p>&nbsp;<\/p>\n<p><strong>COOKIES UTILIZADOS NESTE SITE<\/strong><\/p>\n<p>PAPELES PARA LA ALIMENTACI\u00d3N, S.A. est\u00e1 a utilizar cookies pr\u00f3prios e de terceiros de tipos t\u00e9cnicos, personaliza\u00e7\u00e3o e an\u00e1lise, para as finalidades que s\u00e3o expostas na seguinte declara\u00e7\u00e3o de cookies:<\/p>\n<table class=\"cookielawinfo-row-cat-table cookielawinfo-classic\"><thead><tr><th class=\"cookielawinfo-column-1\">Cookie<\/th><th class=\"cookielawinfo-column-4\">Descripci\u00f3n<\/th><\/tr><\/thead><tbody><tr class=\"cookielawinfo-row\"><td class=\"cookielawinfo-column-1\">_ga<\/td><td class=\"cookielawinfo-column-4\">Google Analytics define este cookie para calcular dados de visitantes, sess\u00f5es e campanhas, e acompanhar o uso do site para o relat\u00f3rio anal\u00edtico do mesmo. O cookie armazena informa\u00e7\u00f5es de forma an\u00f4nima e atribui um n\u00famero gerado aleatoriamente para reconhecer visitantes \u00fanicos.<\/td><\/tr><tr class=\"cookielawinfo-row\"><td class=\"cookielawinfo-column-1\">_gat<\/td><td class=\"cookielawinfo-column-4\">O Google Universal Analytics define este cookie para restringir a taxa de solicita\u00e7\u00e3o e, assim, limitar a coleta de dados em sites de alto tr\u00e1fego.<\/td><\/tr><tr class=\"cookielawinfo-row\"><td class=\"cookielawinfo-column-1\">_gid<\/td><td class=\"cookielawinfo-column-4\">Google Analytics define este cookie para armazenar informa\u00e7\u00f5es sobre como os visitantes usam um site e, ao mesmo tempo, criar um relat\u00f3rio anal\u00edtico do desempenho do site. Alguns dos dados coletados incluem o n\u00famero de visitantes, sua fonte e as p\u00e1ginas que visitam anonimamente.<\/td><\/tr><tr class=\"cookielawinfo-row\"><td class=\"cookielawinfo-column-1\">cookielawinfo-checkbox-advertisement<\/td><td class=\"cookielawinfo-column-4\">Configurado pelo plugin de Consentimento de Cookies do GDPR, este cookie registra o consentimento do usu\u00e1rio para os cookies na categoria \"Publicidade\".<\/td><\/tr><tr class=\"cookielawinfo-row\"><td class=\"cookielawinfo-column-1\">cookielawinfo-checkbox-analytics<\/td><td class=\"cookielawinfo-column-4\">Configurado pelo plugin de Consentimento de Cookies do GDPR, este cookie registra o consentimento do usu\u00e1rio para os cookies na categoria \"Analytics\".<\/td><\/tr><tr class=\"cookielawinfo-row\"><td class=\"cookielawinfo-column-1\">cookielawinfo-checkbox-functional<\/td><td class=\"cookielawinfo-column-4\">O plugin de Consentimento de Cookies do GDPR configura o cookie para registrar o consentimento do usu\u00e1rio para os cookies na categoria \"Funcional\".<\/td><\/tr><tr class=\"cookielawinfo-row\"><td class=\"cookielawinfo-column-1\">cookielawinfo-checkbox-necessary<\/td><td class=\"cookielawinfo-column-4\">Definido pelo plugin de Consentimento de Cookies do GDPR, este cookie registra o consentimento do usu\u00e1rio para os cookies na categoria \"Necess\u00e1rias\".<\/td><\/tr><tr class=\"cookielawinfo-row\"><td class=\"cookielawinfo-column-1\">cookielawinfo-checkbox-others<\/td><td class=\"cookielawinfo-column-4\">Configurado pelo plugin de Consentimento de Cookies do GDPR, este cookie armazena o consentimento do usu\u00e1rio para cookies na categoria \"Outros\"<\/td><\/tr><tr class=\"cookielawinfo-row\"><td class=\"cookielawinfo-column-1\">cookielawinfo-checkbox-performance<\/td><td class=\"cookielawinfo-column-4\">Configurado pelo plugin de Consentimento de Cookies do GDPR, este cookie armazena o consentimento do usu\u00e1rio para os cookies na categoria \"Desempenho\".<\/td><\/tr><tr class=\"cookielawinfo-row\"><td class=\"cookielawinfo-column-1\">CookieLawInfoConsent<\/td><td class=\"cookielawinfo-column-4\">CookieYes define este cookie para registrar o estado padr\u00e3o do bot\u00e3o da categoria correspondente e o status do CCPA. Funciona apenas em coordena\u00e7\u00e3o com o cookie principal.<\/td><\/tr><tr class=\"cookielawinfo-row\"><td class=\"cookielawinfo-column-1\">qtrans_front_language<\/td><td class=\"cookielawinfo-column-4\">Este cookie \u00e9 definido pelo plugin qTranslate do WordPress. O cookie \u00e9 usado para gerenciar o idioma preferido do visitante.<\/td><\/tr><tr class=\"cookielawinfo-row\"><td class=\"cookielawinfo-column-1\">VISITOR_INFO1_LIVE<\/td><td class=\"cookielawinfo-column-4\">O YouTube configura este cookie para medir a largura de banda, determinando se o usu\u00e1rio recebe a nova ou a antiga interface do player.<\/td><\/tr><tr class=\"cookielawinfo-row\"><td class=\"cookielawinfo-column-1\">VISITOR_PRIVACY_METADATA<\/td><td class=\"cookielawinfo-column-4\">O YouTube define este cookie para armazenar o estado de consentimento de cookies do usu\u00e1rio para o dom\u00ednio atual.<\/td><\/tr><tr class=\"cookielawinfo-row\"><td class=\"cookielawinfo-column-1\">YSC<\/td><td class=\"cookielawinfo-column-4\">O YouTube configura este cookie para rastrear as visualiza\u00e7\u00f5es de v\u00eddeos incorporados em p\u00e1ginas do YouTube.<\/td><\/tr><\/tbody><\/table>\n<p>&nbsp;<\/p>\n<p>Para os cookies anal\u00edticos necessitamos do seu consentimento, que poderemos obter se clicar no bot\u00e3o \u201cAceitar\u201d na mensagem informativa apresentada ao aceder ao nosso website.<\/p>\n<p>Se desativar os cookies, ainda poder\u00e1 aceder ao site, mas a navega\u00e7\u00e3o poder\u00e1 n\u00e3o ser a ideal e alguns dos servi\u00e7os oferecidos poder\u00e3o n\u00e3o funcionar corretamente.<\/p>\n<p>Se no futuro a GRUPTECNO utilizar tipos de cookies diferentes dos contemplados nesta Pol\u00edtica de Cookies para fornecer novos servi\u00e7os ou se for necess\u00e1rio adapt\u00e1-la a novas exig\u00eancias legislativas, iremos notific\u00e1-lo.<\/p>\n<p>Voc\u00ea pode permitir, bloquear ou excluir cookies instalados em seu dispositivo atrav\u00e9s do menu de configura\u00e7\u00e3o do seu navegador de internet, podendo configur\u00e1-lo para bloquear cookies ou alertar o usu\u00e1rio quando um servidor quiser salv\u00e1-los. Os links a seguir fornecem informa\u00e7\u00f5es sobre como configurar e\/ou desabilitar cookies para cada um dos principais navegadores do mercado para que o usu\u00e1rio possa decidir se aceita ou n\u00e3o o uso de cookies.<\/p>\n<p>&#8211; Microsoft Internet Explorer: Menu Ferramentas &gt; Op\u00e7\u00f5es da Internet &gt; Privacidade &gt; Configura\u00e7\u00f5es.<\/p>\n<p>&#8211; Firefox: Menu Ferramentas &gt; Op\u00e7\u00f5es &gt; Privacidade &gt; Cookies.<\/p>\n<p>&#8211; Chrome: Menu Op\u00e7\u00f5es &gt; Op\u00e7\u00f5es Avan\u00e7adas &gt; Privacidade.<\/p>\n<p>&#8211; Safari: menu Prefer\u00eancias\/Privacidade.<\/p>\n<p>&#8211; Safari para IOS (iPhone e iPad): Configura\u00e7\u00f5es &gt; Safari<\/p>\n<p>&#8211; Chrome para Android: Configura\u00e7\u00f5es &gt; Configura\u00e7\u00f5es do site &gt; Cookies<\/p>","protected":false},"excerpt":{"rendered":"<p>Pol\u00edtica de cookies Na GRUPTECNO utilizamos cookies ou outros arquivos com funcionalidade semelhante (doravante, \u201ccookies\u201d)&#8230;<\/p>\n","protected":false},"author":1,"featured_media":0,"parent":0,"menu_order":0,"comment_status":"closed","ping_status":"closed","template":"","meta":{"footnotes":""},"yoast_head":"<!-- This site is optimized with the Yoast SEO plugin v14.2 - https:\/\/yoast.com\/wordpress\/plugins\/seo\/ -->\n<meta name=\"robots\" content=\"index, follow\" \/>\n<meta name=\"googlebot\" content=\"index, follow, max-snippet:-1, max-image-preview:large, max-video-preview:-1\" \/>\n<meta name=\"bingbot\" content=\"index, follow, max-snippet:-1, max-image-preview:large, max-video-preview:-1\" \/>\n<link rel=\"canonical\" href=\"https:\/\/www.gruptecno.com\/pt\/politica-de-cookies\/\" \/>\n<meta property=\"og:locale\" content=\"pt_PT\" \/>\n<meta property=\"og:type\" content=\"article\" \/>\n<meta property=\"og:title\" content=\"Pol\u00edtica de cookies - gruptecno.com\" \/>\n<meta property=\"og:description\" content=\"Pol\u00edtica de cookies Na GRUPTECNO utilizamos cookies ou outros arquivos com funcionalidade semelhante (doravante, \u201ccookies\u201d)...\" \/>\n<meta property=\"og:url\" content=\"https:\/\/www.gruptecno.com\/pt\/politica-de-cookies\/\" \/>\n<meta property=\"og:site_name\" content=\"gruptecno.com\" \/>\n<meta property=\"article:modified_time\" content=\"2024-02-23T18:24:57+00:00\" \/>\n<meta name=\"twitter:card\" content=\"summary_large_image\" \/>\n<script type=\"application\/ld+json\" class=\"yoast-schema-graph\">{\"@context\":\"https:\/\/schema.org\",\"@graph\":[{\"@type\":\"WebSite\",\"@id\":\"https:\/\/www.gruptecno.com\/pt\/#website\",\"url\":\"https:\/\/www.gruptecno.com\/pt\/\",\"name\":\"gruptecno.com\",\"description\":\"Produ\\u00e7\\u00e3o de papel para o setor da alimenta\\u00e7\\u00e3o.\",\"potentialAction\":[{\"@type\":\"SearchAction\",\"target\":\"https:\/\/www.gruptecno.com\/pt\/?s={search_term_string}\",\"query-input\":\"required name=search_term_string\"}],\"inLanguage\":\"pt-PT\"},{\"@type\":\"WebPage\",\"@id\":\"https:\/\/www.gruptecno.com\/pt\/politica-de-cookies\/#webpage\",\"url\":\"https:\/\/www.gruptecno.com\/pt\/politica-de-cookies\/\",\"name\":\"Pol\\u00edtica de cookies - gruptecno.com\",\"isPartOf\":{\"@id\":\"https:\/\/www.gruptecno.com\/pt\/#website\"},\"datePublished\":\"2024-02-23T12:50:03+00:00\",\"dateModified\":\"2024-02-23T18:24:57+00:00\",\"inLanguage\":\"pt-PT\",\"potentialAction\":[{\"@type\":\"ReadAction\",\"target\":[[\"https:\/\/www.gruptecno.com\/pt\/politica-de-cookies\/\"]]}]}]}<\/script>\n<!-- \/ Yoast SEO plugin. -->","_links":{"self":[{"href":"https:\/\/www.gruptecno.com\/pt\/wp-json\/wp\/v2\/pages\/1017"}],"collection":[{"href":"https:\/\/www.gruptecno.com\/pt\/wp-json\/wp\/v2\/pages"}],"about":[{"href":"https:\/\/www.gruptecno.com\/pt\/wp-json\/wp\/v2\/types\/page"}],"author":[{"embeddable":true,"href":"https:\/\/www.gruptecno.com\/pt\/wp-json\/wp\/v2\/users\/1"}],"replies":[{"embeddable":true,"href":"https:\/\/www.gruptecno.com\/pt\/wp-json\/wp\/v2\/comments?post=1017"}],"version-history":[{"count":7,"href":"https:\/\/www.gruptecno.com\/pt\/wp-json\/wp\/v2\/pages\/1017\/revisions"}],"predecessor-version":[{"id":1045,"href":"https:\/\/www.gruptecno.com\/pt\/wp-json\/wp\/v2\/pages\/1017\/revisions\/1045"}],"wp:attachment":[{"href":"https:\/\/www.gruptecno.com\/pt\/wp-json\/wp\/v2\/media?parent=1017"}],"curies":[{"name":"wp","href":"https:\/\/api.w.org\/{rel}","templated":true}]}}