{"id":2,"date":"2017-03-01T09:28:08","date_gmt":"2017-03-01T08:28:08","guid":{"rendered":"http:\/\/&#038;&#038;&#038;RUTAWEB&#038;&#038;&#038;?page_id=2"},"modified":"2018-08-31T11:14:47","modified_gmt":"2018-08-31T10:14:47","slug":"inicio","status":"publish","type":"page","link":"https:\/\/www.gruptecno.com\/pt\/","title":{"rendered":"Inicio"},"content":{"rendered":"<p><div class=\"row\"><div id=\"aq-block-898-1\" class=\"aq-block aq-block-aq_page_header_block col-sm-12 aq-first aq-last \">\n<header class=\"page-header ebor-pad-me\">\n\n\t<div class=\"background-image-holder parallax-background\">\n\t\t<img loading=\"lazy\" decoding=\"async\" width=\"2000\" height=\"1330\" src=\"https:\/\/www.gruptecno.com\/wp-content\/uploads\/2018\/03\/DSC_1635.jpg\" class=\"background-image\" alt=\"\" srcset=\"https:\/\/www.gruptecno.com\/wp-content\/uploads\/2018\/03\/DSC_1635.jpg 2000w, https:\/\/www.gruptecno.com\/wp-content\/uploads\/2018\/03\/DSC_1635-300x200.jpg 300w, https:\/\/www.gruptecno.com\/wp-content\/uploads\/2018\/03\/DSC_1635-768x511.jpg 768w, https:\/\/www.gruptecno.com\/wp-content\/uploads\/2018\/03\/DSC_1635-1024x681.jpg 1024w, https:\/\/www.gruptecno.com\/wp-content\/uploads\/2018\/03\/DSC_1635-600x400.jpg 600w\" sizes=\"(max-width: 2000px) 100vw, 2000px\" \/>\t<\/div>\n\t\n\t<div class=\"container\">\n\t\t<div class=\"row\">\n\t\t\t<div class=\"col-sm-12 text-center\">\n\t\t\t\t<span class=\"text-white alt-font\">TECNO<\/span><h1 class=\"text-white space-bottom-medium\">Produzimos qualquer tipo de papel alimentar, adaptando-nos \u00e0s necessidades e particularidades dos nossos clientes.<\/h1><p class=\"lead text-white\">Quer saber mais?  <\/p><a href=\"https:\/\/www.gruptecno.com\/pt\/contacto\/\" class=\"btn btn-primary btn-white\" target=\"_self\">Contacte<\/a><a href=\"https:\/\/www.gruptecno.com\/pt\/servicos\/\" class=\"btn btn-primary btn-filled\" target=\"_self\">Servi\u00e7os<\/a>\t\t\t<\/div>\n\t\t<\/div>\n\t<\/div>\n\t\n<\/header>\n\n<\/div><a href=\"#\" id=\"details\" class=\"in-page-link\"><\/a><section class=\"aq-block dark-wrapper\"><div class=\"container\"><div class=\"row\"><div id=\"aq-block-898-3\" class=\"aq-block aq-block-aq_section_title_block col-sm-12 aq-first aq-last \"><div class=\"\"><h1 class=\"\">O Grupo Tecno conta com mais de 35 anos de experi\u00eancia<\/h1><\/div><div class=\"lead  \"><p>Integrado por diversas empresas industriais e comerciais, no Grupo Tecno centramos a nossa atividade empresarial na produ\u00e7\u00e3o de papel para o setor da alimenta\u00e7\u00e3o.<\/p>\n<\/div><\/div><div id=\"aq-block-898-4\" class=\"aq-block aq-block-aq_spacer_block col-sm-12 aq-first aq-last \">\t\t\n\t\t<div style=\"clear: both; width: 100%; height: 30px;\"><\/div>\n\t\n\t<\/div><div id=\"aq-block-898-5\" class=\"aq-block aq-block-aq_ebor_text_block col-sm-6 aq-first \"><div class=\"feature feature-icon-left\"><div class=\"icon-holder\"><i class=\"icon icon-briefcase\"><\/i><\/div><div class=\"feature-text\"><h6>50 profissionais<\/h6><p>Contamos com uma equipa humana formada por mais de 50 profissionais com experi\u00eancia no setor.<\/p>\n<\/div><\/div><\/div><div id=\"aq-block-898-6\" class=\"aq-block aq-block-aq_ebor_text_block col-sm-6  aq-last \"><div class=\"feature feature-icon-left\"><div class=\"icon-holder\"><i class=\"icon icon-tablet\"><\/i><\/div><div class=\"feature-text\"><h6>\u00daltima tecnologia<\/h6><p>Dot\u00e1mo-nos dos \u00faltimos avan\u00e7os tecnol\u00f3gicos para a produ\u00e7\u00e3o dos diferentes tipos de pap\u00e9is.<\/p>\n<\/div><\/div><\/div><div id=\"aq-block-898-7\" class=\"aq-block aq-block-aq_ebor_text_block col-sm-6 aq-first \"><div class=\"feature feature-icon-left\"><div class=\"icon-holder\"><i class=\"icon icon-edit\"><\/i><\/div><div class=\"feature-text\"><h6>12 000 metros quadrados<\/h6><p>Dispomos de instala\u00e7\u00f5es de produ\u00e7\u00e3o de mais de 12 000 m2, a partir das quais abastecemos todo o mercado nacional e internacional.<\/p>\n<\/div><\/div><\/div><div id=\"aq-block-898-8\" class=\"aq-block aq-block-aq_ebor_text_block col-sm-6  aq-last \"><div class=\"feature feature-icon-left\"><div class=\"icon-holder\"><i class=\"icon icon-search\"><\/i><\/div><div class=\"feature-text\"><h6>Qualidade de produto<\/h6><p>Comprometemo-nos a apostar sempre na qualidade e no bom servi\u00e7o com pre\u00e7os altamente competitivos.<\/p>\n<\/div><\/div><\/div><\/div><\/div><\/section><a href=\"#\" id=\"video\" class=\"in-page-link\"><\/a><section class=\"aq-block light-wrapper\"><div class=\"container\"><div class=\"row\"><div id=\"aq-block-898-10\" class=\"aq-block aq-block-aq_section_title_block col-sm-6 aq-first \"><div class=\"\"><h1 class=\"\">Temos um forte compromisso com o meio ambiente, produzindo pap\u00e9is parafinados com parafina vegetal de uma ou duas faces.<\/h1><\/div><div class=\"lead  \"><p>Este tipo de pap\u00e9is nasceram nos \u00faltimos tempos para dar resposta \u00e0 preocupa\u00e7\u00e3o do setor alimentar em respeitar ao m\u00e1ximo o meio ambiente.<\/p>\n<\/div><\/div><div id=\"aq-block-898-11\" class=\"aq-block aq-block-aq_image_block col-sm-6  aq-last \">\t\t\n\t\t<div class=\"text-center\">\n\t\t\n\t\t\t\t\t\t\n\t\t\t\t\t<img decoding=\"async\" src=\"https:\/\/www.gruptecno.com\/wp-content\/uploads\/2018\/03\/DSC_4594.jpg\" alt=\"aq_block_11\" \/>\n\t\t\t\n\t\t\t\t\t\n\t\t<\/div>\n\t\t\n\t<\/div><\/div><\/div><\/section><\/div><\/p>","protected":false},"excerpt":{"rendered":"TECNOProduzimos qualquer tipo de papel alimentar, adaptando-nos \u00e0s necessidades e particularidades dos nossos clientes.Quer saber...","protected":false},"author":1,"featured_media":0,"parent":0,"menu_order":0,"comment_status":"closed","ping_status":"closed","template":"","meta":{"footnotes":""},"yoast_head":"<!-- This site is optimized with the Yoast SEO plugin v14.2 - https:\/\/yoast.com\/wordpress\/plugins\/seo\/ -->\n<meta name=\"robots\" content=\"index, follow\" \/>\n<meta name=\"googlebot\" content=\"index, follow, max-snippet:-1, max-image-preview:large, max-video-preview:-1\" \/>\n<meta name=\"bingbot\" content=\"index, follow, max-snippet:-1, max-image-preview:large, max-video-preview:-1\" \/>\n<link rel=\"canonical\" href=\"https:\/\/www.gruptecno.com\/pt\/\" \/>\n<meta property=\"og:locale\" content=\"pt_PT\" \/>\n<meta property=\"og:type\" content=\"article\" \/>\n<meta property=\"og:title\" content=\"Inicio - gruptecno.com\" \/>\n<meta property=\"og:url\" content=\"https:\/\/www.gruptecno.com\/pt\/\" \/>\n<meta property=\"og:site_name\" content=\"gruptecno.com\" \/>\n<meta property=\"article:modified_time\" content=\"2018-08-31T10:14:47+00:00\" \/>\n<meta name=\"twitter:card\" content=\"summary_large_image\" \/>\n<script type=\"application\/ld+json\" class=\"yoast-schema-graph\">{\"@context\":\"https:\/\/schema.org\",\"@graph\":[{\"@type\":\"WebSite\",\"@id\":\"https:\/\/www.gruptecno.com\/pt\/#website\",\"url\":\"https:\/\/www.gruptecno.com\/pt\/\",\"name\":\"gruptecno.com\",\"description\":\"Produ\\u00e7\\u00e3o de papel para o setor da alimenta\\u00e7\\u00e3o.\",\"potentialAction\":[{\"@type\":\"SearchAction\",\"target\":\"https:\/\/www.gruptecno.com\/pt\/?s={search_term_string}\",\"query-input\":\"required name=search_term_string\"}],\"inLanguage\":\"pt-PT\"},{\"@type\":\"WebPage\",\"@id\":\"https:\/\/www.gruptecno.com\/pt\/#webpage\",\"url\":\"https:\/\/www.gruptecno.com\/pt\/\",\"name\":\"Inicio - gruptecno.com\",\"isPartOf\":{\"@id\":\"https:\/\/www.gruptecno.com\/pt\/#website\"},\"datePublished\":\"2017-03-01T08:28:08+00:00\",\"dateModified\":\"2018-08-31T10:14:47+00:00\",\"inLanguage\":\"pt-PT\",\"potentialAction\":[{\"@type\":\"ReadAction\",\"target\":[[\"https:\/\/www.gruptecno.com\/pt\/\"]]}]}]}<\/script>\n<!-- \/ Yoast SEO plugin. -->","_links":{"self":[{"href":"https:\/\/www.gruptecno.com\/pt\/wp-json\/wp\/v2\/pages\/2"}],"collection":[{"href":"https:\/\/www.gruptecno.com\/pt\/wp-json\/wp\/v2\/pages"}],"about":[{"href":"https:\/\/www.gruptecno.com\/pt\/wp-json\/wp\/v2\/types\/page"}],"author":[{"embeddable":true,"href":"https:\/\/www.gruptecno.com\/pt\/wp-json\/wp\/v2\/users\/1"}],"replies":[{"embeddable":true,"href":"https:\/\/www.gruptecno.com\/pt\/wp-json\/wp\/v2\/comments?post=2"}],"version-history":[{"count":8,"href":"https:\/\/www.gruptecno.com\/pt\/wp-json\/wp\/v2\/pages\/2\/revisions"}],"predecessor-version":[{"id":914,"href":"https:\/\/www.gruptecno.com\/pt\/wp-json\/wp\/v2\/pages\/2\/revisions\/914"}],"wp:attachment":[{"href":"https:\/\/www.gruptecno.com\/pt\/wp-json\/wp\/v2\/media?parent=2"}],"curies":[{"name":"wp","href":"https:\/\/api.w.org\/{rel}","templated":true}]}}