{"id":82,"date":"2018-03-01T18:53:45","date_gmt":"2018-03-01T17:53:45","guid":{"rendered":"http:\/\/www.gruptecno.com\/es\/?page_id=82"},"modified":"2018-08-31T11:21:32","modified_gmt":"2018-08-31T10:21:32","slug":"quienes-somos","status":"publish","type":"page","link":"https:\/\/www.gruptecno.com\/pt\/quienes-somos\/","title":{"rendered":"Qui\u00e9nes somos"},"content":{"rendered":"<p><div class=\"row\"><div id=\"aq-block-900-1\" class=\"aq-block aq-block-aq_page_header_block col-sm-12 aq-first aq-last \">\n<header class=\"header-icons overlay ebor-pad-me\">\n\n\t<div class=\"background-image-holder parallax-background\">\n\t\t<img loading=\"lazy\" decoding=\"async\" width=\"2000\" height=\"1335\" src=\"https:\/\/www.gruptecno.com\/wp-content\/uploads\/2018\/03\/DSC_1773.jpg\" class=\"background-image\" alt=\"\" srcset=\"https:\/\/www.gruptecno.com\/wp-content\/uploads\/2018\/03\/DSC_1773.jpg 2000w, https:\/\/www.gruptecno.com\/wp-content\/uploads\/2018\/03\/DSC_1773-300x200.jpg 300w, https:\/\/www.gruptecno.com\/wp-content\/uploads\/2018\/03\/DSC_1773-768x513.jpg 768w, https:\/\/www.gruptecno.com\/wp-content\/uploads\/2018\/03\/DSC_1773-1024x684.jpg 1024w, https:\/\/www.gruptecno.com\/wp-content\/uploads\/2018\/03\/DSC_1773-600x400.jpg 600w\" sizes=\"(max-width: 2000px) 100vw, 2000px\" \/>\t<\/div>\n\t\n\t<div class=\"container\">\n\t\t<div class=\"row\">\n\t\t\t<div class=\"col-sm-12\">\n\t\t\t\t<h1 class=\"text-white\">Quem somos<\/h1><p class=\"lead text-white\">Fundada em 1982, a partir da experi\u00eancia anterior dos seus criadores, contamos com uma equipa humana composta por cerca de 50 profissionais e dispomos de instala\u00e7\u00f5es de produ\u00e7\u00e3o de 12 000 metros quadrados, a partir das quais abastecemos n\u00e3o s\u00f3 o mercado espanhol como mercados t\u00e3o exigentes como os de Fran\u00e7a, It\u00e1lia e Portugal.<\/p>\t\t\t<\/div>\n\t\t<\/div>\n\t\t\n\t\t<div class=\"row\">\n\t\t\t\t\t<\/div>\n\n\t<\/div>\t\n\t\n<\/header>\n\n<\/div><a href=\"#\" id=\"filosofa\" class=\"in-page-link\"><\/a><section class=\"aq-block light-wrapper\"><div class=\"container\"><div class=\"row\"><div id=\"aq-block-900-3\" class=\"aq-block aq-block-aq_section_title_block col-sm-12 aq-first aq-last \"><div class=\"text-center\"><h1 class=\"\">Filosofia<\/h1><\/div><\/div><div id=\"aq-block-900-4\" class=\"aq-block aq-block-aq_ebor_text_block col-sm-6 aq-first \"><div class=\"feature\"><div class=\"lead\"><p>A filosofia de trabalho do G. Tecno baseia-se em oferecer aos seus clientes uma combina\u00e7\u00e3o perfeita de qualidade e servi\u00e7o. Dispomos de capacidade log\u00edstica, humana e tecnol\u00f3gica, n\u00e3o s\u00f3<\/p>\n<\/div><\/div><\/div><div id=\"aq-block-900-5\" class=\"aq-block aq-block-aq_ebor_text_block col-sm-6  aq-last \"><div class=\"feature\"><div class=\"lead\"><p>para produzir praticamente qualquer tipo de papel alimentar como para nos adaptarmos aos usos e costumes de cada zona geogr\u00e1fica.<\/p>\n<\/div><\/div><\/div><\/div><\/div><\/section><a href=\"#\" id=\"tecnologa\" class=\"in-page-link\"><\/a><section class=\"aq-block dark-wrapper\"><div class=\"container\"><div class=\"row\"><div id=\"aq-block-900-7\" class=\"aq-block aq-block-aq_section_title_block col-sm-12 aq-first aq-last \"><div class=\"text-center\"><h1 class=\"\">Tecnologia<\/h1><\/div><\/div><div id=\"aq-block-900-8\" class=\"aq-block aq-block-aq_ebor_text_block col-sm-6 aq-first \"><div class=\"feature\"><p>Para a produ\u00e7\u00e3o dos nossos diferentes tipos de papel, dot\u00e1mo-nos dos \u00faltimos avan\u00e7os tecnol\u00f3gicos, que se traduzem em m\u00e1quinas mais potentes, r\u00e1pidas e precisas que melhoram a produtividade e, consequentemente, aumentam a competitividade da empresa.<\/p>\n<p><span lang=\"PT\">Oferecemos a possibilidade de personalizar os pap\u00e9is com a impress\u00e3o <\/span><span lang=\"PT\">dos nossos clientes. Podemos imprimir at\u00e9 tr\u00eas\u00a0tintas (<\/span><span lang=\"PT\">cores<\/span><span lang=\"PT\">)<\/span><span lang=\"PT\">\u00a0e em impress\u00e3o fixa ou cont\u00ednua.<\/span><\/p>\n<\/div><\/div><div id=\"aq-block-900-9\" class=\"aq-block aq-block-aq_ebor_text_block col-sm-6  aq-last \"><div class=\"feature\"><p>Temos todo o tipo de clientes, desde distribuidores de papel, que, posteriormente, o oferecem aos pontos de venda (muitos dos quais compram o papel em bobinas para o imprimirem diretamente nas suas instala\u00e7\u00f5es, enquanto outros preferem que sejamos n\u00f3s a ocuparmo-nos dessa tarefa de personaliza\u00e7\u00e3o), a clientes diretos e \u00e0 grande distribui\u00e7\u00e3o.<\/p>\n<\/div><\/div><\/div><\/div><\/section><a href=\"#\" id=\"foto\" class=\"in-page-link\"><\/a><section class=\"aq-block image-divider overlay\">\n\t\t\t\t\t      <div class=\"background-image-holder parallax-background\">\n\t\t\t\t\t          <img decoding=\"async\" class=\"background-image\" alt=\"Background Image\" src=\"https:\/\/www.gruptecno.com\/wp-content\/uploads\/2018\/08\/Quienes-somos-Tecno-sa.jpg\">\n\t\t\t\t\t      <\/div>\n\t\t\t\t\t      \n\t\t\t\t\t      <div class=\"container\">\n\t\t\t\t\t          <div class=\"row\"><div id=\"aq-block-900-11\" class=\"aq-block aq-block-aq_spacer_block col-sm-12 aq-first aq-last \">\t\t\n\t\t<div style=\"clear: both; width: 100%; height: 200px;\"><\/div>\n\t\n\t<\/div><\/div><\/div><\/section><\/div><\/p>","protected":false},"excerpt":{"rendered":"Quem somosFundada em 1982, a partir da experi\u00eancia anterior dos seus criadores, contamos com uma...","protected":false},"author":1,"featured_media":0,"parent":0,"menu_order":0,"comment_status":"closed","ping_status":"closed","template":"","meta":{"footnotes":""},"yoast_head":"<!-- This site is optimized with the Yoast SEO plugin v14.2 - https:\/\/yoast.com\/wordpress\/plugins\/seo\/ -->\n<meta name=\"robots\" content=\"index, follow\" \/>\n<meta name=\"googlebot\" content=\"index, follow, max-snippet:-1, max-image-preview:large, max-video-preview:-1\" \/>\n<meta name=\"bingbot\" content=\"index, follow, max-snippet:-1, max-image-preview:large, max-video-preview:-1\" \/>\n<link rel=\"canonical\" href=\"https:\/\/www.gruptecno.com\/pt\/about-us\/\" \/>\n<meta property=\"og:locale\" content=\"pt_PT\" \/>\n<meta property=\"og:type\" content=\"article\" \/>\n<meta property=\"og:title\" content=\"Qui\u00e9nes somos - gruptecno.com\" \/>\n<meta property=\"og:url\" content=\"https:\/\/www.gruptecno.com\/pt\/about-us\/\" \/>\n<meta property=\"og:site_name\" content=\"gruptecno.com\" \/>\n<meta property=\"article:modified_time\" content=\"2018-08-31T10:21:32+00:00\" \/>\n<meta name=\"twitter:card\" content=\"summary_large_image\" \/>\n<script type=\"application\/ld+json\" class=\"yoast-schema-graph\">{\"@context\":\"https:\/\/schema.org\",\"@graph\":[{\"@type\":\"WebSite\",\"@id\":\"https:\/\/www.gruptecno.com\/pt\/#website\",\"url\":\"https:\/\/www.gruptecno.com\/pt\/\",\"name\":\"gruptecno.com\",\"description\":\"Produ\\u00e7\\u00e3o de papel para o setor da alimenta\\u00e7\\u00e3o.\",\"potentialAction\":[{\"@type\":\"SearchAction\",\"target\":\"https:\/\/www.gruptecno.com\/pt\/?s={search_term_string}\",\"query-input\":\"required name=search_term_string\"}],\"inLanguage\":\"pt-PT\"},{\"@type\":\"WebPage\",\"@id\":\"https:\/\/www.gruptecno.com\/pt\/about-us\/#webpage\",\"url\":\"https:\/\/www.gruptecno.com\/pt\/about-us\/\",\"name\":\"Qui\\u00e9nes somos - gruptecno.com\",\"isPartOf\":{\"@id\":\"https:\/\/www.gruptecno.com\/pt\/#website\"},\"datePublished\":\"2018-03-01T17:53:45+00:00\",\"dateModified\":\"2018-08-31T10:21:32+00:00\",\"inLanguage\":\"pt-PT\",\"potentialAction\":[{\"@type\":\"ReadAction\",\"target\":[[\"https:\/\/www.gruptecno.com\/pt\/about-us\/\"]]}]}]}<\/script>\n<!-- \/ Yoast SEO plugin. -->","_links":{"self":[{"href":"https:\/\/www.gruptecno.com\/pt\/wp-json\/wp\/v2\/pages\/82"}],"collection":[{"href":"https:\/\/www.gruptecno.com\/pt\/wp-json\/wp\/v2\/pages"}],"about":[{"href":"https:\/\/www.gruptecno.com\/pt\/wp-json\/wp\/v2\/types\/page"}],"author":[{"embeddable":true,"href":"https:\/\/www.gruptecno.com\/pt\/wp-json\/wp\/v2\/users\/1"}],"replies":[{"embeddable":true,"href":"https:\/\/www.gruptecno.com\/pt\/wp-json\/wp\/v2\/comments?post=82"}],"version-history":[{"count":9,"href":"https:\/\/www.gruptecno.com\/pt\/wp-json\/wp\/v2\/pages\/82\/revisions"}],"predecessor-version":[{"id":916,"href":"https:\/\/www.gruptecno.com\/pt\/wp-json\/wp\/v2\/pages\/82\/revisions\/916"}],"wp:attachment":[{"href":"https:\/\/www.gruptecno.com\/pt\/wp-json\/wp\/v2\/media?parent=82"}],"curies":[{"name":"wp","href":"https:\/\/api.w.org\/{rel}","templated":true}]}}