{"id":86,"date":"2018-03-01T18:54:28","date_gmt":"2018-03-01T17:54:28","guid":{"rendered":"http:\/\/www.gruptecno.com\/es\/?page_id=86"},"modified":"2018-08-31T11:43:35","modified_gmt":"2018-08-31T10:43:35","slug":"servicios","status":"publish","type":"page","link":"https:\/\/www.gruptecno.com\/pt\/servicios\/","title":{"rendered":"Servicios"},"content":{"rendered":"<p><div class=\"row\"><a href=\"#\" id=\"servicios\" class=\"in-page-link\"><\/a><section class=\"aq-block dark-wrapper\"><div class=\"container\"><div class=\"row\"><div id=\"aq-block-904-2\" class=\"aq-block aq-block-aq_section_title_block col-sm-12 aq-first aq-last \"><div class=\"text-center\"><h1 class=\"\">Servi\u00e7os<\/h1><\/div><\/div><div id=\"aq-block-904-3\" class=\"aq-block aq-block-aq_ebor_text_block col-sm-4 aq-first \"><div class=\"feature\"><h5>Tipo de papel<\/h5><p>Fabricamos uma grande variedade de tipos de papel para o setor da alimenta\u00e7\u00e3o e da ind\u00fastria, desde pap\u00e9is plastificados, parafinados, colados, de dupla utiliza\u00e7\u00e3o ou laminados. Atualmente, devido \u00e0 grande procura de produtos amigos do ambiente, produzimos os nossos pap\u00e9is parafinados com parafina vegetal, de uma ou de duas faces.<\/p>\n<\/div><\/div><div id=\"aq-block-904-4\" class=\"aq-block aq-block-aq_ebor_text_block col-sm-4  \"><div class=\"feature\"><h5>Formatos, bobinas, gramagens<\/h5><p>Podemos fabricar em formatos e em bobinas qualquer tipo de papel de 35 at\u00e9 200 gramas por metro quadrado e em diferentes larguras. A nossa flexibilidade, aliada ao rigoroso controlo de qualidade e \u00e0s garantias sanit\u00e1rias, \u00e9 um dos aspetos que nos converteu numa refer\u00eancia dentro do setor do papel para a alimenta\u00e7\u00e3o.<\/p>\n<\/div><\/div><div id=\"aq-block-904-5\" class=\"aq-block aq-block-aq_ebor_text_block col-sm-4  aq-last \"><div class=\"feature\"><h5>Impress\u00e3o<\/h5><p>Oferecemos a possibilidade de personalizar os pap\u00e9is com a impress\u00e3o dos nossos clientes. Podemos imprimir at\u00e9 tr\u00eas tintas e em impress\u00e3o fixa ou cont\u00ednua.<\/p>\n<\/div><\/div><\/div><\/div><\/section><a href=\"#\" id=\"productos\" class=\"in-page-link\"><\/a><section class=\"aq-block light-wrapper\"><div class=\"container\"><div class=\"row\"><div id=\"aq-block-904-7\" class=\"aq-block aq-block-aq_section_title_block col-sm-12 aq-first aq-last \"><div class=\"text-center\"><h1 class=\"\">Alguns dos nossos produtos<\/h1><\/div><div class=\"lead text-center \"><p>Se n\u00e3o encontra o produto que procura, contacte-nos. Estamos certos de que o conseguiremos encontrar. A maioria dos artigos podem ser personalizados com as vossas impress\u00f5es.<\/p>\n<\/div><\/div><div id=\"aq-block-904-8\" class=\"aq-block aq-block-aq_portfolio_block col-sm-12 aq-first aq-last \">\t\n\t\t<section class=\"no-pad-bottom projects-gallery\">\n\t\t\t<div class=\"projects-wrapper clearfix\">\n\t\t\t\n\t\t\t\t\t\t\n\t\t\t\t\t\t\t\t\n\t\t\t\t\t<div class=\"projects-container\">\n\t\t\t\t\t\n\t\t\t\t\t\t<div id=\"portfolio-619\" class=\"col-md-3 col-sm-6 no-pad project image-holder branding-slug\">\n\n\t<div class=\"background-image-holder\">\n\t\t<img loading=\"lazy\" decoding=\"async\" width=\"1920\" height=\"1049\" src=\"https:\/\/www.gruptecno.com\/wp-content\/uploads\/2018\/08\/Plastificado-industrial-1.jpg\" class=\"background-image wp-post-image\" alt=\"\" srcset=\"https:\/\/www.gruptecno.com\/wp-content\/uploads\/2018\/08\/Plastificado-industrial-1.jpg 1920w, https:\/\/www.gruptecno.com\/wp-content\/uploads\/2018\/08\/Plastificado-industrial-1-300x164.jpg 300w, https:\/\/www.gruptecno.com\/wp-content\/uploads\/2018\/08\/Plastificado-industrial-1-768x420.jpg 768w, https:\/\/www.gruptecno.com\/wp-content\/uploads\/2018\/08\/Plastificado-industrial-1-1024x559.jpg 1024w\" sizes=\"(max-width: 1920px) 100vw, 1920px\" \/>\t<\/div>\n\t\n\t<div class=\"hover-state\">\n\t\t<div class=\"align-vertical text-center\">\n\t\t\t<h1 class=\"text-white\"><strong>Plastificado Industrial<\/strong><\/h1>\t\t\t<p class=\"text-white ebor-limit-width\">O papel plastificado \u00e9 a principal especialidade do Grupo Tecno. Al\u00e9m da alimenta\u00e7\u00e3o, aplicamos os...<\/p>\n\t\t\t<a href=\"https:\/\/www.gruptecno.com\/pt\/portfolio\/plastificat-industrial\/\" class=\"btn btn-primary btn-white\">\n\t\t\t\tVer produto\t\t\t<\/a>\n\t\t<\/div>\n\t<\/div>\n\t\n<\/div><div id=\"portfolio-618\" class=\"col-md-3 col-sm-6 no-pad project image-holder branding-slug\">\n\n\t<div class=\"background-image-holder\">\n\t\t<img loading=\"lazy\" decoding=\"async\" width=\"1920\" height=\"1280\" src=\"https:\/\/www.gruptecno.com\/wp-content\/uploads\/2018\/08\/Plastificado-alimentario-1.jpg\" class=\"background-image wp-post-image\" alt=\"\" srcset=\"https:\/\/www.gruptecno.com\/wp-content\/uploads\/2018\/08\/Plastificado-alimentario-1.jpg 1920w, https:\/\/www.gruptecno.com\/wp-content\/uploads\/2018\/08\/Plastificado-alimentario-1-300x200.jpg 300w, https:\/\/www.gruptecno.com\/wp-content\/uploads\/2018\/08\/Plastificado-alimentario-1-768x512.jpg 768w, https:\/\/www.gruptecno.com\/wp-content\/uploads\/2018\/08\/Plastificado-alimentario-1-1024x683.jpg 1024w, https:\/\/www.gruptecno.com\/wp-content\/uploads\/2018\/08\/Plastificado-alimentario-1-600x400.jpg 600w\" sizes=\"(max-width: 1920px) 100vw, 1920px\" \/>\t<\/div>\n\t\n\t<div class=\"hover-state\">\n\t\t<div class=\"align-vertical text-center\">\n\t\t\t<h1 class=\"text-white\"><strong>Plastificado alimentar<\/strong><\/h1>\t\t\t<p class=\"text-white ebor-limit-width\">O papel plastificado no setor da alimenta\u00e7\u00e3o \u00e9 a principal especialidade do Grupo Tecno. Leva...<\/p>\n\t\t\t<a href=\"https:\/\/www.gruptecno.com\/pt\/portfolio\/plastificat-alimentari\/\" class=\"btn btn-primary btn-white\">\n\t\t\t\tVer produto\t\t\t<\/a>\n\t\t<\/div>\n\t<\/div>\n\t\n<\/div><div id=\"portfolio-354\" class=\"col-md-3 col-sm-6 no-pad project image-holder branding-slug\">\n\n\t<div class=\"background-image-holder\">\n\t\t<img loading=\"lazy\" decoding=\"async\" width=\"1920\" height=\"1280\" src=\"https:\/\/www.gruptecno.com\/wp-content\/uploads\/2018\/08\/Parafina-vegetal-1.jpg\" class=\"background-image wp-post-image\" alt=\"\" srcset=\"https:\/\/www.gruptecno.com\/wp-content\/uploads\/2018\/08\/Parafina-vegetal-1.jpg 1920w, https:\/\/www.gruptecno.com\/wp-content\/uploads\/2018\/08\/Parafina-vegetal-1-300x200.jpg 300w, https:\/\/www.gruptecno.com\/wp-content\/uploads\/2018\/08\/Parafina-vegetal-1-768x512.jpg 768w, https:\/\/www.gruptecno.com\/wp-content\/uploads\/2018\/08\/Parafina-vegetal-1-1024x683.jpg 1024w, https:\/\/www.gruptecno.com\/wp-content\/uploads\/2018\/08\/Parafina-vegetal-1-600x400.jpg 600w\" sizes=\"(max-width: 1920px) 100vw, 1920px\" \/>\t<\/div>\n\t\n\t<div class=\"hover-state\">\n\t\t<div class=\"align-vertical text-center\">\n\t\t\t<h1 class=\"text-white\"><strong>Parafina vegetal<\/strong><\/h1>\t\t\t<p class=\"text-white ebor-limit-width\">Este tipo de papel, elaborado com cera vegetal, leva um tratamento de parafina indicada para...<\/p>\n\t\t\t<a href=\"https:\/\/www.gruptecno.com\/pt\/portfolio\/parafina-vegetal\/\" class=\"btn btn-primary btn-white\">\n\t\t\t\tVer produto\t\t\t<\/a>\n\t\t<\/div>\n\t<\/div>\n\t\n<\/div><div id=\"portfolio-127\" class=\"col-md-3 col-sm-6 no-pad project image-holder branding-slug\">\n\n\t<div class=\"background-image-holder\">\n\t\t<img loading=\"lazy\" decoding=\"async\" width=\"1920\" height=\"1280\" src=\"https:\/\/www.gruptecno.com\/wp-content\/uploads\/2018\/08\/Laminado.jpg\" class=\"background-image wp-post-image\" alt=\"\" srcset=\"https:\/\/www.gruptecno.com\/wp-content\/uploads\/2018\/08\/Laminado.jpg 1920w, https:\/\/www.gruptecno.com\/wp-content\/uploads\/2018\/08\/Laminado-300x200.jpg 300w, https:\/\/www.gruptecno.com\/wp-content\/uploads\/2018\/08\/Laminado-768x512.jpg 768w, https:\/\/www.gruptecno.com\/wp-content\/uploads\/2018\/08\/Laminado-1024x683.jpg 1024w, https:\/\/www.gruptecno.com\/wp-content\/uploads\/2018\/08\/Laminado-600x400.jpg 600w\" sizes=\"(max-width: 1920px) 100vw, 1920px\" \/>\t<\/div>\n\t\n\t<div class=\"hover-state\">\n\t\t<div class=\"align-vertical text-center\">\n\t\t\t<h1 class=\"text-white\"><strong>Laminado<\/strong><\/h1>\t\t\t<p class=\"text-white ebor-limit-width\">O papel laminado leva uma pel\u00edcula colada, que pode ser separada do papel, facilitando-se, deste...<\/p>\n\t\t\t<a href=\"https:\/\/www.gruptecno.com\/pt\/portfolio\/laminat\/\" class=\"btn btn-primary btn-white\">\n\t\t\t\tVer produto\t\t\t<\/a>\n\t\t<\/div>\n\t<\/div>\n\t\n<\/div>\t\t\t\t\t\n\t\t\t\t\t<\/div><!--end of projects-container-->\n\t\t\t\n\t\t\t\t\t\n\t\t\t<\/div><!--end of projects wrapper-->\n\t\t<\/section>\n\t\n\t<\/div><\/div><\/div><\/section><\/div><\/p>","protected":false},"excerpt":{"rendered":"O papel laminado leva uma pel\u00edcula colada, que pode ser separada do papel, facilitando-se, deste...","protected":false},"author":1,"featured_media":0,"parent":0,"menu_order":0,"comment_status":"closed","ping_status":"closed","template":"","meta":{"footnotes":""},"yoast_head":"<!-- This site is optimized with the Yoast SEO plugin v14.2 - https:\/\/yoast.com\/wordpress\/plugins\/seo\/ -->\n<meta name=\"robots\" content=\"index, follow\" \/>\n<meta name=\"googlebot\" content=\"index, follow, max-snippet:-1, max-image-preview:large, max-video-preview:-1\" \/>\n<meta name=\"bingbot\" content=\"index, follow, max-snippet:-1, max-image-preview:large, max-video-preview:-1\" \/>\n<link rel=\"canonical\" href=\"https:\/\/www.gruptecno.com\/pt\/services\/\" \/>\n<meta property=\"og:locale\" content=\"pt_PT\" \/>\n<meta property=\"og:type\" content=\"article\" \/>\n<meta property=\"og:title\" content=\"Servicios - gruptecno.com\" \/>\n<meta property=\"og:url\" content=\"https:\/\/www.gruptecno.com\/pt\/services\/\" \/>\n<meta property=\"og:site_name\" content=\"gruptecno.com\" \/>\n<meta property=\"article:modified_time\" content=\"2018-08-31T10:43:35+00:00\" \/>\n<meta name=\"twitter:card\" content=\"summary_large_image\" \/>\n<script type=\"application\/ld+json\" class=\"yoast-schema-graph\">{\"@context\":\"https:\/\/schema.org\",\"@graph\":[{\"@type\":\"WebSite\",\"@id\":\"https:\/\/www.gruptecno.com\/pt\/#website\",\"url\":\"https:\/\/www.gruptecno.com\/pt\/\",\"name\":\"gruptecno.com\",\"description\":\"Produ\\u00e7\\u00e3o de papel para o setor da alimenta\\u00e7\\u00e3o.\",\"potentialAction\":[{\"@type\":\"SearchAction\",\"target\":\"https:\/\/www.gruptecno.com\/pt\/?s={search_term_string}\",\"query-input\":\"required name=search_term_string\"}],\"inLanguage\":\"pt-PT\"},{\"@type\":\"WebPage\",\"@id\":\"https:\/\/www.gruptecno.com\/pt\/services\/#webpage\",\"url\":\"https:\/\/www.gruptecno.com\/pt\/services\/\",\"name\":\"Servicios - gruptecno.com\",\"isPartOf\":{\"@id\":\"https:\/\/www.gruptecno.com\/pt\/#website\"},\"datePublished\":\"2018-03-01T17:54:28+00:00\",\"dateModified\":\"2018-08-31T10:43:35+00:00\",\"inLanguage\":\"pt-PT\",\"potentialAction\":[{\"@type\":\"ReadAction\",\"target\":[[\"https:\/\/www.gruptecno.com\/pt\/services\/\"]]}]}]}<\/script>\n<!-- \/ Yoast SEO plugin. -->","_links":{"self":[{"href":"https:\/\/www.gruptecno.com\/pt\/wp-json\/wp\/v2\/pages\/86"}],"collection":[{"href":"https:\/\/www.gruptecno.com\/pt\/wp-json\/wp\/v2\/pages"}],"about":[{"href":"https:\/\/www.gruptecno.com\/pt\/wp-json\/wp\/v2\/types\/page"}],"author":[{"embeddable":true,"href":"https:\/\/www.gruptecno.com\/pt\/wp-json\/wp\/v2\/users\/1"}],"replies":[{"embeddable":true,"href":"https:\/\/www.gruptecno.com\/pt\/wp-json\/wp\/v2\/comments?post=86"}],"version-history":[{"count":10,"href":"https:\/\/www.gruptecno.com\/pt\/wp-json\/wp\/v2\/pages\/86\/revisions"}],"predecessor-version":[{"id":920,"href":"https:\/\/www.gruptecno.com\/pt\/wp-json\/wp\/v2\/pages\/86\/revisions\/920"}],"wp:attachment":[{"href":"https:\/\/www.gruptecno.com\/pt\/wp-json\/wp\/v2\/media?parent=86"}],"curies":[{"name":"wp","href":"https:\/\/api.w.org\/{rel}","templated":true}]}}