{"id":88,"date":"2018-03-01T18:54:40","date_gmt":"2018-03-01T17:54:40","guid":{"rendered":"http:\/\/www.gruptecno.com\/es\/?page_id=88"},"modified":"2018-08-31T11:47:23","modified_gmt":"2018-08-31T10:47:23","slug":"contacto","status":"publish","type":"page","link":"https:\/\/www.gruptecno.com\/pt\/contacto\/","title":{"rendered":"Contacto"},"content":{"rendered":"<p><div class=\"row\"><div id=\"aq-block-906-1\" class=\"aq-block aq-block-aq_map_block col-sm-12 aq-first aq-last \">\t\t\n\t\t<div id=\"map\" class=\"7385\" style=\"height: 400px;\"><\/div>\n\t\t\n\t<script type='text\/javascript'>\n\t\t\t\tjQuery(document).ready(function($){\n\t\t\t\t'use strict';\n\t\t\t\t\n\t\t\t\t\tjQuery('#map.7385').goMap({ address: 'CTRA. STA. CREU DE CALAFELL, 108 - SANT BOI DE LLOBREGAT',\n\t\t\t\t\t  zoom: 14,\n\t\t\t\t\t  mapTypeControl: true,\n\t\t\t\t      draggable: false,\n\t\t\t\t      scrollwheel: false,\n\t\t\t\t      streetViewControl: true,\n\t\t\t\t      maptype: 'ROADMAP',\n\t\t\t    \t  markers: [\n\t\t\t    \t\t{ 'address' : 'CTRA. STA. CREU DE CALAFELL, 108 - SANT BOI DE LLOBREGAT' }\n\t\t\t    \t  ],\n\t\t\t\t\t  icon: '', \n\t\t\t\t\t  addMarker: false,\n\t\t\t\t\t});\n\t\t\t\t\n\t\t\t\t});\n\t\t\t<\/script><\/div><a href=\"#\" id=\"details\" class=\"in-page-link\"><\/a><section class=\"aq-block light-wrapper\"><div class=\"container\"><div class=\"row\"><div id=\"aq-block-906-3\" class=\"aq-block aq-block-aq_section_title_block col-sm-12 aq-first aq-last \"><div class=\"text-center\"><h1 class=\"\">Contacto<\/h1><\/div><\/div><div id=\"aq-block-906-4\" class=\"aq-block aq-block-aq_spacer_block col-sm-12 aq-first aq-last \">\t\t\n\t\t<div style=\"clear: both; width: 100%; height: 20px;\"><\/div>\n\t\n\t<\/div><div id=\"aq-block-906-5\" class=\"aq-block aq-block-aq_ebor_text_block col-sm-4 aq-first \"><div class=\"feature feature-icon-large\"><div class=\"pull-left\"><i class=\"icon icon_info_alt\"><\/i><\/div><div class=\"pull-right\"><h5>Estamos ao seu dispor<\/h5><p>Se desejar receber mais informa\u00e7\u00f5es, n\u00e3o hesite em contactar-nos para que possamos atend\u00ea-lo rapidamente. Al\u00e9m disso, disponibilizamos-lhe diferentes vias para que opte pela mais conveniente.<\/p>\n<p>Pode enviar-nos um e-mail, telefonar ou preencher o question\u00e1rio \u00e0 sua direita, e, se quiser deixar-nos o seu n\u00famero de telefone, seremos n\u00f3s a ligar-lhe. \u00c9 muito f\u00e1cil!<\/p>\n<\/div><\/div><\/div><div id=\"aq-block-906-6\" class=\"aq-block aq-block-aq_ebor_text_block col-sm-4  \"><div class=\"feature feature-icon-large\"><div class=\"pull-left\"><i class=\"icon icon_pin_alt\"><\/i><\/div><div class=\"pull-right\"><h5>Detalhes<\/h5><p>93 630 77 33<br \/>609362572<br \/><a href=\"mailto:info@gruptecno.com\" target=\"_blank\" rel=\"nofollow noreferrer noopener\">info@gruptecno.com<\/a><\/p>\n<p>Ctra. Sta. Creu de Calafell, 108<br \/>08830 Sant Boi de Llobregat<\/p>\n<p>41\u00b019'27.6\"N 2\u00b001'49.9\"E<br \/>41.324325, 2.030533<\/p>\n<\/div><\/div><\/div><div id=\"aq-block-906-7\" class=\"aq-block aq-block-aq_contact_form_block col-sm-4  aq-last \"><h5>Deixe sua mensagem<\/h5>\t\t\n\t\t<div class=\"form-wrapper clearfix\">\n\t\t\t<div class=\"form-contact email-form text-center\">\t\n\t\t\t\t\n<div class=\"wpcf7 no-js\" id=\"wpcf7-f907-o5\" lang=\"es-ES\" dir=\"ltr\">\n<div class=\"screen-reader-response\"><p role=\"status\" aria-live=\"polite\" aria-atomic=\"true\"><\/p> <ul><\/ul><\/div>\n<form action=\"\/pt\/wp-json\/wp\/v2\/pages\/88#wpcf7-f907-o5\" method=\"post\" class=\"wpcf7-form init wpcf7-acceptance-as-validation\" aria-label=\"Formulario de contacto\" novalidate=\"novalidate\" data-status=\"init\">\n<div style=\"display: none;\">\n<input type=\"hidden\" name=\"_wpcf7\" value=\"907\" \/>\n<input type=\"hidden\" name=\"_wpcf7_version\" value=\"5.8.7\" \/>\n<input type=\"hidden\" name=\"_wpcf7_locale\" value=\"es_ES\" \/>\n<input type=\"hidden\" name=\"_wpcf7_unit_tag\" value=\"wpcf7-f907-o5\" \/>\n<input type=\"hidden\" name=\"_wpcf7_container_post\" value=\"0\" \/>\n<input type=\"hidden\" name=\"_wpcf7_posted_data_hash\" value=\"\" \/>\n<\/div>\n<div class=\"inputs-wrapper\">\n\t<p><span class=\"wpcf7-form-control-wrap\" data-name=\"your-name\"><input size=\"40\" class=\"wpcf7-form-control wpcf7-text wpcf7-validates-as-required\" aria-required=\"true\" aria-invalid=\"false\" placeholder=\"Empresa*\" value=\"\" type=\"text\" name=\"your-name\" \/><\/span><br \/>\n<span class=\"wpcf7-form-control-wrap\" data-name=\"your-email\"><input size=\"40\" class=\"wpcf7-form-control wpcf7-email wpcf7-validates-as-required wpcf7-text wpcf7-validates-as-email\" aria-required=\"true\" aria-invalid=\"false\" placeholder=\"E-mail*\" value=\"\" type=\"email\" name=\"your-email\" \/><\/span><br \/>\n<span class=\"wpcf7-form-control-wrap\" data-name=\"your-subject\"><input size=\"40\" class=\"wpcf7-form-control wpcf7-text\" aria-invalid=\"false\" placeholder=\"Contacto\" value=\"\" type=\"text\" name=\"your-subject\" \/><\/span><br \/>\n<span class=\"wpcf7-form-control-wrap\" data-name=\"your-message\"><textarea cols=\"40\" rows=\"10\" class=\"wpcf7-form-control wpcf7-textarea\" aria-invalid=\"false\" placeholder=\"Mensagem\" name=\"your-message\"><\/textarea><\/span><br \/>\n<span class=\"wpcf7-form-control-wrap\" data-name=\"your-consent\"><span class=\"wpcf7-form-control wpcf7-acceptance\"><span class=\"wpcf7-list-item\"><input type=\"checkbox\" name=\"your-consent\" value=\"1\" aria-invalid=\"false\" \/><\/span><\/span><\/span><label>Autorizo \u200b\u200bo tratamento dos meus dados. A GRUPTECNO tratar\u00e1 os seus dados para responder \u00e0s suas d\u00favidas, d\u00favidas ou reclama\u00e7\u00f5es. Poder\u00e1 exercer os seus direitos de acesso, retifica\u00e7\u00e3o, elimina\u00e7\u00e3o, portabilidade, limita\u00e7\u00e3o e oposi\u00e7\u00e3o, conforme informamos na nossa <a href=\"https:\/\/www.gruptecno.com\/pt\/politica-de-privacidad\/\" target=\u201d_blank\u201d>Pol\u00edtica de Privacidade e Aviso Legal.<\/a> <\/label>\n\t<\/p>\n<\/div>\n<p><input class=\"wpcf7-form-control wpcf7-submit has-spinner\" type=\"submit\" value=\"Enviar\" \/>\n<\/p><div class=\"wpcf7-response-output\" aria-hidden=\"true\"><\/div>\n<\/form>\n<\/div>\n\t\t\t<\/div>\n\t\t<\/div>\n\t\n\t<\/div><\/div><\/div><\/section><\/div><\/p>","protected":false},"excerpt":{"rendered":"jQuery(document).ready(function($){ 'use strict'; jQuery('#map.8628').goMap({ address: 'CTRA. STA. CREU DE CALAFELL, 108 - SANT BOI DE...","protected":false},"author":1,"featured_media":0,"parent":0,"menu_order":0,"comment_status":"closed","ping_status":"closed","template":"","meta":{"footnotes":""},"yoast_head":"<!-- This site is optimized with the Yoast SEO plugin v14.2 - https:\/\/yoast.com\/wordpress\/plugins\/seo\/ -->\n<meta name=\"robots\" content=\"index, follow\" \/>\n<meta name=\"googlebot\" content=\"index, follow, max-snippet:-1, max-image-preview:large, max-video-preview:-1\" \/>\n<meta name=\"bingbot\" content=\"index, follow, max-snippet:-1, max-image-preview:large, max-video-preview:-1\" \/>\n<link rel=\"canonical\" href=\"https:\/\/www.gruptecno.com\/pt\/contatti\/\" \/>\n<meta property=\"og:locale\" content=\"pt_PT\" \/>\n<meta property=\"og:type\" content=\"article\" \/>\n<meta property=\"og:title\" content=\"Contacto - gruptecno.com\" \/>\n<meta property=\"og:url\" content=\"https:\/\/www.gruptecno.com\/pt\/contatti\/\" \/>\n<meta property=\"og:site_name\" content=\"gruptecno.com\" \/>\n<meta property=\"article:modified_time\" content=\"2018-08-31T10:47:23+00:00\" \/>\n<meta name=\"twitter:card\" content=\"summary_large_image\" \/>\n<script type=\"application\/ld+json\" class=\"yoast-schema-graph\">{\"@context\":\"https:\/\/schema.org\",\"@graph\":[{\"@type\":\"WebSite\",\"@id\":\"https:\/\/www.gruptecno.com\/pt\/#website\",\"url\":\"https:\/\/www.gruptecno.com\/pt\/\",\"name\":\"gruptecno.com\",\"description\":\"Produ\\u00e7\\u00e3o de papel para o setor da alimenta\\u00e7\\u00e3o.\",\"potentialAction\":[{\"@type\":\"SearchAction\",\"target\":\"https:\/\/www.gruptecno.com\/pt\/?s={search_term_string}\",\"query-input\":\"required name=search_term_string\"}],\"inLanguage\":\"pt-PT\"},{\"@type\":\"WebPage\",\"@id\":\"https:\/\/www.gruptecno.com\/pt\/contatti\/#webpage\",\"url\":\"https:\/\/www.gruptecno.com\/pt\/contatti\/\",\"name\":\"Contacto - gruptecno.com\",\"isPartOf\":{\"@id\":\"https:\/\/www.gruptecno.com\/pt\/#website\"},\"datePublished\":\"2018-03-01T17:54:40+00:00\",\"dateModified\":\"2018-08-31T10:47:23+00:00\",\"inLanguage\":\"pt-PT\",\"potentialAction\":[{\"@type\":\"ReadAction\",\"target\":[[\"https:\/\/www.gruptecno.com\/pt\/contatti\/\"]]}]}]}<\/script>\n<!-- \/ Yoast SEO plugin. -->","_links":{"self":[{"href":"https:\/\/www.gruptecno.com\/pt\/wp-json\/wp\/v2\/pages\/88"}],"collection":[{"href":"https:\/\/www.gruptecno.com\/pt\/wp-json\/wp\/v2\/pages"}],"about":[{"href":"https:\/\/www.gruptecno.com\/pt\/wp-json\/wp\/v2\/types\/page"}],"author":[{"embeddable":true,"href":"https:\/\/www.gruptecno.com\/pt\/wp-json\/wp\/v2\/users\/1"}],"replies":[{"embeddable":true,"href":"https:\/\/www.gruptecno.com\/pt\/wp-json\/wp\/v2\/comments?post=88"}],"version-history":[{"count":11,"href":"https:\/\/www.gruptecno.com\/pt\/wp-json\/wp\/v2\/pages\/88\/revisions"}],"predecessor-version":[{"id":922,"href":"https:\/\/www.gruptecno.com\/pt\/wp-json\/wp\/v2\/pages\/88\/revisions\/922"}],"wp:attachment":[{"href":"https:\/\/www.gruptecno.com\/pt\/wp-json\/wp\/v2\/media?parent=88"}],"curies":[{"name":"wp","href":"https:\/\/api.w.org\/{rel}","templated":true}]}}